{"id":14673,"date":"2021-02-26T12:47:11","date_gmt":"2021-02-26T10:47:11","guid":{"rendered":"https:\/\/galicianparts.com\/shop\/producto\/51712fd300-discos-freno-kia-rio-2000-nuevo-original\/"},"modified":"2025-03-06T16:13:55","modified_gmt":"2025-03-06T14:13:55","slug":"51712fd300-discos-freno-kia-rio-2000-nuevo-original","status":"publish","type":"product","link":"https:\/\/galicianparts.com\/shop\/producto\/51712fd300-discos-freno-kia-rio-2000-nuevo-original\/","title":{"rendered":"51712FD300 Discos freno Kia Rio (2000-&#8230;) NUEVO ORIGINAL"},"content":{"rendered":"<p>Disco de freno ventilado de 254mm de:<br \/>\nKIA Rio II Berlina (JB) (A\u00f1o 03.2005 &#8211; &#8230;, 112 , Gasolina)<br \/>\nKIA Rio I Familiar (DC) (A\u00f1o 08.2000 &#8211; 02.2005, 75 &#8211; 98 , Gasolina)<br \/>\nKIA Rio I Berlina (DC) (A\u00f1o 09.2000 &#8211; 02.2005, 75 &#8211; 98 , Gasolina)<\/p>\n<p>PIEZA ES NUEVA Y ORIGINAL.<\/p>\n","protected":false},"excerpt":{"rendered":"<p>Disco de freno ventilado de 254mm de: KIA Rio II Berlina (JB) (A\u00f1o 03.2005 &#8211; &#8230;, 112 , Gasolina) KIA Rio I Familiar (DC) (A\u00f1o 08.2000 &#8211; 02.2005, 75 &#8211; 98 , Gasolina) KIA Rio I Berlina (DC) (A\u00f1o 09.2000 &#8211; 02.2005, 75 &#8211; 98 , Gasolina) PIEZA ES NUEVA Y ORIGINAL.<\/p>\n","protected":false},"featured_media":66671,"template":"","meta":{"_seopress_robots_primary_cat":"","_seopress_titles_title":"","_seopress_titles_desc":"","_seopress_robots_index":""},"product_cat":[22,253],"product_tag":[],"class_list":{"0":"post-14673","1":"product","2":"type-product","3":"status-publish","4":"has-post-thumbnail","6":"product_cat-recambios-kia","7":"product_cat-recambios-kia-rio","9":"first","10":"outofstock","11":"taxable","12":"shipping-taxable","13":"purchasable","14":"product-type-simple"},"_links":{"self":[{"href":"https:\/\/galicianparts.com\/shop\/wp-json\/wp\/v2\/product\/14673"}],"collection":[{"href":"https:\/\/galicianparts.com\/shop\/wp-json\/wp\/v2\/product"}],"about":[{"href":"https:\/\/galicianparts.com\/shop\/wp-json\/wp\/v2\/types\/product"}],"wp:featuredmedia":[{"embeddable":true,"href":"https:\/\/galicianparts.com\/shop\/wp-json\/wp\/v2\/media\/66671"}],"wp:attachment":[{"href":"https:\/\/galicianparts.com\/shop\/wp-json\/wp\/v2\/media?parent=14673"}],"wp:term":[{"taxonomy":"product_cat","embeddable":true,"href":"https:\/\/galicianparts.com\/shop\/wp-json\/wp\/v2\/product_cat?post=14673"},{"taxonomy":"product_tag","embeddable":true,"href":"https:\/\/galicianparts.com\/shop\/wp-json\/wp\/v2\/product_tag?post=14673"}],"curies":[{"name":"wp","href":"https:\/\/api.w.org\/{rel}","templated":true}]}}