{"id":14678,"date":"2021-02-26T13:02:31","date_gmt":"2021-02-26T11:02:31","guid":{"rendered":"https:\/\/galicianparts.com\/shop\/producto\/0k2n133251-disco-freno-kia-cerato-shuma-nuevo-original\/"},"modified":"2026-03-07T21:26:09","modified_gmt":"2026-03-07T19:26:09","slug":"0k2n133251-disco-freno-kia-cerato-shuma-nuevo-original","status":"publish","type":"product","link":"https:\/\/galicianparts.com\/shop\/producto\/0k2n133251-disco-freno-kia-cerato-shuma-nuevo-original\/","title":{"rendered":"0K2N133251 Disco freno Kia Cerato \/ Shuma NUEVO ORIGINAL"},"content":{"rendered":"<p>Disco de freno ventilado de 258mm de:<br \/>\nKIA Cerato Berlina (LD) (A\u00f1o 04.2004 &#8211; 12.2009, 102 , Gasolina)<br \/>\nKIA Shuma I Hatchback (FB) (A\u00f1o 01.2001 &#8211; 12.2001, 101 , Gasolina)<br \/>\nKIA Shuma II Hatchback (FB) (A\u00f1o 05.2001 &#8211; 08.2004, 101 &#8211; 114 , Gasolina)<br \/>\nKIA Shuma II Berlina (FB) (A\u00f1o 05.2001 &#8211; 05.2004, 101 , Gasolina)<\/p>\n<p> LA PIEZA ES NUEVA Y ORIGINAL.<\/p>\n","protected":false},"excerpt":{"rendered":"<p>Disco de freno ventilado de 258mm de: KIA Cerato Berlina (LD) (A\u00f1o 04.2004 &#8211; 12.2009, 102 , Gasolina) KIA Shuma I Hatchback (FB) (A\u00f1o 01.2001 &#8211; 12.2001, 101 , Gasolina) KIA Shuma II Hatchback (FB) (A\u00f1o 05.2001 &#8211; 08.2004, 101 &#8211; 114 , Gasolina) KIA Shuma II Berlina (FB) (A\u00f1o 05.2001 &#8211; 05.2004, 101 , [&hellip;]<\/p>\n","protected":false},"featured_media":29579,"template":"","meta":{"_seopress_robots_primary_cat":"","_seopress_titles_title":"","_seopress_titles_desc":"","_seopress_robots_index":""},"product_cat":[22],"product_tag":[],"class_list":{"0":"post-14678","1":"product","2":"type-product","3":"status-publish","4":"has-post-thumbnail","6":"product_cat-recambios-kia","8":"first","9":"outofstock","10":"taxable","11":"shipping-taxable","12":"purchasable","13":"product-type-simple"},"_links":{"self":[{"href":"https:\/\/galicianparts.com\/shop\/wp-json\/wp\/v2\/product\/14678"}],"collection":[{"href":"https:\/\/galicianparts.com\/shop\/wp-json\/wp\/v2\/product"}],"about":[{"href":"https:\/\/galicianparts.com\/shop\/wp-json\/wp\/v2\/types\/product"}],"wp:featuredmedia":[{"embeddable":true,"href":"https:\/\/galicianparts.com\/shop\/wp-json\/wp\/v2\/media\/29579"}],"wp:attachment":[{"href":"https:\/\/galicianparts.com\/shop\/wp-json\/wp\/v2\/media?parent=14678"}],"wp:term":[{"taxonomy":"product_cat","embeddable":true,"href":"https:\/\/galicianparts.com\/shop\/wp-json\/wp\/v2\/product_cat?post=14678"},{"taxonomy":"product_tag","embeddable":true,"href":"https:\/\/galicianparts.com\/shop\/wp-json\/wp\/v2\/product_tag?post=14678"}],"curies":[{"name":"wp","href":"https:\/\/api.w.org\/{rel}","templated":true}]}}