{"id":14683,"date":"2021-02-26T13:16:36","date_gmt":"2021-02-26T11:16:36","guid":{"rendered":"https:\/\/galicianparts.com\/shop\/producto\/0k72f33251c-disco-de-freno-kia-pregio-1955-2004-nuevo-original\/"},"modified":"2023-01-19T09:55:27","modified_gmt":"2023-01-19T07:55:27","slug":"0k72f33251c-disco-de-freno-kia-pregio-1955-2004-nuevo-original","status":"publish","type":"product","link":"https:\/\/galicianparts.com\/shop\/producto\/0k72f33251c-disco-de-freno-kia-pregio-1955-2004-nuevo-original\/","title":{"rendered":"0K72F33251C Disco de freno Kia Pregio (1955-2004) NUEVO ORIGINAL)"},"content":{"rendered":"<p>Disco de freno ventilado de 258mm:<br \/>\nKIA Pregio Bus (A\u00f1o 08.1995 &#8211; 09.2004, 94 , Gas\u00f3leo)<br \/>\nKIA Pregio Furg\u00f3n (TB) (A\u00f1o 10.1997 &#8211; &#8230;, 82 &#8211; 94 , Gas\u00f3leo)<\/p>\n<p> LA PIEZA ES NUEVA Y ORIGINAL.<\/p>\n","protected":false},"excerpt":{"rendered":"<p>Disco de freno ventilado de 258mm: KIA Pregio Bus (A\u00f1o 08.1995 &#8211; 09.2004, 94 , Gas\u00f3leo) KIA Pregio Furg\u00f3n (TB) (A\u00f1o 10.1997 &#8211; &#8230;, 82 &#8211; 94 , Gas\u00f3leo) LA PIEZA ES NUEVA Y ORIGINAL.<\/p>\n","protected":false},"featured_media":66675,"template":"","meta":{"_seopress_robots_primary_cat":"","_seopress_titles_title":"","_seopress_titles_desc":"","_seopress_robots_index":""},"product_cat":[22,259],"product_tag":[],"class_list":{"0":"post-14683","1":"product","2":"type-product","3":"status-publish","4":"has-post-thumbnail","6":"product_cat-recambios-kia","7":"product_cat-recambios-kia-pregio","9":"first","10":"instock","11":"taxable","12":"shipping-taxable","13":"purchasable","14":"product-type-simple"},"_links":{"self":[{"href":"https:\/\/galicianparts.com\/shop\/wp-json\/wp\/v2\/product\/14683"}],"collection":[{"href":"https:\/\/galicianparts.com\/shop\/wp-json\/wp\/v2\/product"}],"about":[{"href":"https:\/\/galicianparts.com\/shop\/wp-json\/wp\/v2\/types\/product"}],"wp:featuredmedia":[{"embeddable":true,"href":"https:\/\/galicianparts.com\/shop\/wp-json\/wp\/v2\/media\/66675"}],"wp:attachment":[{"href":"https:\/\/galicianparts.com\/shop\/wp-json\/wp\/v2\/media?parent=14683"}],"wp:term":[{"taxonomy":"product_cat","embeddable":true,"href":"https:\/\/galicianparts.com\/shop\/wp-json\/wp\/v2\/product_cat?post=14683"},{"taxonomy":"product_tag","embeddable":true,"href":"https:\/\/galicianparts.com\/shop\/wp-json\/wp\/v2\/product_tag?post=14683"}],"curies":[{"name":"wp","href":"https:\/\/api.w.org\/{rel}","templated":true}]}}