{"id":14809,"date":"2021-02-26T22:23:57","date_gmt":"2021-02-26T20:23:57","guid":{"rendered":"https:\/\/galicianparts.com\/shop\/producto\/zbsma16021-kit-filtros-bujias-pastillas-freno-kia-carens-kia-shuma-nuevo-original\/"},"modified":"2021-02-26T22:25:38","modified_gmt":"2021-02-26T20:25:38","slug":"zbsma16021-kit-filtros-bujias-pastillas-freno-kia-carens-kia-shuma-nuevo-original","status":"publish","type":"product","link":"https:\/\/galicianparts.com\/shop\/producto\/zbsma16021-kit-filtros-bujias-pastillas-freno-kia-carens-kia-shuma-nuevo-original\/","title":{"rendered":"ZBSMA16021 Kit filtros \/ buj\u00edas \/ pastillas freno Kia Carens \/ Kia Shuma NUEVO ORIGINAL"},"content":{"rendered":"<p>Set de filtros, buj\u00edas y pastillas de freno:<br \/>\n263002Y500 Filtro de aceite<br \/>\n0K2AA20490 Filtro de combustible<br \/>\n0K2A513Z40A Filtro de aire<br \/>\n2740018110 Buj\u00edas x4<br \/>\n0K2N13328ZA Pastillas de freno delanteras<\/p>\n<p>KIA Carens I (FC) (A\u00f1o 11.2000 &#8211; 07.2002, 110 , Gasolina)<br \/>\n1.8 i, A\u00f1o 11.2000 &#8211; 07.2002, 1793 , 110<br \/>\nKIA Carens II (FJ) (A\u00f1o 07.2002 &#8211; &#8230;, 126 , Gasolina)<br \/>\n1.8, A\u00f1o 07.2002 &#8211; &#8230;, 1793 , 126<br \/>\nKIA Shuma I Hatchback (FB) (A\u00f1o 10.1997 &#8211; 12.2001, 101 &#8211; 110 , Gasolina)<br \/>\n1.6, A\u00f1o 01.2001 &#8211; 12.2001, 1594 , 101<br \/>\n1.8 i 16V, A\u00f1o 10.1997 &#8211; 03.2001, 1793 , 110<br \/>\nKIA Shuma II Hatchback (FB) (A\u00f1o 05.2001 &#8211; 08.2004, 101 &#8211; 114 , Gasolina)<br \/>\n1.6, A\u00f1o 05.2001 &#8211; 08.2004, 1594 , 101<br \/>\n1.8, A\u00f1o 04.2003 &#8211; 08.2004, 1793 , 114<br \/>\nKIA Shuma II Berlina (FB) (A\u00f1o 05.2001 &#8211; 05.2004, 101 , Gasolina)<br \/>\n1.6, A\u00f1o 05.2001 &#8211; 05.2004, 1594 , 101<\/p>\n<p>LA PIEZA ES NUEVA Y ORIGINAL.<\/p>\n","protected":false},"excerpt":{"rendered":"<p>Set de filtros, buj\u00edas y pastillas de freno: 263002Y500 Filtro de aceite 0K2AA20490 Filtro de combustible 0K2A513Z40A Filtro de aire 2740018110 Buj\u00edas x4 0K2N13328ZA Pastillas de freno delanteras KIA Carens I (FC) (A\u00f1o 11.2000 &#8211; 07.2002, 110 , Gasolina) 1.8 i, A\u00f1o 11.2000 &#8211; 07.2002, 1793 , 110 KIA Carens II (FJ) (A\u00f1o 07.2002 &#8211; [&hellip;]<\/p>\n","protected":false},"featured_media":14810,"template":"","meta":{"_seopress_robots_primary_cat":"","_seopress_titles_title":"","_seopress_titles_desc":"","_seopress_robots_index":""},"product_cat":[212,22,258],"product_tag":[],"class_list":{"0":"post-14809","1":"product","2":"type-product","3":"status-publish","4":"has-post-thumbnail","6":"product_cat-recambios-kia-carens","7":"product_cat-recambios-kia","8":"product_cat-recambios-kia-shuma","10":"first","11":"instock","12":"taxable","13":"shipping-taxable","14":"purchasable","15":"product-type-simple"},"_links":{"self":[{"href":"https:\/\/galicianparts.com\/shop\/wp-json\/wp\/v2\/product\/14809"}],"collection":[{"href":"https:\/\/galicianparts.com\/shop\/wp-json\/wp\/v2\/product"}],"about":[{"href":"https:\/\/galicianparts.com\/shop\/wp-json\/wp\/v2\/types\/product"}],"wp:featuredmedia":[{"embeddable":true,"href":"https:\/\/galicianparts.com\/shop\/wp-json\/wp\/v2\/media\/14810"}],"wp:attachment":[{"href":"https:\/\/galicianparts.com\/shop\/wp-json\/wp\/v2\/media?parent=14809"}],"wp:term":[{"taxonomy":"product_cat","embeddable":true,"href":"https:\/\/galicianparts.com\/shop\/wp-json\/wp\/v2\/product_cat?post=14809"},{"taxonomy":"product_tag","embeddable":true,"href":"https:\/\/galicianparts.com\/shop\/wp-json\/wp\/v2\/product_tag?post=14809"}],"curies":[{"name":"wp","href":"https:\/\/api.w.org\/{rel}","templated":true}]}}