{"id":14911,"date":"2021-03-01T15:17:43","date_gmt":"2021-03-01T13:17:43","guid":{"rendered":"https:\/\/galicianparts.com\/shop\/producto\/5483007000-tirante-barra-estabilizadora-kia-picanto-2004-2017-nuevo-original\/"},"modified":"2021-03-01T15:25:01","modified_gmt":"2021-03-01T13:25:01","slug":"5483007000-tirante-barra-estabilizadora-kia-picanto-2004-2017-nuevo-original","status":"publish","type":"product","link":"https:\/\/galicianparts.com\/shop\/producto\/5483007000-tirante-barra-estabilizadora-kia-picanto-2004-2017-nuevo-original\/","title":{"rendered":"5483007000 Tirante barra estabilizadora Kia Picanto (2004-2017) NUEVO ORIGINAL"},"content":{"rendered":"<p>Tirante para la barra estabilizadora de:<br \/>\nKIA Picanto I (SA) (A\u00f1o 04.2004 &#8211; 04.2011, 61 &#8211; 75 , Gas\u00f3leo,Gasolina)<br \/>\nKIA Picanto II (TA) (A\u00f1o 05.2011 &#8211; 02.2017, 67 &#8211; 87 , Gasolina,Gasolina\/Gas (LPG))<\/p>\n<p> LA PIEZA ES NUEVA Y ORIGINAL.<\/p>\n","protected":false},"excerpt":{"rendered":"<p>Tirante para la barra estabilizadora de: KIA Picanto I (SA) (A\u00f1o 04.2004 &#8211; 04.2011, 61 &#8211; 75 , Gas\u00f3leo,Gasolina) KIA Picanto II (TA) (A\u00f1o 05.2011 &#8211; 02.2017, 67 &#8211; 87 , Gasolina,Gasolina\/Gas (LPG)) LA PIEZA ES NUEVA Y ORIGINAL.<\/p>\n","protected":false},"featured_media":14912,"template":"","meta":{"_seopress_robots_primary_cat":"","_seopress_titles_title":"","_seopress_titles_desc":"","_seopress_robots_index":""},"product_cat":[22,60],"product_tag":[],"class_list":{"0":"post-14911","1":"product","2":"type-product","3":"status-publish","4":"has-post-thumbnail","6":"product_cat-recambios-kia","7":"product_cat-recambios-kia-picanto","9":"first","10":"instock","11":"taxable","12":"shipping-taxable","13":"purchasable","14":"product-type-simple"},"_links":{"self":[{"href":"https:\/\/galicianparts.com\/shop\/wp-json\/wp\/v2\/product\/14911"}],"collection":[{"href":"https:\/\/galicianparts.com\/shop\/wp-json\/wp\/v2\/product"}],"about":[{"href":"https:\/\/galicianparts.com\/shop\/wp-json\/wp\/v2\/types\/product"}],"wp:featuredmedia":[{"embeddable":true,"href":"https:\/\/galicianparts.com\/shop\/wp-json\/wp\/v2\/media\/14912"}],"wp:attachment":[{"href":"https:\/\/galicianparts.com\/shop\/wp-json\/wp\/v2\/media?parent=14911"}],"wp:term":[{"taxonomy":"product_cat","embeddable":true,"href":"https:\/\/galicianparts.com\/shop\/wp-json\/wp\/v2\/product_cat?post=14911"},{"taxonomy":"product_tag","embeddable":true,"href":"https:\/\/galicianparts.com\/shop\/wp-json\/wp\/v2\/product_tag?post=14911"}],"curies":[{"name":"wp","href":"https:\/\/api.w.org\/{rel}","templated":true}]}}