{"id":15138,"date":"2021-03-02T17:59:35","date_gmt":"2021-03-02T15:59:35","guid":{"rendered":"https:\/\/galicianparts.com\/shop\/producto\/319223a850-filtro-combustible-motores-crdi-de-kia-original\/"},"modified":"2025-03-17T11:01:11","modified_gmt":"2025-03-17T09:01:11","slug":"319223a850-filtro-combustible-motores-crdi-de-kia-original","status":"publish","type":"product","link":"https:\/\/galicianparts.com\/shop\/producto\/319223a850-filtro-combustible-motores-crdi-de-kia-original\/","title":{"rendered":"319223A850 Filtro combustible motores CRDI de Kia ORIGINAL"},"content":{"rendered":"<p>Filtro de gasoil de:<br \/>\nKIA Bongo III Cami\u00f3n de plataforma\/Chasis (A\u00f1o 01.2012 &#8211; &#8230;, 133 , Gas\u00f3leo)<br \/>\n2.5 CRDi, A\u00f1o 01.2012 &#8211; &#8230;, 2497 , 133<br \/>\nKIA Carnival \/ Grand Carnival II (VQ) (A\u00f1o 01.2010 &#8211; &#8230;, 150 &#8211; 194 , Gas\u00f3leo)<br \/>\n2.2 CRDi, A\u00f1o 01.2010 &#8211; &#8230;, 2199 , 150<br \/>\n2.2 CRDi (D4HB), A\u00f1o 01.2010 &#8211; &#8230;, 2199 , 194<br \/>\nKIA cee\u2018d II Hatchback (JD) (A\u00f1o 05.2012 &#8211; &#8230;, 90 &#8211; 136 , Gas\u00f3leo)<br \/>\n1.4 CRDi 90, A\u00f1o 05.2012 &#8211; &#8230;, 1396 , 90<br \/>\n1.6 CRDi 110, A\u00f1o 05.2012 &#8211; &#8230;, 1582 , 110<br \/>\n1.6 CRDi 128, A\u00f1o 05.2012 &#8211; &#8230;, 1582 , 128<br \/>\n1.6 CRDi 136, A\u00f1o 07.2015 &#8211; &#8230;, 1582 , 136<br \/>\nKIA cee&#8217;d II Furg\u00f3n \/ Familiar (JD) (A\u00f1o 07.2012 &#8211; &#8230;, 90 &#8211; 128 , Gas\u00f3leo)<br \/>\n1.4 CRDi, A\u00f1o 04.2015 &#8211; &#8230;, 1396 , 90<br \/>\n1.6 CRDi, A\u00f1o 07.2012 &#8211; &#8230;, 1582 , 128<br \/>\nKIA cee\u2018d I Hatchback (ED) (A\u00f1o 12.2006 &#8211; 12.2012, 90 &#8211; 140 , Gas\u00f3leo)<br \/>\n1.6 CRDi 115, A\u00f1o 12.2006 &#8211; 12.2012, 1582 , 115<br \/>\n1.6 CRDi 128, A\u00f1o 10.2010 &#8211; 12.2012, 1582 , 128<br \/>\n1.6 CRDi 90, A\u00f1o 12.2006 &#8211; 12.2012, 1582 , 90<br \/>\n2.0 CRDi, A\u00f1o 06.2007 &#8211; 12.2012, 1991 , 136<br \/>\n2.0 CRDi 140, A\u00f1o 09.2007 &#8211; 12.2012, 1991 , 140<br \/>\nKIA cee\u2018d I Familiar (ED) (A\u00f1o 07.2007 &#8211; 12.2012, 90 &#8211; 140 , Gas\u00f3leo)<br \/>\n1.6 CRDi 115, A\u00f1o 09.2007 &#8211; 12.2012, 1582 , 115<br \/>\n1.6 CRDi 128, A\u00f1o 10.2010 &#8211; 12.2012, 1582 , 128<br \/>\n1.6 CRDi 90, A\u00f1o 09.2007 &#8211; 12.2012, 1582 , 90<br \/>\n2.0 CRDi 140, A\u00f1o 07.2007 &#8211; 12.2012, 1991 , 136<br \/>\n2.0 CRDi 140, A\u00f1o 09.2007 &#8211; 12.2012, 1991 , 140<br \/>\nKIA cee\u2018d II Sportswagon (JD) (A\u00f1o 09.2012 &#8211; &#8230;, 90 &#8211; 136 , Gas\u00f3leo)<br \/>\n1.4 CRDi 90, A\u00f1o 09.2012 &#8211; &#8230;, 1396 , 90<br \/>\n1.6 CRDi 110, A\u00f1o 03.2013 &#8211; &#8230;, 1582 , 110<br \/>\n1.6 CRDi 128, A\u00f1o 09.2012 &#8211; &#8230;, 1582 , 128<br \/>\n1.6 CRDi 136, A\u00f1o 07.2015 &#8211; &#8230;, 1582 , 136<br \/>\nKIA Cerato Hatchback (LD) (A\u00f1o 04.2004 &#8211; 08.2006, 73 &#8211; 115 , Gas\u00f3leo)<br \/>\n1.5 CRDi, A\u00f1o 07.2005 &#8211; 08.2006, 1493 , 73<br \/>\n1.5 CRDi, A\u00f1o 07.2005 &#8211; &#8230;, 1493 , 90<br \/>\n1.5 CRDi, A\u00f1o 07.2005 &#8211; &#8230;, 1493 , 102<br \/>\n1.6 CRDi, A\u00f1o 06.2005 &#8211; &#8230;, 1582 , 115<br \/>\n2.0 CRDi, A\u00f1o 04.2004 &#8211; &#8230;, 1991 , 112<br \/>\nKIA Cerato Berlina (LD) (A\u00f1o 04.2004 &#8211; 12.2009, 73 &#8211; 115 , Gas\u00f3leo)<br \/>\n1.5 CRDi, A\u00f1o 07.2005 &#8211; 08.2006, 1493 , 73<br \/>\n1.5 CRDi, A\u00f1o 07.2005 &#8211; 12.2009, 1493 , 90<br \/>\n1.5 CRDi, A\u00f1o 07.2005 &#8211; 08.2006, 1493 , 102<br \/>\n1.6 CRDi, A\u00f1o 06.2005 &#8211; 12.2009, 1582 , 115<br \/>\n2.0 CRDi, A\u00f1o 04.2004 &#8211; 05.2006, 1991 , 112<br \/>\nKIA K2500 Cami\u00f3n de plataforma\/Chasis (SD) (A\u00f1o 01.2010 &#8211; &#8230;, 131 , Gas\u00f3leo)<br \/>\n2.5 CRDi, A\u00f1o 01.2010 &#8211; &#8230;, 2497 , 131<br \/>\nKIA Picanto I (SA) (A\u00f1o 11.2005 &#8211; &#8230;, 75 , Gas\u00f3leo)<br \/>\n1.1 CRDi, A\u00f1o 11.2005 &#8211; &#8230;, 1120 , 75<br \/>\nKIA Pro cee\u2018d I Hatchback (ED) (A\u00f1o 02.2008 &#8211; 09.2012, 90 &#8211; 140 , Gas\u00f3leo)<br \/>\n1.6 CRDi 115, A\u00f1o 02.2008 &#8211; 09.2012, 1582 , 115<br \/>\n1.6 CRDi 128, A\u00f1o 10.2010 &#8211; 09.2012, 1582 , 128<br \/>\n1.6 CRDi 90, A\u00f1o 02.2008 &#8211; 09.2012, 1582 , 90<br \/>\n2.0 CRDi 140, A\u00f1o 02.2008 &#8211; 09.2012, 1991 , 140<br \/>\nKIA Pro cee\u2018d II Hatchback (JD) (A\u00f1o 03.2013 &#8211; &#8230;, 90 &#8211; 136 , Gas\u00f3leo)<br \/>\n1.4 CRDi 90, A\u00f1o 03.2013 &#8211; &#8230;, 1396 , 90<br \/>\n1.6 CRDi 110, A\u00f1o 03.2013 &#8211; &#8230;, 1582 , 110<br \/>\n1.6 CRDi 128, A\u00f1o 03.2013 &#8211; &#8230;, 1582 , 128<br \/>\n1.6 CRDi 136, A\u00f1o 07.2015 &#8211; &#8230;, 1582 , 136<br \/>\nKIA Pro cee\u2018d II Furg\u00f3n \/ Hatchback (JD) (A\u00f1o 10.2012 &#8211; &#8230;, 90 &#8211; 128 , Gas\u00f3leo)<br \/>\n1.4 CRDi, A\u00f1o 05.2015 &#8211; &#8230;, 1396 , 90<br \/>\n1.6 CRDi, A\u00f1o 10.2012 &#8211; &#8230;, 1582 , 128<br \/>\nKIA Rio III Hatchback (UB) (A\u00f1o 09.2011 &#8211; &#8230;, 75 &#8211; 90 , Gas\u00f3leo)<br \/>\n1.1 CRDi, A\u00f1o 09.2011 &#8211; &#8230;, 1120 , 75<br \/>\n1.4 CRDi, A\u00f1o 09.2011 &#8211; &#8230;, 1396 , 90<br \/>\nKIA Rio III Furg\u00f3n \/ Hatchback (UB) (A\u00f1o 09.2011 &#8211; &#8230;, 75 &#8211; 90 , Gas\u00f3leo)<br \/>\n1.1 CRDi, A\u00f1o 09.2011 &#8211; &#8230;, 1120 , 75<br \/>\n1.4 CRDi, A\u00f1o 04.2015 &#8211; &#8230;, 1396 , 90<br \/>\nKIA Soul I (AM) (A\u00f1o 02.2009 &#8211; &#8230;, 115 &#8211; 126 , Gas\u00f3leo)<br \/>\n1.6 CRDi 115, A\u00f1o 02.2009 &#8211; &#8230;, 1582 , 115<br \/>\n1.6 CRDi 128, A\u00f1o 02.2009 &#8211; &#8230;, 1582 , 126<br \/>\nKIA Soul II (PS) (A\u00f1o 02.2014 &#8211; &#8230;, 126 &#8211; 136 , Gas\u00f3leo)<br \/>\n1.6 CRDi 128, A\u00f1o 02.2014 &#8211; &#8230;, 1582 , 126<br \/>\n1.6 CRDi 136, A\u00f1o 04.2015 &#8211; &#8230;, 1582 , 136<br \/>\nKIA Sportage II (JE, KM) (A\u00f1o 09.2004 &#8211; &#8230;, 113 &#8211; 150 , Gas\u00f3leo)<br \/>\n2.0 CRDi, A\u00f1o 02.2005 &#8211; &#8230;, 1991 , 113<br \/>\n2.0 CRDi, A\u00f1o 01.2006 &#8211; &#8230;, 1991 , 136<br \/>\n2.0 CRDi, A\u00f1o 01.2006 &#8211; &#8230;, 1991 , 140<br \/>\n2.0 CRDi, A\u00f1o 09.2007 &#8211; &#8230;, 1991 , 150<br \/>\n2.0 CRDi 4WD, A\u00f1o 09.2004 &#8211; &#8230;, 1991 , 113<br \/>\n2.0 CRDi 4WD, A\u00f1o 01.2006 &#8211; &#8230;, 1991 , 136<br \/>\n2.0 CRDi 4WD, A\u00f1o 01.2006 &#8211; &#8230;, 1991 , 140<br \/>\n2.0 CRDi 4WD, A\u00f1o 09.2008 &#8211; &#8230;, 1991 , 150<br \/>\nKIA Sportage III (SL) (A\u00f1o 07.2010 &#8211; &#8230;, 116 &#8211; 184 , Gas\u00f3leo)<br \/>\n1.7 CRDi, A\u00f1o 12.2010 &#8211; &#8230;, 1685 , 116<br \/>\n2.0 CRDi, A\u00f1o 07.2010 &#8211; &#8230;, 1995 , 136<br \/>\n2.0 CRDi, A\u00f1o 08.2012 &#8211; &#8230;, 1995 , 177<br \/>\n2.0 CRDi, A\u00f1o 08.2010 &#8211; &#8230;, 1995 , 184<br \/>\n2.0 CRDi AWD, A\u00f1o 07.2010 &#8211; &#8230;, 1995 , 136<br \/>\n2.0 CRDi AWD, A\u00f1o 08.2012 &#8211; &#8230;, 1995 , 177<br \/>\n2.0 CRDi AWD, A\u00f1o 08.2010 &#8211; &#8230;, 1995 , 184<\/p>\n<p>LA PIEZA ES NUEVA Y ORIGINAL.<\/p>\n","protected":false},"excerpt":{"rendered":"<p>Filtro de gasoil de: KIA Bongo III Cami\u00f3n de plataforma\/Chasis (A\u00f1o 01.2012 &#8211; &#8230;, 133 , Gas\u00f3leo) 2.5 CRDi, A\u00f1o 01.2012 &#8211; &#8230;, 2497 , 133 KIA Carnival \/ Grand Carnival II (VQ) (A\u00f1o 01.2010 &#8211; &#8230;, 150 &#8211; 194 , Gas\u00f3leo) 2.2 CRDi, A\u00f1o 01.2010 &#8211; &#8230;, 2199 , 150 2.2 CRDi (D4HB), A\u00f1o [&hellip;]<\/p>\n","protected":false},"featured_media":15139,"template":"","meta":{"_seopress_robots_primary_cat":"","_seopress_titles_title":"","_seopress_titles_desc":"","_seopress_robots_index":""},"product_cat":[269,254,213,214,265,22,60,216,253,270,217],"product_tag":[],"class_list":{"0":"post-15138","1":"product","2":"type-product","3":"status-publish","4":"has-post-thumbnail","6":"product_cat-recambios-kia-bongo","7":"product_cat-recambios-kia-carnival","8":"product_cat-recambios-kia-ceed","9":"product_cat-recambios-kia-cerato","10":"product_cat-recambios-kia-k2500","11":"product_cat-recambios-kia","12":"product_cat-recambios-kia-picanto","13":"product_cat-recambios-kia-pro-ceed","14":"product_cat-recambios-kia-rio","15":"product_cat-recambios-kia-soul","16":"product_cat-recambios-kia-sportage","18":"first","19":"outofstock","20":"taxable","21":"shipping-taxable","22":"purchasable","23":"product-type-simple"},"_links":{"self":[{"href":"https:\/\/galicianparts.com\/shop\/wp-json\/wp\/v2\/product\/15138"}],"collection":[{"href":"https:\/\/galicianparts.com\/shop\/wp-json\/wp\/v2\/product"}],"about":[{"href":"https:\/\/galicianparts.com\/shop\/wp-json\/wp\/v2\/types\/product"}],"wp:featuredmedia":[{"embeddable":true,"href":"https:\/\/galicianparts.com\/shop\/wp-json\/wp\/v2\/media\/15139"}],"wp:attachment":[{"href":"https:\/\/galicianparts.com\/shop\/wp-json\/wp\/v2\/media?parent=15138"}],"wp:term":[{"taxonomy":"product_cat","embeddable":true,"href":"https:\/\/galicianparts.com\/shop\/wp-json\/wp\/v2\/product_cat?post=15138"},{"taxonomy":"product_tag","embeddable":true,"href":"https:\/\/galicianparts.com\/shop\/wp-json\/wp\/v2\/product_tag?post=15138"}],"curies":[{"name":"wp","href":"https:\/\/api.w.org\/{rel}","templated":true}]}}