{"id":15148,"date":"2021-03-02T18:29:33","date_gmt":"2021-03-02T16:29:33","guid":{"rendered":"https:\/\/galicianparts.com\/shop\/producto\/51785947-filtro-aire-motor-1-4-fiat-fiorino-citroen-nemo-peugeot-bipper\/"},"modified":"2021-03-12T12:32:23","modified_gmt":"2021-03-12T10:32:23","slug":"51785947-filtro-aire-motor-1-4-fiat-fiorino-citroen-nemo-peugeot-bipper","status":"publish","type":"product","link":"https:\/\/galicianparts.com\/shop\/producto\/51785947-filtro-aire-motor-1-4-fiat-fiorino-citroen-nemo-peugeot-bipper\/","title":{"rendered":"51785947 Filtro aire motor 1.4 Fiat Fiorino \/ Citroen Nemo \/ Peugeot Bipper"},"content":{"rendered":"<p>Filtro de aire, FILTRON AP092\/2 v\u00e1lido para:<br \/>\nFIAT Fiorino III Furg\u00f3n \/ Familiar (225) (A\u00f1o 11.2007 &#8211; &#8230;, 73 &#8211; 78 , Gasolina,Gasolina\/Gas natural (CNG))<br \/>\n1.4, A\u00f1o 11.2007 &#8211; &#8230;, 1360 , 73<br \/>\n1.4 Natural Power, A\u00f1o 06.2008 &#8211; &#8230;, 1368 , 78<br \/>\nFIAT Qubo (225) (A\u00f1o 02.2008 &#8211; &#8230;, 73 &#8211; 78 , Gasolina,Gasolina\/Gas natural (CNG))<br \/>\n1.4, A\u00f1o 02.2008 &#8211; &#8230;, 1360 , 73<br \/>\n1.4 Natural Power, A\u00f1o 10.2009 &#8211; &#8230;, 1368 , 78<br \/>\nCITRO\u00cbN Nemo Furg\u00f3n (A\u00f1o 02.2008 &#8211; &#8230;, 73 , Gasolina)<br \/>\n1.4, A\u00f1o 02.2008 &#8211; &#8230;, 1360 , 73<br \/>\nCITRO\u00cbN Nemo Familiar (A\u00f1o 04.2009 &#8211; &#8230;, 73 , Gasolina)<br \/>\n1.4, A\u00f1o 04.2009 &#8211; &#8230;, 1360 , 73<br \/>\nPEUGEOT Bipper Furg\u00f3n (A\u00f1o 02.2008 &#8211; &#8230;, 73 , Gasolina)<br \/>\n1.4, A\u00f1o 02.2008 &#8211; &#8230;, 1360 , 73<br \/>\nPEUGEOT Bipper Tepee (A\u00f1o 04.2008 &#8211; &#8230;, 73 , Gasolina)<br \/>\n1.4, A\u00f1o 04.2008 &#8211; &#8230;, 1360 , 73<\/p>\n<p>LA PIEZA ES NUEVA.<\/p>\n","protected":false},"excerpt":{"rendered":"<p>Filtro de aire, FILTRON AP092\/2 v\u00e1lido para: FIAT Fiorino III Furg\u00f3n \/ Familiar (225) (A\u00f1o 11.2007 &#8211; &#8230;, 73 &#8211; 78 , Gasolina,Gasolina\/Gas natural (CNG)) 1.4, A\u00f1o 11.2007 &#8211; &#8230;, 1360 , 73 1.4 Natural Power, A\u00f1o 06.2008 &#8211; &#8230;, 1368 , 78 FIAT Qubo (225) (A\u00f1o 02.2008 &#8211; &#8230;, 73 &#8211; 78 , Gasolina,Gasolina\/Gas [&hellip;]<\/p>\n","protected":false},"featured_media":15149,"template":"","meta":{"_seopress_robots_primary_cat":"","_seopress_titles_title":"","_seopress_titles_desc":"","_seopress_robots_index":""},"product_cat":[154,23,20,91,139,24],"product_tag":[],"class_list":{"0":"post-15148","1":"product","2":"type-product","3":"status-publish","4":"has-post-thumbnail","6":"product_cat-recambios-peugeot-bipper","7":"product_cat-recambios-citroen","8":"product_cat-recambios-fiat","9":"product_cat-recambios-fiat-fiorino","10":"product_cat-recambios-citroen-nemo","11":"product_cat-recambios-peugeot","13":"first","14":"instock","15":"taxable","16":"shipping-taxable","17":"purchasable","18":"product-type-simple"},"_links":{"self":[{"href":"https:\/\/galicianparts.com\/shop\/wp-json\/wp\/v2\/product\/15148"}],"collection":[{"href":"https:\/\/galicianparts.com\/shop\/wp-json\/wp\/v2\/product"}],"about":[{"href":"https:\/\/galicianparts.com\/shop\/wp-json\/wp\/v2\/types\/product"}],"wp:featuredmedia":[{"embeddable":true,"href":"https:\/\/galicianparts.com\/shop\/wp-json\/wp\/v2\/media\/15149"}],"wp:attachment":[{"href":"https:\/\/galicianparts.com\/shop\/wp-json\/wp\/v2\/media?parent=15148"}],"wp:term":[{"taxonomy":"product_cat","embeddable":true,"href":"https:\/\/galicianparts.com\/shop\/wp-json\/wp\/v2\/product_cat?post=15148"},{"taxonomy":"product_tag","embeddable":true,"href":"https:\/\/galicianparts.com\/shop\/wp-json\/wp\/v2\/product_tag?post=15148"}],"curies":[{"name":"wp","href":"https:\/\/api.w.org\/{rel}","templated":true}]}}