{"id":15178,"date":"2021-03-02T20:32:56","date_gmt":"2021-03-02T18:32:56","guid":{"rendered":"https:\/\/galicianparts.com\/shop\/producto\/7549892-deposito-limpiaparabrisas-con-limpia-luna-fiat-panda-1985-2003-nuevo-original\/"},"modified":"2022-06-07T17:55:10","modified_gmt":"2022-06-07T15:55:10","slug":"7549892-deposito-limpiaparabrisas-con-limpia-luna-fiat-panda-1985-2003-nuevo-original","status":"publish","type":"product","link":"https:\/\/galicianparts.com\/shop\/producto\/7549892-deposito-limpiaparabrisas-con-limpia-luna-fiat-panda-1985-2003-nuevo-original\/","title":{"rendered":"7549892 Dep\u00f3sito limpiaparabrisas con limpia luna Fiat Panda (1985-2003) NUEVO ORIGINAL"},"content":{"rendered":"<p>Dep\u00f3sito del l\u00edquido del limpiaparabrisas con limpia luna trasera de:<br \/>\nFIAT &#8211; 1S PANDA 4X2 MAQ 91 (1991-2003)<br \/>\nFIAT &#8211; LV PANDA 4X2 RL\/86(1985-1991)<br \/>\nFIAT &#8211; 1T PANDA 4X4 MAQ 91 (1991-2003)<br \/>\nFIAT &#8211; 2R PANDA 4X4 R\/86 (1985-1991)<br \/>\nFIAT &#8211; 2P PANDA DS (1986-1993)<\/p>\n<p>LA PIEZA ES NUEVA Y ORIGINAL.<\/p>\n","protected":false},"excerpt":{"rendered":"<p>Dep\u00f3sito del l\u00edquido del limpiaparabrisas con limpia luna trasera de: FIAT &#8211; 1S PANDA 4X2 MAQ 91 (1991-2003) FIAT &#8211; LV PANDA 4X2 RL\/86(1985-1991) FIAT &#8211; 1T PANDA 4X4 MAQ 91 (1991-2003) FIAT &#8211; 2R PANDA 4X4 R\/86 (1985-1991) FIAT &#8211; 2P PANDA DS (1986-1993) LA PIEZA ES NUEVA Y ORIGINAL.<\/p>\n","protected":false},"featured_media":15179,"template":"","meta":{"_seopress_robots_primary_cat":"","_seopress_titles_title":"","_seopress_titles_desc":"","_seopress_robots_index":""},"product_cat":[20,99],"product_tag":[],"class_list":{"0":"post-15178","1":"product","2":"type-product","3":"status-publish","4":"has-post-thumbnail","6":"product_cat-recambios-fiat","7":"product_cat-recambios-fiat-panda","9":"first","10":"outofstock","11":"taxable","12":"shipping-taxable","13":"purchasable","14":"product-type-simple"},"_links":{"self":[{"href":"https:\/\/galicianparts.com\/shop\/wp-json\/wp\/v2\/product\/15178"}],"collection":[{"href":"https:\/\/galicianparts.com\/shop\/wp-json\/wp\/v2\/product"}],"about":[{"href":"https:\/\/galicianparts.com\/shop\/wp-json\/wp\/v2\/types\/product"}],"wp:featuredmedia":[{"embeddable":true,"href":"https:\/\/galicianparts.com\/shop\/wp-json\/wp\/v2\/media\/15179"}],"wp:attachment":[{"href":"https:\/\/galicianparts.com\/shop\/wp-json\/wp\/v2\/media?parent=15178"}],"wp:term":[{"taxonomy":"product_cat","embeddable":true,"href":"https:\/\/galicianparts.com\/shop\/wp-json\/wp\/v2\/product_cat?post=15178"},{"taxonomy":"product_tag","embeddable":true,"href":"https:\/\/galicianparts.com\/shop\/wp-json\/wp\/v2\/product_tag?post=15178"}],"curies":[{"name":"wp","href":"https:\/\/api.w.org\/{rel}","templated":true}]}}