{"id":15201,"date":"2021-03-03T10:49:36","date_gmt":"2021-03-03T08:49:36","guid":{"rendered":"https:\/\/galicianparts.com\/shop\/producto\/281133e000-filtro-aire-kia-sorento-2002-2009-nuevo-original\/"},"modified":"2021-11-09T22:52:18","modified_gmt":"2021-11-09T20:52:18","slug":"281133e000-filtro-aire-kia-sorento-2002-2009-nuevo-original","status":"publish","type":"product","link":"https:\/\/galicianparts.com\/shop\/producto\/281133e000-filtro-aire-kia-sorento-2002-2009-nuevo-original\/","title":{"rendered":"281133E000 Filtro Aire Kia Sorento (2002-2009) NUEVO ORIGINAL"},"content":{"rendered":"<p>Filtro del Aire de:<br \/>\nKIA Sorento I (JC) (A\u00f1o 08.2002 &#8211; 12.2009, 139 &#8211; 248 ,<br \/>\n Gas\u00f3leo,Gasolina)<br \/>\n 2.4, A\u00f1o 08.2002 &#8211; &#8230;, 2351 , 139<br \/>\n 2.5 CRDi, A\u00f1o 08.2002 &#8211; &#8230;, 2497 , 140<br \/>\n 2.5 CRDi, A\u00f1o 05.2006 &#8211; &#8230;, 2497 , 163<br \/>\n 2.5 CRDi, A\u00f1o 12.2006 &#8211; &#8230;, 2497 , 170<br \/>\n 2.5 CRDi, A\u00f1o 09.2006 &#8211; &#8230;, 2497 , 178<br \/>\n 3.3 4WD, A\u00f1o 09.2008 &#8211; 12.2009, 3342 , 245<br \/>\n 3.3 V6, A\u00f1o 12.2006 &#8211; &#8230;, 3297 , 241<br \/>\n 3.3 V6, A\u00f1o 02.2007 &#8211; &#8230;, 3342 , 248<br \/>\n 3.5, A\u00f1o 03.2003 &#8211; 08.2009, 3497 , 195<br \/>\n 3.5 V6, A\u00f1o 08.2002 &#8211; &#8230;, 3497 , 194<\/p>\n<p>LA PIEZA ES NUEVA Y ORIGINAL.<\/p>\n","protected":false},"excerpt":{"rendered":"<p>Filtro del Aire de: KIA Sorento I (JC) (A\u00f1o 08.2002 &#8211; 12.2009, 139 &#8211; 248 , Gas\u00f3leo,Gasolina) 2.4, A\u00f1o 08.2002 &#8211; &#8230;, 2351 , 139 2.5 CRDi, A\u00f1o 08.2002 &#8211; &#8230;, 2497 , 140 2.5 CRDi, A\u00f1o 05.2006 &#8211; &#8230;, 2497 , 163 2.5 CRDi, A\u00f1o 12.2006 &#8211; &#8230;, 2497 , 170 2.5 CRDi, A\u00f1o [&hellip;]<\/p>\n","protected":false},"featured_media":15202,"template":"","meta":{"_seopress_robots_primary_cat":"","_seopress_titles_title":"","_seopress_titles_desc":"","_seopress_robots_index":""},"product_cat":[22,278],"product_tag":[],"class_list":{"0":"post-15201","1":"product","2":"type-product","3":"status-publish","4":"has-post-thumbnail","6":"product_cat-recambios-kia","7":"product_cat-recambios-kia-sorento","9":"first","10":"outofstock","11":"taxable","12":"shipping-taxable","13":"purchasable","14":"product-type-simple"},"_links":{"self":[{"href":"https:\/\/galicianparts.com\/shop\/wp-json\/wp\/v2\/product\/15201"}],"collection":[{"href":"https:\/\/galicianparts.com\/shop\/wp-json\/wp\/v2\/product"}],"about":[{"href":"https:\/\/galicianparts.com\/shop\/wp-json\/wp\/v2\/types\/product"}],"wp:featuredmedia":[{"embeddable":true,"href":"https:\/\/galicianparts.com\/shop\/wp-json\/wp\/v2\/media\/15202"}],"wp:attachment":[{"href":"https:\/\/galicianparts.com\/shop\/wp-json\/wp\/v2\/media?parent=15201"}],"wp:term":[{"taxonomy":"product_cat","embeddable":true,"href":"https:\/\/galicianparts.com\/shop\/wp-json\/wp\/v2\/product_cat?post=15201"},{"taxonomy":"product_tag","embeddable":true,"href":"https:\/\/galicianparts.com\/shop\/wp-json\/wp\/v2\/product_tag?post=15201"}],"curies":[{"name":"wp","href":"https:\/\/api.w.org\/{rel}","templated":true}]}}