{"id":15278,"date":"2021-03-03T13:08:48","date_gmt":"2021-03-03T11:08:48","guid":{"rendered":"https:\/\/galicianparts.com\/shop\/producto\/0k2kk13483-filtro-combustible-alfa-romeo-citroen-fiat-kia-lancia-peugeot-nuevo-original\/"},"modified":"2024-04-18T12:58:23","modified_gmt":"2024-04-18T10:58:23","slug":"0k2kk13483-filtro-combustible-alfa-romeo-citroen-fiat-kia-lancia-peugeot-nuevo-original","status":"publish","type":"product","link":"https:\/\/galicianparts.com\/shop\/producto\/0k2kk13483-filtro-combustible-alfa-romeo-citroen-fiat-kia-lancia-peugeot-nuevo-original\/","title":{"rendered":"0K2KK13483 Filtro combustible Alfa Romeo \/ Citroen \/ Fiat \/ Kia \/ Lancia \/ Peugeot NUEVO ORIGINAL"},"content":{"rendered":"<p>Filtro de combustible de 85mm de diametro de:<br \/>\nALFA ROMEO 147 (937) (A\u00f1o 04.2001 &#8211; 03.2010, 115 , Gas\u00f3leo)<br \/>\nALFA ROMEO 156 Berlina (932) (A\u00f1o 09.1997 &#8211; 09.2005, 110 &#8211; 150 , Gas\u00f3leo)<br \/>\nALFA ROMEO 156 Sportwagon (932) (A\u00f1o 05.2000 &#8211; 05.2006, 110 &#8211; 150 , Gas\u00f3leo)<br \/>\nALFA ROMEO 166 (936) (A\u00f1o 09.1998 &#8211; 06.2007, 136 &#8211; 150 , Gas\u00f3leo)<br \/>\nCITRO\u00cbN Jumper I Bus (230) (A\u00f1o 09.2000 &#8211; 04.2002, 128 , Gas\u00f3leo)<br \/>\nCITRO\u00cbN Jumper I Bus (244) (A\u00f1o 04.2002 &#8211; &#8230;, 84 &#8211; 128 , Gas\u00f3leo)<br \/>\nCITRO\u00cbN Jumper I Cami\u00f3n de plataforma\/Chasis (230) (A\u00f1o 09.2000 &#8211; 04.2002, 128 , Gas\u00f3leo)<br \/>\nCITRO\u00cbN Jumper I Cami\u00f3n de plataforma\/Chasis (244) (A\u00f1o 02.2002 &#8211; 06.2006, 84 &#8211; 128 , Gas\u00f3leo)<br \/>\nCITRO\u00cbN Jumper I Furg\u00f3n (230) (A\u00f1o 09.2000 &#8211; 04.2002, 84 &#8211; 128 , Gas\u00f3leo)<br \/>\nCITRO\u00cbN Jumper I Furg\u00f3n (244) (A\u00f1o 04.2002 &#8211; &#8230;, 84 &#8211; 128 , Gas\u00f3leo)<br \/>\nFIAT Brava Hatchback (182) (A\u00f1o 12.1998 &#8211; 10.2001, 100 &#8211; 105 , Gas\u00f3leo)<br \/>\nFIAT Bravo I Hatchback (182) (A\u00f1o 12.1998 &#8211; 10.2001, 100 &#8211; 105 , Gas\u00f3leo)<br \/>\nFIAT Doblo I Cargo (223) (A\u00f1o 10.2001 &#8211; &#8230;, 100 , Gas\u00f3leo)<br \/>\nFIAT Doblo I Familiar (119, 223) (A\u00f1o 10.2001 &#8211; &#8230;, 100 , Gas\u00f3leo)<br \/>\nFIAT Ducato II Bus (230) (A\u00f1o 11.2000 &#8211; 04.2002, 84 &#8211; 128 , Gas\u00f3leo)<br \/>\nFIAT Ducato II Bus (244) (A\u00f1o 04.2002 &#8211; &#8230;, 84 &#8211; 128 , Gas\u00f3leo)<br \/>\nFIAT Ducato II Cami\u00f3n de plataforma\/Chasis (230) (A\u00f1o 11.2000 &#8211; 04.2002, 84 &#8211; 128 , Gas\u00f3leo)<br \/>\nFIAT Ducato II Cami\u00f3n de plataforma\/Chasis (244) (A\u00f1o 04.2002 &#8211; 07.2006, 84 &#8211; 128 , Gas\u00f3leo)<br \/>\nFIAT Ducato II Furg\u00f3n (230L) (A\u00f1o 11.2000 &#8211; 04.2002, 84 &#8211; 128 , Gas\u00f3leo)<br \/>\nFIAT Ducato II Furg\u00f3n (244) (A\u00f1o 04.2002 &#8211; &#8230;, 84 &#8211; 128 , Gas\u00f3leo)<br \/>\nFIAT Marea Berlina (185) (A\u00f1o 04.1999 &#8211; 05.2002, 105 &#8211; 130 , Gas\u00f3leo)<br \/>\nFIAT Marea Weekend (185) (A\u00f1o 04.1999 &#8211; 05.2002, 105 &#8211; 130 , Gas\u00f3leo)<br \/>\nFIAT Palio I Weekend (178) (A\u00f1o 09.2001 &#8211; &#8230;, 80 , Gas\u00f3leo)<br \/>\nFIAT Stilo Hatchback (192) (A\u00f1o 10.2001 &#8211; 11.2006, 80 &#8211; 115 , Gas\u00f3leo)<br \/>\nFIAT Strada Pick-up (178) (A\u00f1o 04.2003 &#8211; &#8230;, 80 , Gas\u00f3leo)<br \/>\nKIA Carens II (FJ) (A\u00f1o 07.2002 &#8211; &#8230;, 113 &#8211; 140 , Gas\u00f3leo)<br \/>\nKIA Carens III (UN) (A\u00f1o 09.2006 &#8211; &#8230;, 140 , Gas\u00f3leo)<br \/>\nKIA Cerato Hatchback (LD) (A\u00f1o 04.2004 &#8211; &#8230;, 112 , Gas\u00f3leo)<br \/>\nKIA Cerato Berlina (LD) (A\u00f1o 04.2004 &#8211; 05.2006, 112 , Gas\u00f3leo)<br \/>\nLANCIA Kappa Berlina (838) (A\u00f1o 06.1998 &#8211; 10.2001, 136 , Gas\u00f3leo)<br \/>\nLANCIA Kappa Familiar (838) (A\u00f1o 06.1998 &#8211; 10.2001, 136 , Gas\u00f3leo)<br \/>\nLANCIA Lybra Berlina (839) (A\u00f1o 07.1999 &#8211; 10.2005, 105 &#8211; 150 , Gas\u00f3leo)<br \/>\nLANCIA Lybra Familiar (839) (A\u00f1o 07.1999 &#8211; 10.2005, 105 &#8211; 150 , Gas\u00f3leo)<br \/>\nLANCIA Thesis (841) (A\u00f1o 07.2002 &#8211; 07.2009, 150 , Gas\u00f3leo)<br \/>\nPEUGEOT Boxer Bus (230) (A\u00f1o 10.2000 &#8211; 04.2002, 126 &#8211; 128 , Gas\u00f3leo)<br \/>\nPEUGEOT Boxer Bus (244) (A\u00f1o 04.2002 &#8211; &#8230;, 84 &#8211; 128 , Gas\u00f3leo)<br \/>\nPEUGEOT Boxer Cami\u00f3n de plataforma\/Chasis (244) (A\u00f1o 04.2002 &#8211; &#8230;, 84 &#8211; 128 , Gas\u00f3leo)<br \/>\nPEUGEOT Boxer Cami\u00f3n de plataforma\/Chasis (230) (A\u00f1o 10.2000 &#8211; 04.2002, 126 &#8211; 128 , Gas\u00f3leo)<br \/>\nPEUGEOT Boxer Furg\u00f3n (230) (A\u00f1o 10.2000 &#8211; 04.2002, 84 &#8211; 128 , Gas\u00f3leo)<br \/>\nPEUGEOT Boxer Furg\u00f3n (244) (A\u00f1o 04.2002 &#8211; &#8230;, 84 &#8211; 128 , Gas\u00f3leo)<\/p>\n<p>LA PIEZA ES NUEVA Y ORIGINAL BOSCH.<\/p>\n","protected":false},"excerpt":{"rendered":"<p>Filtro de combustible de 85mm de diametro de: ALFA ROMEO 147 (937) (A\u00f1o 04.2001 &#8211; 03.2010, 115 , Gas\u00f3leo) ALFA ROMEO 156 Berlina (932) (A\u00f1o 09.1997 &#8211; 09.2005, 110 &#8211; 150 , Gas\u00f3leo) ALFA ROMEO 156 Sportwagon (932) (A\u00f1o 05.2000 &#8211; 05.2006, 110 &#8211; 150 , Gas\u00f3leo) ALFA ROMEO 166 (936) (A\u00f1o 09.1998 &#8211; 06.2007, [&hellip;]<\/p>\n","protected":false},"featured_media":15279,"template":"","meta":{"_seopress_robots_primary_cat":"","_seopress_titles_title":"","_seopress_titles_desc":"","_seopress_robots_index":""},"product_cat":[44,49,57,16,155,81,82,212,257,23,87,88,20,137,119,22,21,120,95,98,24,108,109,125],"product_tag":[],"class_list":{"0":"post-15278","1":"product","2":"type-product","3":"status-publish","4":"has-post-thumbnail","6":"product_cat-recambios-alfa-romeo-147","7":"product_cat-recambios-alfa-romeo-156","8":"product_cat-recambios-alfa-romeo-166","9":"product_cat-recambios-alfa-romeo","10":"product_cat-recambios-peugeot-boxer","11":"product_cat-recambios-fiat-brava","12":"product_cat-recambios-fiat-bravo","13":"product_cat-recambios-kia-carens","14":"product_cat-recambios-kia-cerato","15":"product_cat-recambios-citroen","16":"product_cat-recambios-fiat-doblo","17":"product_cat-recambios-fiat-ducato","18":"product_cat-recambios-fiat","19":"product_cat-recambios-citroen-jumper","20":"product_cat-recambios-lancia-kappa","21":"product_cat-recambios-kia","22":"product_cat-recambios-lancia","23":"product_cat-recambios-lancia-lybra","24":"product_cat-recambios-fiat-marea","25":"product_cat-recambios-fiat-palio","26":"product_cat-recambios-peugeot","27":"product_cat-recambios-fiat-stilo","28":"product_cat-recambios-fiat-strada","29":"product_cat-recambios-lancia-thesis","31":"first","32":"outofstock","33":"taxable","34":"shipping-taxable","35":"purchasable","36":"product-type-simple"},"_links":{"self":[{"href":"https:\/\/galicianparts.com\/shop\/wp-json\/wp\/v2\/product\/15278"}],"collection":[{"href":"https:\/\/galicianparts.com\/shop\/wp-json\/wp\/v2\/product"}],"about":[{"href":"https:\/\/galicianparts.com\/shop\/wp-json\/wp\/v2\/types\/product"}],"wp:featuredmedia":[{"embeddable":true,"href":"https:\/\/galicianparts.com\/shop\/wp-json\/wp\/v2\/media\/15279"}],"wp:attachment":[{"href":"https:\/\/galicianparts.com\/shop\/wp-json\/wp\/v2\/media?parent=15278"}],"wp:term":[{"taxonomy":"product_cat","embeddable":true,"href":"https:\/\/galicianparts.com\/shop\/wp-json\/wp\/v2\/product_cat?post=15278"},{"taxonomy":"product_tag","embeddable":true,"href":"https:\/\/galicianparts.com\/shop\/wp-json\/wp\/v2\/product_tag?post=15278"}],"curies":[{"name":"wp","href":"https:\/\/api.w.org\/{rel}","templated":true}]}}