{"id":15287,"date":"2021-03-03T13:33:13","date_gmt":"2021-03-03T11:33:13","guid":{"rendered":"https:\/\/galicianparts.com\/shop\/producto\/0k74r23603-filtro-aire-kia-pregio-1995-nuevo-original\/"},"modified":"2022-09-05T09:42:53","modified_gmt":"2022-09-05T07:42:53","slug":"0k74r23603-filtro-aire-kia-pregio-1995-nuevo-original","status":"publish","type":"product","link":"https:\/\/galicianparts.com\/shop\/producto\/0k74r23603-filtro-aire-kia-pregio-1995-nuevo-original\/","title":{"rendered":"0K74R23603 Filtro Aire Kia Pregio (1995-&#8230;) NUEVO ORIGINAL"},"content":{"rendered":"<p>Filtro de aire de:<br \/>\nKIA Pregio Bus (A\u00f1o 08.1995 &#8211; 09.2004, 94 , Gas\u00f3leo)<br \/>\n 2.5 D, A\u00f1o 08.1995 &#8211; 09.2004, 2477 , 94<br \/>\nKIA Pregio Furg\u00f3n (TB) (A\u00f1o 09.2002 &#8211; &#8230;, 94 , Gas\u00f3leo)<br \/>\n 2.5 TCi D, A\u00f1o 09.2002 &#8211; &#8230;, 2476 , 94<br \/>\n LA PIEZA ES NUEVA Y ORIGINAL.<\/p>\n","protected":false},"excerpt":{"rendered":"<p>Filtro de aire de: KIA Pregio Bus (A\u00f1o 08.1995 &#8211; 09.2004, 94 , Gas\u00f3leo) 2.5 D, A\u00f1o 08.1995 &#8211; 09.2004, 2477 , 94 KIA Pregio Furg\u00f3n (TB) (A\u00f1o 09.2002 &#8211; &#8230;, 94 , Gas\u00f3leo) 2.5 TCi D, A\u00f1o 09.2002 &#8211; &#8230;, 2476 , 94 LA PIEZA ES NUEVA Y ORIGINAL.<\/p>\n","protected":false},"featured_media":15288,"template":"","meta":{"_seopress_robots_primary_cat":"","_seopress_titles_title":"","_seopress_titles_desc":"","_seopress_robots_index":""},"product_cat":[22,259],"product_tag":[],"class_list":{"0":"post-15287","1":"product","2":"type-product","3":"status-publish","4":"has-post-thumbnail","6":"product_cat-recambios-kia","7":"product_cat-recambios-kia-pregio","9":"first","10":"instock","11":"taxable","12":"shipping-taxable","13":"purchasable","14":"product-type-simple"},"_links":{"self":[{"href":"https:\/\/galicianparts.com\/shop\/wp-json\/wp\/v2\/product\/15287"}],"collection":[{"href":"https:\/\/galicianparts.com\/shop\/wp-json\/wp\/v2\/product"}],"about":[{"href":"https:\/\/galicianparts.com\/shop\/wp-json\/wp\/v2\/types\/product"}],"wp:featuredmedia":[{"embeddable":true,"href":"https:\/\/galicianparts.com\/shop\/wp-json\/wp\/v2\/media\/15288"}],"wp:attachment":[{"href":"https:\/\/galicianparts.com\/shop\/wp-json\/wp\/v2\/media?parent=15287"}],"wp:term":[{"taxonomy":"product_cat","embeddable":true,"href":"https:\/\/galicianparts.com\/shop\/wp-json\/wp\/v2\/product_cat?post=15287"},{"taxonomy":"product_tag","embeddable":true,"href":"https:\/\/galicianparts.com\/shop\/wp-json\/wp\/v2\/product_tag?post=15287"}],"curies":[{"name":"wp","href":"https:\/\/api.w.org\/{rel}","templated":true}]}}