{"id":15387,"date":"2021-03-03T20:20:44","date_gmt":"2021-03-03T18:20:44","guid":{"rendered":"https:\/\/galicianparts.com\/shop\/producto\/0k60a3328za-pastillas-freno-delanteras-kia-besta-bongo-k2500-k2700-k2900-original\/"},"modified":"2022-07-22T14:26:55","modified_gmt":"2022-07-22T12:26:55","slug":"0k60a3328za-pastillas-freno-delanteras-kia-besta-bongo-k2500-k2700-k2900-original","status":"publish","type":"product","link":"https:\/\/galicianparts.com\/shop\/producto\/0k60a3328za-pastillas-freno-delanteras-kia-besta-bongo-k2500-k2700-k2900-original\/","title":{"rendered":"0K60A3328ZA Pastillas freno delanteras Kia Besta \/ Bongo \/ K2500 \/ K2700 \/ K2900 ORIGINAL"},"content":{"rendered":"<p>Kit de pastillas de freno delanteras de:<br \/>\nKIA Besta Bus (A\u00f1o 07.1992 &#8211; 12.2003, 65 , Gas\u00f3leo)<br \/>\n2.2 D, A\u00f1o 07.1992 &#8211; 12.2003, 2184 , 65<br \/>\nKIA Bongo Cami\u00f3n de plataforma\/Chasis (A\u00f1o 03.1997 &#8211; 09.1999, 83 , Gas\u00f3leo)<br \/>\n2.7 D, A\u00f1o 03.1997 &#8211; 09.1999, 2665 , 83<br \/>\nKIA K2500 Cami\u00f3n de plataforma\/Chasis (SD) (A\u00f1o 01.2003 &#8211; &#8230;, 94 &#8211; 131 , Gas\u00f3leo)<br \/>\n2.5 CRDi, A\u00f1o 01.2010 &#8211; &#8230;, 2497 , 131<br \/>\n2.5 D, A\u00f1o 01.2003 &#8211; &#8230;, 2476 , 94<br \/>\n2.5 CRDi, A\u00f1o 01.2010 &#8211; &#8230;, 2497 , 131<br \/>\n2.5 D, A\u00f1o 01.2003 &#8211; &#8230;, 2476 , 94<br \/>\nKIA K2700 Cami\u00f3n de plataforma\/Chasis (A\u00f1o 01.2006 &#8211; &#8230;, 83 , Gas\u00f3leo)<br \/>\n2.7 D, A\u00f1o 01.2006 &#8211; &#8230;, 2665 , 83<br \/>\nKIA K2700 Cami\u00f3n de plataforma\/Chasis (K62W) (A\u00f1o 03.1997 &#8211; 09.1999, 83 , Gas\u00f3leo)<br \/>\n2.7 D, A\u00f1o 03.1997 &#8211; 09.1999, 2665 , 83<br \/>\nKIA K2700 Cami\u00f3n de plataforma\/Chasis (SD) (A\u00f1o 10.1999 &#8211; &#8230;, 80 , Gas\u00f3leo)<br \/>\n2.7 D, A\u00f1o 10.1999 &#8211; &#8230;, 2665 , 80<br \/>\nKIA K2900 Cami\u00f3n de plataforma\/Chasis (A\u00f1o 01.2008 &#8211; &#8230;, 125 , Gas\u00f3leo)<br \/>\n2.9 D, A\u00f1o 01.2008 &#8211; &#8230;, 2902 , 125<\/p>\n<p>LA PIEZA ES NUEVA Y ORIGINAL.<\/p>\n","protected":false},"excerpt":{"rendered":"<p>Kit de pastillas de freno delanteras de: KIA Besta Bus (A\u00f1o 07.1992 &#8211; 12.2003, 65 , Gas\u00f3leo) 2.2 D, A\u00f1o 07.1992 &#8211; 12.2003, 2184 , 65 KIA Bongo Cami\u00f3n de plataforma\/Chasis (A\u00f1o 03.1997 &#8211; 09.1999, 83 , Gas\u00f3leo) 2.7 D, A\u00f1o 03.1997 &#8211; 09.1999, 2665 , 83 KIA K2500 Cami\u00f3n de plataforma\/Chasis (SD) (A\u00f1o 01.2003 [&hellip;]<\/p>\n","protected":false},"featured_media":15388,"template":"","meta":{"_seopress_robots_primary_cat":"","_seopress_titles_title":"","_seopress_titles_desc":"","_seopress_robots_index":""},"product_cat":[221,269,265,255,312,22],"product_tag":[],"class_list":{"0":"post-15387","1":"product","2":"type-product","3":"status-publish","4":"has-post-thumbnail","6":"product_cat-recambios-kia-besta","7":"product_cat-recambios-kia-bongo","8":"product_cat-recambios-kia-k2500","9":"product_cat-recambios-kia-k2700","10":"product_cat-recambios-kia-k2900","11":"product_cat-recambios-kia","13":"first","14":"outofstock","15":"taxable","16":"shipping-taxable","17":"purchasable","18":"product-type-simple"},"_links":{"self":[{"href":"https:\/\/galicianparts.com\/shop\/wp-json\/wp\/v2\/product\/15387"}],"collection":[{"href":"https:\/\/galicianparts.com\/shop\/wp-json\/wp\/v2\/product"}],"about":[{"href":"https:\/\/galicianparts.com\/shop\/wp-json\/wp\/v2\/types\/product"}],"wp:featuredmedia":[{"embeddable":true,"href":"https:\/\/galicianparts.com\/shop\/wp-json\/wp\/v2\/media\/15388"}],"wp:attachment":[{"href":"https:\/\/galicianparts.com\/shop\/wp-json\/wp\/v2\/media?parent=15387"}],"wp:term":[{"taxonomy":"product_cat","embeddable":true,"href":"https:\/\/galicianparts.com\/shop\/wp-json\/wp\/v2\/product_cat?post=15387"},{"taxonomy":"product_tag","embeddable":true,"href":"https:\/\/galicianparts.com\/shop\/wp-json\/wp\/v2\/product_tag?post=15387"}],"curies":[{"name":"wp","href":"https:\/\/api.w.org\/{rel}","templated":true}]}}