{"id":15392,"date":"2021-03-03T20:41:37","date_gmt":"2021-03-03T18:41:37","guid":{"rendered":"https:\/\/galicianparts.com\/shop\/producto\/0k2n12638z-kit-zapatas-tambor-freno-kia-sportage-cerato-shuma-sephia-hyundai-ix35\/"},"modified":"2021-03-03T20:44:36","modified_gmt":"2021-03-03T18:44:36","slug":"0k2n12638z-kit-zapatas-tambor-freno-kia-sportage-cerato-shuma-sephia-hyundai-ix35","status":"publish","type":"product","link":"https:\/\/galicianparts.com\/shop\/producto\/0k2n12638z-kit-zapatas-tambor-freno-kia-sportage-cerato-shuma-sephia-hyundai-ix35\/","title":{"rendered":"0K2N12638Z Kit zapatas tambor freno Kia Sportage \/ Cerato \/ Shuma \/ Sephia \/ Hyundai IX35"},"content":{"rendered":"<p>Juego, set de zapatas del tambor de freno trasero de:<br \/>\nKIA Cerato Berlina (LD) (A\u00f1o 04.2004 &#8211; 12.2009, 102 , Gasolina)<br \/>\n1.6, A\u00f1o 04.2004 &#8211; 12.2009, 1594 , 102<br \/>\nKIA Sephia I Hatchback (FA) (A\u00f1o 01.1995 &#8211; 10.1997, 80 , Gasolina)<br \/>\n1.5 i, A\u00f1o 02.1996 &#8211; 10.1997, 1498 , 80<br \/>\n1.6 i, A\u00f1o 01.1995 &#8211; 10.1997, 1598 , 80<br \/>\nKIA Sephia I Berlina (FA) (A\u00f1o 09.1993 &#8211; 10.1997, 80 &#8211; 112 , Gasolina)<br \/>\n1.5 i, A\u00f1o 02.1996 &#8211; 10.1997, 1498 , 80<br \/>\n1.6 i, A\u00f1o 09.1993 &#8211; 10.1997, 1598 , 80<br \/>\n1.8 i 16V, A\u00f1o 01.1995 &#8211; 10.1997, 1793 , 112<br \/>\nKIA Shuma I Hatchback (FB) (A\u00f1o 10.1997 &#8211; 12.2001, 88 &#8211; 110 , Gasolina)<br \/>\n1.5 i 16V, A\u00f1o 10.1997 &#8211; 03.2001, 1498 , 88<br \/>\n1.6, A\u00f1o 01.2001 &#8211; 12.2001, 1594 , 101<br \/>\n1.8 i 16V, A\u00f1o 10.1997 &#8211; 03.2001, 1793 , 110<br \/>\nKIA Shuma \/ Sephia II Berlina (FB) (A\u00f1o 03.1996 &#8211; 10.2001, 80 &#8211; 88 , Gasolina)<br \/>\n1.5, A\u00f1o 03.1996 &#8211; 12.1998, 1498 , 80<br \/>\n1.5 i 16V, A\u00f1o 10.1997 &#8211; 10.2001, 1498 , 88<br \/>\nKIA Shuma II Hatchback (FB) (A\u00f1o 05.2001 &#8211; 08.2004, 101 &#8211; 114 , Gasolina)<br \/>\n1.6, A\u00f1o 05.2001 &#8211; 08.2004, 1594 , 101<br \/>\n1.8, A\u00f1o 04.2003 &#8211; 08.2004, 1793 , 114<br \/>\nKIA Shuma II Berlina (FB) (A\u00f1o 05.2001 &#8211; 05.2004, 101 , Gasolina)<br \/>\n1.6, A\u00f1o 05.2001 &#8211; 05.2004, 1594 , 101<br \/>\nKIA Sportage III (SL) (A\u00f1o 02.2014 &#8211; &#8230;, 166 , Gasolina)<br \/>\n2.0 GDI, A\u00f1o 02.2014 &#8211; &#8230;, 1998 , 166<br \/>\nHYUNDAI ix35 (LM, EL, ELH) (A\u00f1o 08.2009 &#8211; &#8230;, 116 &#8211; 184 , Gas\u00f3leo,Gasolina)<br \/>\n1.6, A\u00f1o 11.2010 &#8211; &#8230;, 1591 , 135<br \/>\n1.7 CRDi, A\u00f1o 11.2010 &#8211; &#8230;, 1685 , 116<br \/>\n2.0 (G4KD), A\u00f1o 01.2010 &#8211; &#8230;, 1998 , 163<br \/>\n2.0, A\u00f1o 01.2010 &#8211; &#8230;, 1998 , 166<br \/>\n2.0 CRDi (D4HA), A\u00f1o 01.2010 &#8211; &#8230;, 1995 , 136<br \/>\n2.0 CRDi, A\u00f1o 01.2012 &#8211; &#8230;, 1995 , 184<br \/>\n2.0 CVVT, A\u00f1o 08.2009 &#8211; &#8230;, 1998 , 150<br \/>\n2.0 GDi, A\u00f1o 08.2013 &#8211; &#8230;, 1999 , 166<\/p>\n<p>LA PIEZA ES NUEVA Y ORIGINAL.<\/p>\n","protected":false},"excerpt":{"rendered":"<p>Juego, set de zapatas del tambor de freno trasero de: KIA Cerato Berlina (LD) (A\u00f1o 04.2004 &#8211; 12.2009, 102 , Gasolina) 1.6, A\u00f1o 04.2004 &#8211; 12.2009, 1594 , 102 KIA Sephia I Hatchback (FA) (A\u00f1o 01.1995 &#8211; 10.1997, 80 , Gasolina) 1.5 i, A\u00f1o 02.1996 &#8211; 10.1997, 1498 , 80 1.6 i, A\u00f1o 01.1995 &#8211; [&hellip;]<\/p>\n","protected":false},"featured_media":15393,"template":"","meta":{"_seopress_robots_primary_cat":"","_seopress_titles_title":"","_seopress_titles_desc":"","_seopress_robots_index":""},"product_cat":[214,271,298,22,202,258,217],"product_tag":[],"class_list":{"0":"post-15392","1":"product","2":"type-product","3":"status-publish","4":"has-post-thumbnail","6":"product_cat-recambios-kia-cerato","7":"product_cat-recambios-hyundai","8":"product_cat-recambios-hyundai-ix35","9":"product_cat-recambios-kia","10":"product_cat-recambios-kia-sephia","11":"product_cat-recambios-kia-shuma","12":"product_cat-recambios-kia-sportage","14":"first","15":"instock","16":"taxable","17":"shipping-taxable","18":"purchasable","19":"product-type-simple"},"_links":{"self":[{"href":"https:\/\/galicianparts.com\/shop\/wp-json\/wp\/v2\/product\/15392"}],"collection":[{"href":"https:\/\/galicianparts.com\/shop\/wp-json\/wp\/v2\/product"}],"about":[{"href":"https:\/\/galicianparts.com\/shop\/wp-json\/wp\/v2\/types\/product"}],"wp:featuredmedia":[{"embeddable":true,"href":"https:\/\/galicianparts.com\/shop\/wp-json\/wp\/v2\/media\/15393"}],"wp:attachment":[{"href":"https:\/\/galicianparts.com\/shop\/wp-json\/wp\/v2\/media?parent=15392"}],"wp:term":[{"taxonomy":"product_cat","embeddable":true,"href":"https:\/\/galicianparts.com\/shop\/wp-json\/wp\/v2\/product_cat?post=15392"},{"taxonomy":"product_tag","embeddable":true,"href":"https:\/\/galicianparts.com\/shop\/wp-json\/wp\/v2\/product_tag?post=15392"}],"curies":[{"name":"wp","href":"https:\/\/api.w.org\/{rel}","templated":true}]}}