{"id":15397,"date":"2021-03-03T21:00:14","date_gmt":"2021-03-03T19:00:14","guid":{"rendered":"https:\/\/galicianparts.com\/shop\/producto\/0k30a13480-filtro-de-gasolina-kia-rio-venga-hyundai-ix35-original\/"},"modified":"2021-09-06T10:59:25","modified_gmt":"2021-09-06T08:59:25","slug":"0k30a13480-filtro-de-gasolina-kia-rio-venga-hyundai-ix35-original","status":"publish","type":"product","link":"https:\/\/galicianparts.com\/shop\/producto\/0k30a13480-filtro-de-gasolina-kia-rio-venga-hyundai-ix35-original\/","title":{"rendered":"0K30A13480 Filtro de gasolina Kia Rio \/ Venga \/ Hyundai IX35 ORIGINAL"},"content":{"rendered":"<p>Filtro de combustible de:<br \/>\nKIA Rio II Hatchback (JB) (A\u00f1o 03.2005 &#8211; &#8230;, 97 &#8211; 112 , Gasolina)<br \/>\n1.4 16V, A\u00f1o 03.2005 &#8211; &#8230;, 1399 , 97<br \/>\n1.6 CVVT, A\u00f1o 03.2005 &#8211; &#8230;, 1599 , 112<br \/>\nKIA Rio II Berlina (JB) (A\u00f1o 03.2005 &#8211; &#8230;, 97 &#8211; 112 , Gasolina)<br \/>\n1.4 16V, A\u00f1o 03.2005 &#8211; &#8230;, 1399 , 97<br \/>\n1.6 16V, A\u00f1o 03.2005 &#8211; &#8230;, 1599 , 112<br \/>\nKIA Rio I Familiar (DC) (A\u00f1o 08.2000 &#8211; 02.2005, 75 &#8211; 98 , Gasolina)<br \/>\n1.3, A\u00f1o 08.2000 &#8211; 02.2005, 1343 , 75<br \/>\n1.3, A\u00f1o 08.2000 &#8211; 02.2005, 1343 , 82<br \/>\n1.5 16V, A\u00f1o 09.2002 &#8211; 02.2005, 1493 , 97<br \/>\n1.5 16V, A\u00f1o 08.2000 &#8211; 02.2005, 1493 , 98<br \/>\nKIA Rio I Berlina (DC) (A\u00f1o 09.2000 &#8211; 02.2005, 75 &#8211; 98 , Gasolina)<br \/>\n1.3, A\u00f1o 09.2000 &#8211; 02.2005, 1343 , 75<br \/>\n1.3, A\u00f1o 08.2002 &#8211; 02.2005, 1343 , 82<br \/>\n1.5, A\u00f1o 09.2002 &#8211; 02.2005, 1493 , 95<br \/>\n1.5 16V, A\u00f1o 09.2002 &#8211; 02.2005, 1493 , 97<br \/>\n1.5 16V, A\u00f1o 09.2000 &#8211; 02.2005, 1493 , 98<br \/>\nKIA Venga (YN) (A\u00f1o 02.2010 &#8211; &#8230;, 90 &#8211; 125 , Gasolina,Gasolina\/Gas (LPG))<br \/>\n1.4 CVVT, A\u00f1o 02.2010 &#8211; &#8230;, 1396 , 90<br \/>\n1.4 LPG, A\u00f1o 02.2010 &#8211; &#8230;, 1396 , 90<br \/>\n1.6 CVVT, A\u00f1o 02.2010 &#8211; &#8230;, 1591 , 125<br \/>\nHYUNDAI ix35 (LM, EL, ELH) (A\u00f1o 11.2010 &#8211; &#8230;, 135 , Gasolina)<br \/>\n1.6, A\u00f1o 11.2010 &#8211; &#8230;, 1591 , 135<\/p>\n<p>LA PIEZA ES NUEVA Y ORIGINAL.<\/p>\n","protected":false},"excerpt":{"rendered":"<p>Filtro de combustible de: KIA Rio II Hatchback (JB) (A\u00f1o 03.2005 &#8211; &#8230;, 97 &#8211; 112 , Gasolina) 1.4 16V, A\u00f1o 03.2005 &#8211; &#8230;, 1399 , 97 1.6 CVVT, A\u00f1o 03.2005 &#8211; &#8230;, 1599 , 112 KIA Rio II Berlina (JB) (A\u00f1o 03.2005 &#8211; &#8230;, 97 &#8211; 112 , Gasolina) 1.4 16V, A\u00f1o 03.2005 &#8211; [&hellip;]<\/p>\n","protected":false},"featured_media":15398,"template":"","meta":{"_seopress_robots_primary_cat":"","_seopress_titles_title":"","_seopress_titles_desc":"","_seopress_robots_index":""},"product_cat":[271,298,22,253,190],"product_tag":[],"class_list":{"0":"post-15397","1":"product","2":"type-product","3":"status-publish","4":"has-post-thumbnail","6":"product_cat-recambios-hyundai","7":"product_cat-recambios-hyundai-ix35","8":"product_cat-recambios-kia","9":"product_cat-recambios-kia-rio","10":"product_cat-recambios-kia-venga","12":"first","13":"outofstock","14":"taxable","15":"shipping-taxable","16":"purchasable","17":"product-type-simple"},"_links":{"self":[{"href":"https:\/\/galicianparts.com\/shop\/wp-json\/wp\/v2\/product\/15397"}],"collection":[{"href":"https:\/\/galicianparts.com\/shop\/wp-json\/wp\/v2\/product"}],"about":[{"href":"https:\/\/galicianparts.com\/shop\/wp-json\/wp\/v2\/types\/product"}],"wp:featuredmedia":[{"embeddable":true,"href":"https:\/\/galicianparts.com\/shop\/wp-json\/wp\/v2\/media\/15398"}],"wp:attachment":[{"href":"https:\/\/galicianparts.com\/shop\/wp-json\/wp\/v2\/media?parent=15397"}],"wp:term":[{"taxonomy":"product_cat","embeddable":true,"href":"https:\/\/galicianparts.com\/shop\/wp-json\/wp\/v2\/product_cat?post=15397"},{"taxonomy":"product_tag","embeddable":true,"href":"https:\/\/galicianparts.com\/shop\/wp-json\/wp\/v2\/product_tag?post=15397"}],"curies":[{"name":"wp","href":"https:\/\/api.w.org\/{rel}","templated":true}]}}