{"id":15407,"date":"2021-03-03T21:27:19","date_gmt":"2021-03-03T19:27:19","guid":{"rendered":"https:\/\/galicianparts.com\/shop\/producto\/0k75b3328z-kit-pastillas-freno-delantero-kia-carnival-pregio-original\/"},"modified":"2021-04-08T10:30:26","modified_gmt":"2021-04-08T08:30:26","slug":"0k75b3328z-kit-pastillas-freno-delantero-kia-carnival-pregio-original","status":"publish","type":"product","link":"https:\/\/galicianparts.com\/shop\/producto\/0k75b3328z-kit-pastillas-freno-delantero-kia-carnival-pregio-original\/","title":{"rendered":"0K75B3328Z Kit pastillas freno delantero Kia Carnival \/ Pregio ORIGINAL"},"content":{"rendered":"<p>Juego, set de pastillas de freno delanteras de:<br \/>\nKIA Carnival I (UP) (A\u00f1o 08.1999 &#8211; 10.2001, 126 &#8211; 165 , Gas\u00f3leo,Gasolina)<br \/>\n2.5 V6, A\u00f1o 08.1999 &#8211; 10.2001, 2497 , 165<br \/>\n2.9 TD, A\u00f1o 08.1999 &#8211; 10.2001, 2903 , 126<br \/>\nKIA Carnival I (GQ) (A\u00f1o 01.1999 &#8211; 09.2007, 126 &#8211; 194 , Gas\u00f3leo,Gasolina)<br \/>\n2.5 V6, A\u00f1o 10.2001 &#8211; 06.2006, 2497 , 150<br \/>\n2.9 CRDi, A\u00f1o 10.2001 &#8211; 06.2006, 2902 , 144<br \/>\n2.9 TD, A\u00f1o 01.1999 &#8211; 09.2007, 2903 , 126<br \/>\n3.5, A\u00f1o 07.2002 &#8211; 04.2006, 3497 , 194<br \/>\nKIA Pregio Bus (A\u00f1o 08.1995 &#8211; 09.2004, 94 , Gas\u00f3leo)<br \/>\n2.5 D, A\u00f1o 08.1995 &#8211; 09.2004, 2477 , 94<br \/>\nKIA Pregio Furg\u00f3n (TB) (A\u00f1o 10.1997 &#8211; &#8230;, 82 &#8211; 94 , Gas\u00f3leo)<br \/>\n2.5 TCi D, A\u00f1o 09.2002 &#8211; &#8230;, 2476 , 94<br \/>\n2.7 D, A\u00f1o 10.1997 &#8211; &#8230;, 2665 , 82<\/p>\n<p>LA PIEZA ES NUEVA Y ORIGINAL.<\/p>\n","protected":false},"excerpt":{"rendered":"<p>Juego, set de pastillas de freno delanteras de: KIA Carnival I (UP) (A\u00f1o 08.1999 &#8211; 10.2001, 126 &#8211; 165 , Gas\u00f3leo,Gasolina) 2.5 V6, A\u00f1o 08.1999 &#8211; 10.2001, 2497 , 165 2.9 TD, A\u00f1o 08.1999 &#8211; 10.2001, 2903 , 126 KIA Carnival I (GQ) (A\u00f1o 01.1999 &#8211; 09.2007, 126 &#8211; 194 , Gas\u00f3leo,Gasolina) 2.5 V6, A\u00f1o [&hellip;]<\/p>\n","protected":false},"featured_media":15408,"template":"","meta":{"_seopress_robots_primary_cat":"","_seopress_titles_title":"","_seopress_titles_desc":"","_seopress_robots_index":""},"product_cat":[254,22,259],"product_tag":[],"class_list":{"0":"post-15407","1":"product","2":"type-product","3":"status-publish","4":"has-post-thumbnail","6":"product_cat-recambios-kia-carnival","7":"product_cat-recambios-kia","8":"product_cat-recambios-kia-pregio","10":"first","11":"outofstock","12":"taxable","13":"shipping-taxable","14":"purchasable","15":"product-type-simple"},"_links":{"self":[{"href":"https:\/\/galicianparts.com\/shop\/wp-json\/wp\/v2\/product\/15407"}],"collection":[{"href":"https:\/\/galicianparts.com\/shop\/wp-json\/wp\/v2\/product"}],"about":[{"href":"https:\/\/galicianparts.com\/shop\/wp-json\/wp\/v2\/types\/product"}],"wp:featuredmedia":[{"embeddable":true,"href":"https:\/\/galicianparts.com\/shop\/wp-json\/wp\/v2\/media\/15408"}],"wp:attachment":[{"href":"https:\/\/galicianparts.com\/shop\/wp-json\/wp\/v2\/media?parent=15407"}],"wp:term":[{"taxonomy":"product_cat","embeddable":true,"href":"https:\/\/galicianparts.com\/shop\/wp-json\/wp\/v2\/product_cat?post=15407"},{"taxonomy":"product_tag","embeddable":true,"href":"https:\/\/galicianparts.com\/shop\/wp-json\/wp\/v2\/product_tag?post=15407"}],"curies":[{"name":"wp","href":"https:\/\/api.w.org\/{rel}","templated":true}]}}