{"id":15478,"date":"2021-03-04T12:43:44","date_gmt":"2021-03-04T10:43:44","guid":{"rendered":"https:\/\/galicianparts.com\/shop\/producto\/2811307200-filtro-aire-kia-picanto-2005-original\/"},"modified":"2021-03-04T12:47:26","modified_gmt":"2021-03-04T10:47:26","slug":"2811307200-filtro-aire-kia-picanto-2005-original","status":"publish","type":"product","link":"https:\/\/galicianparts.com\/shop\/producto\/2811307200-filtro-aire-kia-picanto-2005-original\/","title":{"rendered":"2811307200 Filtro Aire Kia Picanto 1.1 CRDI (2005-&#8230;) ORIGINAL"},"content":{"rendered":"<p>Filtro de aire de:<br \/>\nKIA Picanto I (SA) (A\u00f1o 11.2005 &#8211; &#8230;, 75 , Gas\u00f3leo)<br \/>\n 1.1 CRDi, A\u00f1o 11.2005 &#8211; &#8230;, 1120 , 75<\/p>\n<p>LA PIEZA ES NUEVA Y ORIGINAL.<\/p>\n","protected":false},"excerpt":{"rendered":"<p>Filtro de aire de: KIA Picanto I (SA) (A\u00f1o 11.2005 &#8211; &#8230;, 75 , Gas\u00f3leo) 1.1 CRDi, A\u00f1o 11.2005 &#8211; &#8230;, 1120 , 75 LA PIEZA ES NUEVA Y ORIGINAL.<\/p>\n","protected":false},"featured_media":15479,"template":"","meta":{"_seopress_robots_primary_cat":"","_seopress_titles_title":"","_seopress_titles_desc":"","_seopress_robots_index":""},"product_cat":[22,60],"product_tag":[],"class_list":{"0":"post-15478","1":"product","2":"type-product","3":"status-publish","4":"has-post-thumbnail","6":"product_cat-recambios-kia","7":"product_cat-recambios-kia-picanto","9":"first","10":"instock","11":"taxable","12":"shipping-taxable","13":"purchasable","14":"product-type-simple"},"_links":{"self":[{"href":"https:\/\/galicianparts.com\/shop\/wp-json\/wp\/v2\/product\/15478"}],"collection":[{"href":"https:\/\/galicianparts.com\/shop\/wp-json\/wp\/v2\/product"}],"about":[{"href":"https:\/\/galicianparts.com\/shop\/wp-json\/wp\/v2\/types\/product"}],"wp:featuredmedia":[{"embeddable":true,"href":"https:\/\/galicianparts.com\/shop\/wp-json\/wp\/v2\/media\/15479"}],"wp:attachment":[{"href":"https:\/\/galicianparts.com\/shop\/wp-json\/wp\/v2\/media?parent=15478"}],"wp:term":[{"taxonomy":"product_cat","embeddable":true,"href":"https:\/\/galicianparts.com\/shop\/wp-json\/wp\/v2\/product_cat?post=15478"},{"taxonomy":"product_tag","embeddable":true,"href":"https:\/\/galicianparts.com\/shop\/wp-json\/wp\/v2\/product_tag?post=15478"}],"curies":[{"name":"wp","href":"https:\/\/api.w.org\/{rel}","templated":true}]}}