{"id":15483,"date":"2021-03-04T12:56:06","date_gmt":"2021-03-04T10:56:06","guid":{"rendered":"https:\/\/galicianparts.com\/shop\/producto\/263104a000-filtro-aceite-kia-hyundai-original\/"},"modified":"2021-03-04T12:59:07","modified_gmt":"2021-03-04T10:59:07","slug":"263104a000-filtro-aceite-kia-hyundai-original","status":"publish","type":"product","link":"https:\/\/galicianparts.com\/shop\/producto\/263104a000-filtro-aceite-kia-hyundai-original\/","title":{"rendered":"263104A000 Filtro Aceite KIA \/ Hyundai ORIGINAL"},"content":{"rendered":"<p>Filtro de aceite de:<br \/>\nHYUNDAI H-1 \/ Starex MPV (A1) (A\u00f1o 06.1997 &#8211; 12.2007, 80 &#8211; 110 , Gas\u00f3leo)<br \/>\nHYUNDAI H-1 Cami\u00f3n de plataforma\/Chasis (A\u00f1o 06.2000 &#8211; 10.2005, 99 , Gas\u00f3leo)<br \/>\nHYUNDAI H-1 Cargo (TQ) (A\u00f1o 09.2007 &#8211; &#8230;, 101 &#8211; 128 , Gas\u00f3leo)<br \/>\nHYUNDAI H-1 Furg\u00f3n (A1) (A\u00f1o 03.2000 &#8211; 08.2007, 80 &#8211; 110 , Gas\u00f3leo)<br \/>\nHYUNDAI H-1 Travel (TQ) (A\u00f1o 09.2007 &#8211; &#8230;, 101 , Gas\u00f3leo)<br \/>\nHYUNDAI H350 Bus (A\u00f1o 04.2015 &#8211; &#8230;, 150 &#8211; 170 , Gas\u00f3leo)<br \/>\nHYUNDAI H350 Cami\u00f3n de plataforma\/Chasis (A\u00f1o 04.2015 &#8211; &#8230;, 150 &#8211; 170 , Gas\u00f3leo)<br \/>\nHYUNDAI H350 Furg\u00f3n (A\u00f1o 04.2015 &#8211; &#8230;, 150 &#8211; 170 , Gas\u00f3leo)<br \/>\nHYUNDAI Porter Cami\u00f3n de plataforma\/Chasis (A\u00f1o 01.2012 &#8211; &#8230;, 135 , Gas\u00f3leo)<br \/>\nHYUNDAI H100 Cami\u00f3n de plataforma\/Chasis (CRDi) (A\u00f1o 01.2004 &#8211; &#8230;, 101 &#8211; 130 , Gas\u00f3leo)<br \/>\nHYUNDAI Terracan (HP) (A\u00f1o 11.2001 &#8211; 12.2006, 150 &#8211; 163 , Gas\u00f3leo)<br \/>\nKIA Bongo III Cami\u00f3n de plataforma\/Chasis (A\u00f1o 10.2003 &#8211; &#8230;, 94 &#8211; 133 , Gas\u00f3leo)<br \/>\nKIA Carnival \/ Grand Carnival II (VQ) (A\u00f1o 06.2006 &#8211; &#8230;, 185 &#8211; 192 , Gas\u00f3leo)<br \/>\nKIA Carnival I (GQ) (A\u00f1o 01.1999 &#8211; 09.2007, 126 &#8211; 144 , Gas\u00f3leo)<br \/>\nKIA K2500 Cami\u00f3n de plataforma\/Chasis (SD) (A\u00f1o 01.2003 &#8211; &#8230;, 94 &#8211; 131 , Gas\u00f3leo)<br \/>\nKIA K2900 Cami\u00f3n de plataforma\/Chasis (A\u00f1o 01.2008 &#8211; &#8230;, 125 , Gas\u00f3leo)<br \/>\nKIA Pregio Bus (A\u00f1o 08.1995 &#8211; 09.2004, 94 , Gas\u00f3leo)<br \/>\nKIA Pregio Furg\u00f3n (TB) (A\u00f1o 10.1997 &#8211; &#8230;, 82 &#8211; 94 , Gas\u00f3leo)<\/p>\n<p> LA PIEZA ES NUEVA Y ORIGINAL.<\/p>\n","protected":false},"excerpt":{"rendered":"<p>Filtro de aceite de: HYUNDAI H-1 \/ Starex MPV (A1) (A\u00f1o 06.1997 &#8211; 12.2007, 80 &#8211; 110 , Gas\u00f3leo) HYUNDAI H-1 Cami\u00f3n de plataforma\/Chasis (A\u00f1o 06.2000 &#8211; 10.2005, 99 , Gas\u00f3leo) HYUNDAI H-1 Cargo (TQ) (A\u00f1o 09.2007 &#8211; &#8230;, 101 &#8211; 128 , Gas\u00f3leo) HYUNDAI H-1 Furg\u00f3n (A1) (A\u00f1o 03.2000 &#8211; 08.2007, 80 &#8211; 110 [&hellip;]<\/p>\n","protected":false},"featured_media":15484,"template":"","meta":{"_seopress_robots_primary_cat":"","_seopress_titles_title":"","_seopress_titles_desc":"","_seopress_robots_index":""},"product_cat":[269,254,290,291,314,271,265,312,22,315,259,306],"product_tag":[],"class_list":{"0":"post-15483","1":"product","2":"type-product","3":"status-publish","4":"has-post-thumbnail","6":"product_cat-recambios-kia-bongo","7":"product_cat-recambios-kia-carnival","8":"product_cat-recambios-hyundai-h1","9":"product_cat-recambios-hyundai-h100","10":"product_cat-recambios-hyundai-h350","11":"product_cat-recambios-hyundai","12":"product_cat-recambios-kia-k2500","13":"product_cat-recambios-kia-k2900","14":"product_cat-recambios-kia","15":"product_cat-recambios-hyundai-porter","16":"product_cat-recambios-kia-pregio","17":"product_cat-recambios-hyundai-terracan","19":"first","20":"instock","21":"taxable","22":"shipping-taxable","23":"purchasable","24":"product-type-simple"},"_links":{"self":[{"href":"https:\/\/galicianparts.com\/shop\/wp-json\/wp\/v2\/product\/15483"}],"collection":[{"href":"https:\/\/galicianparts.com\/shop\/wp-json\/wp\/v2\/product"}],"about":[{"href":"https:\/\/galicianparts.com\/shop\/wp-json\/wp\/v2\/types\/product"}],"wp:featuredmedia":[{"embeddable":true,"href":"https:\/\/galicianparts.com\/shop\/wp-json\/wp\/v2\/media\/15484"}],"wp:attachment":[{"href":"https:\/\/galicianparts.com\/shop\/wp-json\/wp\/v2\/media?parent=15483"}],"wp:term":[{"taxonomy":"product_cat","embeddable":true,"href":"https:\/\/galicianparts.com\/shop\/wp-json\/wp\/v2\/product_cat?post=15483"},{"taxonomy":"product_tag","embeddable":true,"href":"https:\/\/galicianparts.com\/shop\/wp-json\/wp\/v2\/product_tag?post=15483"}],"curies":[{"name":"wp","href":"https:\/\/api.w.org\/{rel}","templated":true}]}}