{"id":15487,"date":"2021-03-04T13:16:56","date_gmt":"2021-03-04T11:16:56","guid":{"rendered":"https:\/\/galicianparts.com\/shop\/producto\/2632027400-filtro-de-aceite-kia-hyundai-original\/"},"modified":"2021-03-04T13:20:35","modified_gmt":"2021-03-04T11:20:35","slug":"2632027400-filtro-de-aceite-kia-hyundai-original","status":"publish","type":"product","link":"https:\/\/galicianparts.com\/shop\/producto\/2632027400-filtro-de-aceite-kia-hyundai-original\/","title":{"rendered":"2632027400 Filtro de Aceite KIA \/ Hyundai ORIGINAL"},"content":{"rendered":"<p>Filtro de aceite de:<br \/>\nHYUNDAI Grandeur (HG) (A\u00f1o 01.2011 &#8211; &#8230;, 200 , Gas\u00f3leo)<br \/>\nHYUNDAI Grandeur (TG) (A\u00f1o 06.2006 &#8211; 12.2011, 150 &#8211; 155 , Gas\u00f3leo)<br \/>\nHYUNDAI i30 I Hatchback (FD) (A\u00f1o 10.2007 &#8211; 11.2011, 136 &#8211; 140 , Gas\u00f3leo)<br \/>\nHYUNDAI i30 I Familiar (FD) (A\u00f1o 02.2008 &#8211; 06.2012, 136 &#8211; 140 , Gas\u00f3leo)<br \/>\nHYUNDAI Santa Fe II (CM) (A\u00f1o 03.2006 &#8211; 12.2012, 139 &#8211; 155 , Gas\u00f3leo)<br \/>\nHYUNDAI Sonata V (NF) (A\u00f1o 02.2006 &#8211; 12.2010, 136 &#8211; 150 , Gas\u00f3leo)<br \/>\nHYUNDAI Tucson (JM) (A\u00f1o 01.2006 &#8211; 03.2010, 120 &#8211; 150 , Gas\u00f3leo)<br \/>\nKIA Carens III (UN) (A\u00f1o 09.2006 &#8211; &#8230;, 115 &#8211; 140 , Gas\u00f3leo)<br \/>\nKIA cee\u2018d I Hatchback (ED) (A\u00f1o 06.2007 &#8211; 12.2012, 136 &#8211; 140 , Gas\u00f3leo)<br \/>\nKIA cee\u2018d I Familiar (ED) (A\u00f1o 07.2007 &#8211; 12.2012, 136 &#8211; 140 , Gas\u00f3leo)<br \/>\nKIA Magentis II (MG) (A\u00f1o 11.2005 &#8211; 12.2008, 136 &#8211; 150 , Gas\u00f3leo)<br \/>\nKIA Pro cee\u2018d I Hatchback (ED) (A\u00f1o 02.2008 &#8211; 09.2012, 140 , Gas\u00f3leo)<br \/>\nKIA Sportage II (JE, KM) (A\u00f1o 01.2006 &#8211; &#8230;, 136 &#8211; 150 , Gas\u00f3leo)<\/p>\n<p> LA PIEZA ES NUEVA Y ORIGINAL.<\/p>\n","protected":false},"excerpt":{"rendered":"<p>Filtro de aceite de: HYUNDAI Grandeur (HG) (A\u00f1o 01.2011 &#8211; &#8230;, 200 , Gas\u00f3leo) HYUNDAI Grandeur (TG) (A\u00f1o 06.2006 &#8211; 12.2011, 150 &#8211; 155 , Gas\u00f3leo) HYUNDAI i30 I Hatchback (FD) (A\u00f1o 10.2007 &#8211; 11.2011, 136 &#8211; 140 , Gas\u00f3leo) HYUNDAI i30 I Familiar (FD) (A\u00f1o 02.2008 &#8211; 06.2012, 136 &#8211; 140 , Gas\u00f3leo) HYUNDAI [&hellip;]<\/p>\n","protected":false},"featured_media":15488,"template":"","meta":{"_seopress_robots_primary_cat":"","_seopress_titles_title":"","_seopress_titles_desc":"","_seopress_robots_index":""},"product_cat":[212,213,289,271,295,22,215,303,217,272],"product_tag":[],"class_list":{"0":"post-15487","1":"product","2":"type-product","3":"status-publish","4":"has-post-thumbnail","6":"product_cat-recambios-kia-carens","7":"product_cat-recambios-kia-ceed","8":"product_cat-recambios-hyundai-grandeur","9":"product_cat-recambios-hyundai","10":"product_cat-recambios-hyundai-i30","11":"product_cat-recambios-kia","12":"product_cat-recambios-kia-magentis","13":"product_cat-recambios-hyundai-santa-fe","14":"product_cat-recambios-kia-sportage","15":"product_cat-recambios-hyundai-tucson","17":"first","18":"instock","19":"taxable","20":"shipping-taxable","21":"purchasable","22":"product-type-simple"},"_links":{"self":[{"href":"https:\/\/galicianparts.com\/shop\/wp-json\/wp\/v2\/product\/15487"}],"collection":[{"href":"https:\/\/galicianparts.com\/shop\/wp-json\/wp\/v2\/product"}],"about":[{"href":"https:\/\/galicianparts.com\/shop\/wp-json\/wp\/v2\/types\/product"}],"wp:featuredmedia":[{"embeddable":true,"href":"https:\/\/galicianparts.com\/shop\/wp-json\/wp\/v2\/media\/15488"}],"wp:attachment":[{"href":"https:\/\/galicianparts.com\/shop\/wp-json\/wp\/v2\/media?parent=15487"}],"wp:term":[{"taxonomy":"product_cat","embeddable":true,"href":"https:\/\/galicianparts.com\/shop\/wp-json\/wp\/v2\/product_cat?post=15487"},{"taxonomy":"product_tag","embeddable":true,"href":"https:\/\/galicianparts.com\/shop\/wp-json\/wp\/v2\/product_tag?post=15487"}],"curies":[{"name":"wp","href":"https:\/\/api.w.org\/{rel}","templated":true}]}}