{"id":15505,"date":"2021-03-04T13:41:55","date_gmt":"2021-03-04T11:41:55","guid":{"rendered":"https:\/\/galicianparts.com\/shop\/producto\/0k60c23570-filtro-de-combustible-kia-hyundai-original\/"},"modified":"2021-03-09T10:21:17","modified_gmt":"2021-03-09T08:21:17","slug":"0k60c23570-filtro-de-combustible-kia-hyundai-original","status":"publish","type":"product","link":"https:\/\/galicianparts.com\/shop\/producto\/0k60c23570-filtro-de-combustible-kia-hyundai-original\/","title":{"rendered":"0K60C23570 Filtro de combustible KIA \/ Hyundai ORIGINAL"},"content":{"rendered":"<p>Filtro de combustible de:<br \/>\nHYUNDAI Galloper I (A\u00f1o 08.1991 &#8211; 07.1998, 85 &#8211; 95 , Gas\u00f3leo)<br \/>\nHYUNDAI Galloper II (A\u00f1o 08.1998 &#8211; 12.2003, 88 &#8211; 105 , Gas\u00f3leo)<br \/>\nHYUNDAI Grace Bus (A\u00f1o 10.1999 &#8211; 10.2004, 78 , Gas\u00f3leo)<br \/>\nHYUNDAI H-1 \/ Starex MPV (A1) (A\u00f1o 06.1997 &#8211; 12.2007, 78 &#8211; 101 , Gas\u00f3leo)<br \/>\nHYUNDAI H-1 Cami\u00f3n de plataforma\/Chasis (A\u00f1o 06.2000 &#8211; 10.2005, 99 , Gas\u00f3leo)<br \/>\nHYUNDAI H-1 Furg\u00f3n (A1) (A\u00f1o 03.2000 &#8211; 08.2007, 80 &#8211; 101 , Gas\u00f3leo)<br \/>\nHYUNDAI H100 Bus (P) (A\u00f1o 07.1993 &#8211; 10.2004, 75 &#8211; 80 , Gas\u00f3leo)<br \/>\nHYUNDAI H100 Cami\u00f3n de plataforma\/Chasis (A\u00f1o 07.1993 &#8211; 12.1997, 78 &#8211; 80 , Gas\u00f3leo)<br \/>\nHYUNDAI H100 Furg\u00f3n (A\u00f1o 07.1993 &#8211; 12.2004, 75 &#8211; 80 , Gas\u00f3leo)<br \/>\nHYUNDAI H100 Pick-up (A\u00f1o 05.1996 &#8211; 10.2001, 78 , Gas\u00f3leo)<br \/>\nHYUNDAI H100 Cami\u00f3n de plataforma\/Chasis (CRDi) (A\u00f1o 11.2006 &#8211; &#8230;, 101 , Gas\u00f3leo)<br \/>\nHYUNDAI Terracan (HP) (A\u00f1o 06.2001 &#8211; 12.2006, 101 , Gas\u00f3leo)<\/p>\n<p>KIA Bongo III Cami\u00f3n de plataforma\/Chasis (A\u00f1o 10.2003 &#8211; &#8230;, 94 , Gas\u00f3leo)<br \/>\nKIA Carnival I (UP) (A\u00f1o 08.1999 &#8211; 10.2001, 126 , Gas\u00f3leo)<br \/>\nKIA Carnival I (GQ) (A\u00f1o 01.1999 &#8211; 09.2007, 126 , Gas\u00f3leo)<br \/>\nKIA K2500 Cami\u00f3n de plataforma\/Chasis (SD) (A\u00f1o 01.2003 &#8211; &#8230;, 94 , Gas\u00f3leo)<br \/>\nKIA K2700 Cami\u00f3n de plataforma\/Chasis (A\u00f1o 01.2006 &#8211; &#8230;, 83 , Gas\u00f3leo)<br \/>\nKIA K2700 Cami\u00f3n de plataforma\/Chasis (SD) (A\u00f1o 10.1999 &#8211; &#8230;, 80 , Gas\u00f3leo)<br \/>\nKIA Pregio Bus (A\u00f1o 08.1995 &#8211; 09.2004, 94 , Gas\u00f3leo)<br \/>\nKIA Pregio Furg\u00f3n (TB) (A\u00f1o 10.1997 &#8211; &#8230;, 82 &#8211; 94 , Gas\u00f3leo)<\/p>\n<p> LA PIEZA ES NUEVA Y ORIGINAL.<\/p>\n","protected":false},"excerpt":{"rendered":"<p>Filtro de combustible de: HYUNDAI Galloper I (A\u00f1o 08.1991 &#8211; 07.1998, 85 &#8211; 95 , Gas\u00f3leo) HYUNDAI Galloper II (A\u00f1o 08.1998 &#8211; 12.2003, 88 &#8211; 105 , Gas\u00f3leo) HYUNDAI Grace Bus (A\u00f1o 10.1999 &#8211; 10.2004, 78 , Gas\u00f3leo) HYUNDAI H-1 \/ Starex MPV (A1) (A\u00f1o 06.1997 &#8211; 12.2007, 78 &#8211; 101 , Gas\u00f3leo) HYUNDAI H-1 [&hellip;]<\/p>\n","protected":false},"featured_media":15506,"template":"","meta":{"_seopress_robots_primary_cat":"","_seopress_titles_title":"","_seopress_titles_desc":"","_seopress_robots_index":""},"product_cat":[269,254,287,316,290,291,271,265,255,22,259,306],"product_tag":[],"class_list":{"0":"post-15505","1":"product","2":"type-product","3":"status-publish","4":"has-post-thumbnail","6":"product_cat-recambios-kia-bongo","7":"product_cat-recambios-kia-carnival","8":"product_cat-recambios-hyundai-galloper","9":"product_cat-recambios-hyundai-grace","10":"product_cat-recambios-hyundai-h1","11":"product_cat-recambios-hyundai-h100","12":"product_cat-recambios-hyundai","13":"product_cat-recambios-kia-k2500","14":"product_cat-recambios-kia-k2700","15":"product_cat-recambios-kia","16":"product_cat-recambios-kia-pregio","17":"product_cat-recambios-hyundai-terracan","19":"first","20":"instock","21":"taxable","22":"shipping-taxable","23":"purchasable","24":"product-type-simple"},"_links":{"self":[{"href":"https:\/\/galicianparts.com\/shop\/wp-json\/wp\/v2\/product\/15505"}],"collection":[{"href":"https:\/\/galicianparts.com\/shop\/wp-json\/wp\/v2\/product"}],"about":[{"href":"https:\/\/galicianparts.com\/shop\/wp-json\/wp\/v2\/types\/product"}],"wp:featuredmedia":[{"embeddable":true,"href":"https:\/\/galicianparts.com\/shop\/wp-json\/wp\/v2\/media\/15506"}],"wp:attachment":[{"href":"https:\/\/galicianparts.com\/shop\/wp-json\/wp\/v2\/media?parent=15505"}],"wp:term":[{"taxonomy":"product_cat","embeddable":true,"href":"https:\/\/galicianparts.com\/shop\/wp-json\/wp\/v2\/product_cat?post=15505"},{"taxonomy":"product_tag","embeddable":true,"href":"https:\/\/galicianparts.com\/shop\/wp-json\/wp\/v2\/product_tag?post=15505"}],"curies":[{"name":"wp","href":"https:\/\/api.w.org\/{rel}","templated":true}]}}