{"id":15526,"date":"2021-03-04T14:36:04","date_gmt":"2021-03-04T12:36:04","guid":{"rendered":"https:\/\/galicianparts.com\/shop\/producto\/0k2aa20490-filtro-combustible-kia-carens-cerato-sorento-shuma-original\/"},"modified":"2024-04-06T15:29:38","modified_gmt":"2024-04-06T13:29:38","slug":"0k2aa20490-filtro-combustible-kia-carens-cerato-sorento-shuma-original","status":"publish","type":"product","link":"https:\/\/galicianparts.com\/shop\/producto\/0k2aa20490-filtro-combustible-kia-carens-cerato-sorento-shuma-original\/","title":{"rendered":"0K2AA20490 Filtro combustible Kia Carens \/ Cerato \/ Sorento \/ Shuma ORIGINAL"},"content":{"rendered":"<p>Filtro de gasolina con soporte de:<br \/>\nKIA Carens I (FC) (A\u00f1o 03.2000 &#8211; 07.2002, 110 , Gasolina)<br \/>\n1.8 i, A\u00f1o 11.2000 &#8211; 07.2002, 1793 , 110<br \/>\n1.8 i 16V, A\u00f1o 03.2000 &#8211; 05.2002, 1793 , 110<br \/>\nKIA Carens I (FC) (A\u00f1o 03.2000 &#8211; 07.2002, 110 , Gasolina)<br \/>\n1.8 i, A\u00f1o 11.2000 &#8211; 07.2002, 1793 , 110<br \/>\n1.8 i 16V, A\u00f1o 03.2000 &#8211; 05.2002, 1793 , 110<br \/>\nKIA Shuma I Hatchback (FB) (A\u00f1o 01.2001 &#8211; 12.2001, 101 , Gasolina)<br \/>\n1.6, A\u00f1o 01.2001 &#8211; 12.2001, 1594 , 101<br \/>\nKIA Shuma II Hatchback (FB) (A\u00f1o 05.2001 &#8211; 08.2004, 101 &#8211; 114 , Gasolina)<br \/>\n1.6, A\u00f1o 05.2001 &#8211; 08.2004, 1594 , 101<br \/>\n1.8, A\u00f1o 05.2001 &#8211; 06.2004, 1793 , 110<br \/>\n1.8, A\u00f1o 04.2003 &#8211; 08.2004, 1793 , 114<br \/>\nKIA Shuma II Berlina (FB) (A\u00f1o 05.2001 &#8211; 05.2004, 101 , Gasolina)<br \/>\n1.6, A\u00f1o 05.2001 &#8211; 05.2004, 1594 , 101<br \/>\nKIA Sorento I (JC) (A\u00f1o 08.2002 &#8211; &#8230;, 139 &#8211; 194 , Gasolina)<br \/>\n2.4, A\u00f1o 08.2002 &#8211; &#8230;, 2351 , 139<br \/>\n3.5 V6, A\u00f1o 08.2002 &#8211; &#8230;, 3497 , 194<br \/>\nKIA Cerato Hatchback (LD) (A\u00f1o 04.2004 &#8211; 05.2007, 105 &#8211; 143 , Gasolina)<br \/>\n1.6, A\u00f1o 07.2004 &#8211; &#8230;, 1599 , 105<br \/>\n2.0, A\u00f1o 04.2004 &#8211; 05.2007, 1975 , 143<br \/>\nKIA Cerato Berlina (LD) (A\u00f1o 04.2004 &#8211; 12.2009, 102 &#8211; 143 , Gasolina)<br \/>\n1.6, A\u00f1o 04.2004 &#8211; 12.2009, 1594 , 102<br \/>\n1.6, A\u00f1o 04.2004 &#8211; 12.2009, 1599 , 105<br \/>\n2.0, A\u00f1o 04.2004 &#8211; 01.2007, 1975 , 143<\/p>\n<p>LA PIEZA ES NUEVA Y ORIGINAL.<\/p>\n","protected":false},"excerpt":{"rendered":"<p>Filtro de gasolina con soporte de: KIA Carens I (FC) (A\u00f1o 03.2000 &#8211; 07.2002, 110 , Gasolina) 1.8 i, A\u00f1o 11.2000 &#8211; 07.2002, 1793 , 110 1.8 i 16V, A\u00f1o 03.2000 &#8211; 05.2002, 1793 , 110 KIA Carens I (FC) (A\u00f1o 03.2000 &#8211; 07.2002, 110 , Gasolina) 1.8 i, A\u00f1o 11.2000 &#8211; 07.2002, 1793 , [&hellip;]<\/p>\n","protected":false},"featured_media":15527,"template":"","meta":{"_seopress_robots_primary_cat":"","_seopress_titles_title":"","_seopress_titles_desc":"","_seopress_robots_index":""},"product_cat":[212,257,22,258,278],"product_tag":[],"class_list":{"0":"post-15526","1":"product","2":"type-product","3":"status-publish","4":"has-post-thumbnail","6":"product_cat-recambios-kia-carens","7":"product_cat-recambios-kia-cerato","8":"product_cat-recambios-kia","9":"product_cat-recambios-kia-shuma","10":"product_cat-recambios-kia-sorento","12":"first","13":"outofstock","14":"taxable","15":"shipping-taxable","16":"purchasable","17":"product-type-simple"},"_links":{"self":[{"href":"https:\/\/galicianparts.com\/shop\/wp-json\/wp\/v2\/product\/15526"}],"collection":[{"href":"https:\/\/galicianparts.com\/shop\/wp-json\/wp\/v2\/product"}],"about":[{"href":"https:\/\/galicianparts.com\/shop\/wp-json\/wp\/v2\/types\/product"}],"wp:featuredmedia":[{"embeddable":true,"href":"https:\/\/galicianparts.com\/shop\/wp-json\/wp\/v2\/media\/15527"}],"wp:attachment":[{"href":"https:\/\/galicianparts.com\/shop\/wp-json\/wp\/v2\/media?parent=15526"}],"wp:term":[{"taxonomy":"product_cat","embeddable":true,"href":"https:\/\/galicianparts.com\/shop\/wp-json\/wp\/v2\/product_cat?post=15526"},{"taxonomy":"product_tag","embeddable":true,"href":"https:\/\/galicianparts.com\/shop\/wp-json\/wp\/v2\/product_tag?post=15526"}],"curies":[{"name":"wp","href":"https:\/\/api.w.org\/{rel}","templated":true}]}}