{"id":15536,"date":"2021-03-04T14:54:16","date_gmt":"2021-03-04T12:54:16","guid":{"rendered":"https:\/\/galicianparts.com\/shop\/producto\/252814x000-tensor-de-correa-auxiliar-m2-9d-hyundai-terracan-kia-carnival-bongo-k2900-original\/"},"modified":"2023-11-16T18:43:54","modified_gmt":"2023-11-16T16:43:54","slug":"252814x000-tensor-de-correa-auxiliar-m2-9d-hyundai-terracan-kia-carnival-bongo-k2900-original","status":"publish","type":"product","link":"https:\/\/galicianparts.com\/shop\/producto\/252814x000-tensor-de-correa-auxiliar-m2-9d-hyundai-terracan-kia-carnival-bongo-k2900-original\/","title":{"rendered":"252814X000 Tensor de correa auxiliar M2.9D Hyundai Terracan \/Kia Carnival \/Bongo \/K2900 ORIGINAL"},"content":{"rendered":"<p>Polea tensora de la correa de instrumentos de:<br \/>\nKIA Bongo III Cami\u00f3n de plataforma\/Chasis (A\u00f1o 10.2003 &#8211; &#8230;, 122 , Gas\u00f3leo)<br \/>\n2.9 TDiC, A\u00f1o 10.2003 &#8211; &#8230;, 2902 , 122<br \/>\n2.9 TDiC 4WD, A\u00f1o 10.2003 &#8211; &#8230;, 2902 , 122<br \/>\nKIA Carnival \/ Grand Carnival II (VQ) (A\u00f1o 06.2006 &#8211; &#8230;, 185 &#8211; 192 , Gas\u00f3leo)<br \/>\n2.9 CRDi, A\u00f1o 06.2006 &#8211; &#8230;, 2902 , 185<br \/>\n2.9 CRDi LX, A\u00f1o 09.2006 &#8211; &#8230;, 2902 , 192<br \/>\nKIA Carnival I (UP) (A\u00f1o 08.1999 &#8211; 10.2001, 126 , Gas\u00f3leo)<br \/>\n2.9 TD, A\u00f1o 08.1999 &#8211; 10.2001, 2903 , 126<br \/>\nKIA Carnival I (GQ) (A\u00f1o 01.1999 &#8211; 09.2007, 126 &#8211; 144 , Gas\u00f3leo)<br \/>\n2.9 CRDi, A\u00f1o 10.2001 &#8211; 06.2006, 2902 , 144<br \/>\n2.9 TD, A\u00f1o 01.1999 &#8211; 09.2007, 2903 , 126<br \/>\nKIA K2900 Cami\u00f3n de plataforma\/Chasis (A\u00f1o 01.2008 &#8211; &#8230;, 125 , Gas\u00f3leo)<br \/>\n2.9 D, A\u00f1o 01.2008 &#8211; &#8230;, 2902 , 125<br \/>\nHYUNDAI Terracan (HP) (A\u00f1o 11.2001 &#8211; 12.2006, 150 &#8211; 163 , Gas\u00f3leo)<br \/>\n2.9 CRDi, A\u00f1o 11.2001 &#8211; 07.2003, 2902 , 150<br \/>\n2.9 CRDi 4WD, A\u00f1o 12.2001 &#8211; 12.2006, 2902 , 150<br \/>\n2.9 CRDi 4WD, A\u00f1o 11.2003 &#8211; 12.2006, 2902 , 163<\/p>\n<p>LA PIEZA ES NUEVA Y ORIGINAL.<\/p>\n","protected":false},"excerpt":{"rendered":"<p>Polea tensora de la correa de instrumentos de: KIA Bongo III Cami\u00f3n de plataforma\/Chasis (A\u00f1o 10.2003 &#8211; &#8230;, 122 , Gas\u00f3leo) 2.9 TDiC, A\u00f1o 10.2003 &#8211; &#8230;, 2902 , 122 2.9 TDiC 4WD, A\u00f1o 10.2003 &#8211; &#8230;, 2902 , 122 KIA Carnival \/ Grand Carnival II (VQ) (A\u00f1o 06.2006 &#8211; &#8230;, 185 &#8211; 192 , [&hellip;]<\/p>\n","protected":false},"featured_media":15538,"template":"","meta":{"_seopress_robots_primary_cat":"","_seopress_titles_title":"","_seopress_titles_desc":"","_seopress_robots_index":""},"product_cat":[269,254,271,312,22,306],"product_tag":[],"class_list":{"0":"post-15536","1":"product","2":"type-product","3":"status-publish","4":"has-post-thumbnail","6":"product_cat-recambios-kia-bongo","7":"product_cat-recambios-kia-carnival","8":"product_cat-recambios-hyundai","9":"product_cat-recambios-kia-k2900","10":"product_cat-recambios-kia","11":"product_cat-recambios-hyundai-terracan","13":"first","14":"outofstock","15":"taxable","16":"shipping-taxable","17":"purchasable","18":"product-type-simple"},"_links":{"self":[{"href":"https:\/\/galicianparts.com\/shop\/wp-json\/wp\/v2\/product\/15536"}],"collection":[{"href":"https:\/\/galicianparts.com\/shop\/wp-json\/wp\/v2\/product"}],"about":[{"href":"https:\/\/galicianparts.com\/shop\/wp-json\/wp\/v2\/types\/product"}],"wp:featuredmedia":[{"embeddable":true,"href":"https:\/\/galicianparts.com\/shop\/wp-json\/wp\/v2\/media\/15538"}],"wp:attachment":[{"href":"https:\/\/galicianparts.com\/shop\/wp-json\/wp\/v2\/media?parent=15536"}],"wp:term":[{"taxonomy":"product_cat","embeddable":true,"href":"https:\/\/galicianparts.com\/shop\/wp-json\/wp\/v2\/product_cat?post=15536"},{"taxonomy":"product_tag","embeddable":true,"href":"https:\/\/galicianparts.com\/shop\/wp-json\/wp\/v2\/product_tag?post=15536"}],"curies":[{"name":"wp","href":"https:\/\/api.w.org\/{rel}","templated":true}]}}