{"id":15557,"date":"2021-03-04T18:10:13","date_gmt":"2021-03-04T16:10:13","guid":{"rendered":"https:\/\/galicianparts.com\/shop\/producto\/0k56a2638za-kit-zapatas-tambor-freno-kia-carnival-1999-2007-original\/"},"modified":"2021-04-05T17:14:36","modified_gmt":"2021-04-05T15:14:36","slug":"0k56a2638za-kit-zapatas-tambor-freno-kia-carnival-1999-2007-original","status":"publish","type":"product","link":"https:\/\/galicianparts.com\/shop\/producto\/0k56a2638za-kit-zapatas-tambor-freno-kia-carnival-1999-2007-original\/","title":{"rendered":"0K56A2638ZA Kit zapatas tambor freno Kia Carnival (1999-2007) ORIGINAL"},"content":{"rendered":"<p>Juego, set de zapatas del tambor de freno trasero de:<br \/>\nKIA Carnival I (UP) (A\u00f1o 08.1999 &#8211; 10.2001, 126 &#8211; 165 , Gas\u00f3leo,Gasolina)<br \/>\n2.5 V6, A\u00f1o 08.1999 &#8211; 10.2001, 2497 , 165<br \/>\n2.9 TD, A\u00f1o 08.1999 &#8211; 10.2001, 2903 , 126<br \/>\nKIA Carnival I (GQ) (A\u00f1o 01.1999 &#8211; 09.2007, 126 &#8211; 150 , Gas\u00f3leo,Gasolina)<br \/>\n2.5 V6, A\u00f1o 10.2001 &#8211; 06.2006, 2497 , 150<br \/>\n2.9 CRDi, A\u00f1o 10.2001 &#8211; 06.2006, 2902 , 144<br \/>\n2.9 TD, A\u00f1o 01.1999 &#8211; 09.2007, 2903 , 126<\/p>\n<p>LA PIEZA ES NUEVA Y ORIGINAL.<\/p>\n","protected":false},"excerpt":{"rendered":"<p>Juego, set de zapatas del tambor de freno trasero de: KIA Carnival I (UP) (A\u00f1o 08.1999 &#8211; 10.2001, 126 &#8211; 165 , Gas\u00f3leo,Gasolina) 2.5 V6, A\u00f1o 08.1999 &#8211; 10.2001, 2497 , 165 2.9 TD, A\u00f1o 08.1999 &#8211; 10.2001, 2903 , 126 KIA Carnival I (GQ) (A\u00f1o 01.1999 &#8211; 09.2007, 126 &#8211; 150 , Gas\u00f3leo,Gasolina) 2.5 [&hellip;]<\/p>\n","protected":false},"featured_media":15558,"template":"","meta":{"_seopress_robots_primary_cat":"","_seopress_titles_title":"","_seopress_titles_desc":"","_seopress_robots_index":""},"product_cat":[254,22],"product_tag":[],"class_list":{"0":"post-15557","1":"product","2":"type-product","3":"status-publish","4":"has-post-thumbnail","6":"product_cat-recambios-kia-carnival","7":"product_cat-recambios-kia","9":"first","10":"outofstock","11":"taxable","12":"shipping-taxable","13":"purchasable","14":"product-type-simple"},"_links":{"self":[{"href":"https:\/\/galicianparts.com\/shop\/wp-json\/wp\/v2\/product\/15557"}],"collection":[{"href":"https:\/\/galicianparts.com\/shop\/wp-json\/wp\/v2\/product"}],"about":[{"href":"https:\/\/galicianparts.com\/shop\/wp-json\/wp\/v2\/types\/product"}],"wp:featuredmedia":[{"embeddable":true,"href":"https:\/\/galicianparts.com\/shop\/wp-json\/wp\/v2\/media\/15558"}],"wp:attachment":[{"href":"https:\/\/galicianparts.com\/shop\/wp-json\/wp\/v2\/media?parent=15557"}],"wp:term":[{"taxonomy":"product_cat","embeddable":true,"href":"https:\/\/galicianparts.com\/shop\/wp-json\/wp\/v2\/product_cat?post=15557"},{"taxonomy":"product_tag","embeddable":true,"href":"https:\/\/galicianparts.com\/shop\/wp-json\/wp\/v2\/product_tag?post=15557"}],"curies":[{"name":"wp","href":"https:\/\/api.w.org\/{rel}","templated":true}]}}