{"id":15563,"date":"2021-03-04T18:30:23","date_gmt":"2021-03-04T16:30:23","guid":{"rendered":"https:\/\/galicianparts.com\/shop\/producto\/0s08472230e-rodillo-guia-central-puerta-lateral-kia-besta-1995-2000-nueva-original\/"},"modified":"2021-03-10T22:25:30","modified_gmt":"2021-03-10T20:25:30","slug":"0s08472230e-rodillo-guia-central-puerta-lateral-kia-besta-1995-2000-nueva-original","status":"publish","type":"product","link":"https:\/\/galicianparts.com\/shop\/producto\/0s08472230e-rodillo-guia-central-puerta-lateral-kia-besta-1995-2000-nueva-original\/","title":{"rendered":"0S08472230E Rodillo gu\u00eda central puerta lateral Kia Besta (1995-2000) NUEVA ORIGINAL"},"content":{"rendered":"<p>Pat\u00edn de la gu\u00eda central de la puerta de corredera lateral de Kia Besta (1995-2000).<\/p>\n<p>LA PIEZA ES NUEVA Y ORIGINAL.<\/p>\n","protected":false},"excerpt":{"rendered":"<p>Pat\u00edn de la gu\u00eda central de la puerta de corredera lateral de Kia Besta (1995-2000). LA PIEZA ES NUEVA Y ORIGINAL.<\/p>\n","protected":false},"featured_media":15564,"template":"","meta":{"_seopress_robots_primary_cat":"","_seopress_titles_title":"","_seopress_titles_desc":"","_seopress_robots_index":""},"product_cat":[221,22],"product_tag":[],"class_list":{"0":"post-15563","1":"product","2":"type-product","3":"status-publish","4":"has-post-thumbnail","6":"product_cat-recambios-kia-besta","7":"product_cat-recambios-kia","9":"first","10":"outofstock","11":"taxable","12":"shipping-taxable","13":"purchasable","14":"product-type-simple"},"_links":{"self":[{"href":"https:\/\/galicianparts.com\/shop\/wp-json\/wp\/v2\/product\/15563"}],"collection":[{"href":"https:\/\/galicianparts.com\/shop\/wp-json\/wp\/v2\/product"}],"about":[{"href":"https:\/\/galicianparts.com\/shop\/wp-json\/wp\/v2\/types\/product"}],"wp:featuredmedia":[{"embeddable":true,"href":"https:\/\/galicianparts.com\/shop\/wp-json\/wp\/v2\/media\/15564"}],"wp:attachment":[{"href":"https:\/\/galicianparts.com\/shop\/wp-json\/wp\/v2\/media?parent=15563"}],"wp:term":[{"taxonomy":"product_cat","embeddable":true,"href":"https:\/\/galicianparts.com\/shop\/wp-json\/wp\/v2\/product_cat?post=15563"},{"taxonomy":"product_tag","embeddable":true,"href":"https:\/\/galicianparts.com\/shop\/wp-json\/wp\/v2\/product_tag?post=15563"}],"curies":[{"name":"wp","href":"https:\/\/api.w.org\/{rel}","templated":true}]}}