{"id":15569,"date":"2021-03-04T18:52:16","date_gmt":"2021-03-04T16:52:16","guid":{"rendered":"https:\/\/galicianparts.com\/shop\/producto\/0k72a2638z-zapatas-tambor-freno-hyundai-h100-kia-besta-bongo-pregio-k2500-k2700-k2900\/"},"modified":"2022-03-07T12:26:34","modified_gmt":"2022-03-07T10:26:34","slug":"0k72a2638z-zapatas-tambor-freno-hyundai-h100-kia-besta-bongo-pregio-k2500-k2700-k2900","status":"publish","type":"product","link":"https:\/\/galicianparts.com\/shop\/producto\/0k72a2638z-zapatas-tambor-freno-hyundai-h100-kia-besta-bongo-pregio-k2500-k2700-k2900\/","title":{"rendered":"0K72A2638Z Zapatas tambor freno Hyundai H100 \/ Kia Besta \/ Bongo \/ Pregio \/ K2500 \/ K2700 \/ K2900"},"content":{"rendered":"<p>Kit de zapatas del tambor de freno trasero de:<br \/>\nKIA Besta Bus (A\u00f1o 07.1992 &#8211; 12.2003, 65 , Gas\u00f3leo)<br \/>\n2.2 D, A\u00f1o 07.1992 &#8211; 12.2003, 2184 , 65<br \/>\nKIA Besta Furg\u00f3n (A\u00f1o 07.1993 &#8211; 12.2003, 65 &#8211; 69 , Gas\u00f3leo)<br \/>\n2.2 D, A\u00f1o 02.1996 &#8211; 12.2003, 2184 , 65<br \/>\n2.4 D, A\u00f1o 07.1993 &#8211; 12.2003, 2417 , 69<br \/>\nKIA Bongo III Cami\u00f3n de plataforma\/Chasis (A\u00f1o 10.2003 &#8211; &#8230;, 94 &#8211; 133 , Gas\u00f3leo)<br \/>\n2.4 TDCi, A\u00f1o 10.2003 &#8211; &#8230;, 2477 , 94<br \/>\n2.5 CRDi, A\u00f1o 01.2012 &#8211; &#8230;, 2497 , 133<br \/>\n2.9 TDiC, A\u00f1o 10.2003 &#8211; &#8230;, 2902 , 122<br \/>\n2.9 TDiC 4WD, A\u00f1o 10.2003 &#8211; &#8230;, 2902 , 122<br \/>\nKIA K2500 Cami\u00f3n de plataforma\/Chasis (SD) (A\u00f1o 01.2003 &#8211; &#8230;, 94 &#8211; 131 , Gas\u00f3leo)<br \/>\n2.5 CRDi, A\u00f1o 01.2010 &#8211; &#8230;, 2497 , 131<br \/>\n2.5 D, A\u00f1o 01.2003 &#8211; &#8230;, 2476 , 94<br \/>\nKIA K2700 Cami\u00f3n de plataforma\/Chasis (SD) (A\u00f1o 10.1999 &#8211; &#8230;, 80 , Gas\u00f3leo)<br \/>\n2.7 D, A\u00f1o 10.1999 &#8211; &#8230;, 2665 , 80<br \/>\nKIA K2900 Cami\u00f3n de plataforma\/Chasis (A\u00f1o 01.2008 &#8211; &#8230;, 125 , Gas\u00f3leo)<br \/>\n2.9 D, A\u00f1o 01.2008 &#8211; &#8230;, 2902 , 125<br \/>\nKIA Pregio Bus (A\u00f1o 08.1995 &#8211; 09.2004, 94 , Gas\u00f3leo)<br \/>\n2.5 D, A\u00f1o 08.1995 &#8211; 09.2004, 2477 , 94<br \/>\nKIA Pregio Furg\u00f3n (TB) (A\u00f1o 10.1997 &#8211; &#8230;, 82 &#8211; 94 , Gas\u00f3leo)<br \/>\nHYUNDAI H100 Furg\u00f3n (A\u00f1o 12.1994 &#8211; 03.2000, 78 , Gas\u00f3leo)<br \/>\n2.5 D, A\u00f1o 12.1994 &#8211; 03.2000, 2477 , 78<\/p>\n<p>LA PIEZA ES NUEVA Y ORIGINAL.<\/p>\n","protected":false},"excerpt":{"rendered":"<p>Kit de zapatas del tambor de freno trasero de: KIA Besta Bus (A\u00f1o 07.1992 &#8211; 12.2003, 65 , Gas\u00f3leo) 2.2 D, A\u00f1o 07.1992 &#8211; 12.2003, 2184 , 65 KIA Besta Furg\u00f3n (A\u00f1o 07.1993 &#8211; 12.2003, 65 &#8211; 69 , Gas\u00f3leo) 2.2 D, A\u00f1o 02.1996 &#8211; 12.2003, 2184 , 65 2.4 D, A\u00f1o 07.1993 &#8211; 12.2003, [&hellip;]<\/p>\n","protected":false},"featured_media":15570,"template":"","meta":{"_seopress_robots_primary_cat":"","_seopress_titles_title":"","_seopress_titles_desc":"","_seopress_robots_index":""},"product_cat":[221,269,291,271,265,255,312,22,259],"product_tag":[],"class_list":{"0":"post-15569","1":"product","2":"type-product","3":"status-publish","4":"has-post-thumbnail","6":"product_cat-recambios-kia-besta","7":"product_cat-recambios-kia-bongo","8":"product_cat-recambios-hyundai-h100","9":"product_cat-recambios-hyundai","10":"product_cat-recambios-kia-k2500","11":"product_cat-recambios-kia-k2700","12":"product_cat-recambios-kia-k2900","13":"product_cat-recambios-kia","14":"product_cat-recambios-kia-pregio","16":"first","17":"outofstock","18":"taxable","19":"shipping-taxable","20":"purchasable","21":"product-type-simple"},"_links":{"self":[{"href":"https:\/\/galicianparts.com\/shop\/wp-json\/wp\/v2\/product\/15569"}],"collection":[{"href":"https:\/\/galicianparts.com\/shop\/wp-json\/wp\/v2\/product"}],"about":[{"href":"https:\/\/galicianparts.com\/shop\/wp-json\/wp\/v2\/types\/product"}],"wp:featuredmedia":[{"embeddable":true,"href":"https:\/\/galicianparts.com\/shop\/wp-json\/wp\/v2\/media\/15570"}],"wp:attachment":[{"href":"https:\/\/galicianparts.com\/shop\/wp-json\/wp\/v2\/media?parent=15569"}],"wp:term":[{"taxonomy":"product_cat","embeddable":true,"href":"https:\/\/galicianparts.com\/shop\/wp-json\/wp\/v2\/product_cat?post=15569"},{"taxonomy":"product_tag","embeddable":true,"href":"https:\/\/galicianparts.com\/shop\/wp-json\/wp\/v2\/product_tag?post=15569"}],"curies":[{"name":"wp","href":"https:\/\/api.w.org\/{rel}","templated":true}]}}