{"id":15663,"date":"2021-03-05T14:09:29","date_gmt":"2021-03-05T12:09:29","guid":{"rendered":"https:\/\/galicianparts.com\/shop\/producto\/0k72a32860-cardan-columna-direccion-kia-besta-bongo-k2500-k2700-k2900-pregio-nuevo-original\/"},"modified":"2023-03-21T17:53:33","modified_gmt":"2023-03-21T15:53:33","slug":"0k72a32860-cardan-columna-direccion-kia-besta-bongo-k2500-k2700-k2900-pregio-nuevo-original","status":"publish","type":"product","link":"https:\/\/galicianparts.com\/shop\/producto\/0k72a32860-cardan-columna-direccion-kia-besta-bongo-k2500-k2700-k2900-pregio-nuevo-original\/","title":{"rendered":"0K72A32860 Cardan columna direcci\u00f3n Kia Besta \/ Bongo \/ K2500 \/ K2700 \/ K2900 \/ Pregio NUEVO ORIGINAL"},"content":{"rendered":"<p>Articulaci\u00f3n de la columna de direcci\u00f3n de:<br \/>\nKIA Besta Furg\u00f3n (A\u00f1o 02.1997 &#8211; 12.2003, 86 , Gas\u00f3leo)<br \/>\nKIA Bongo III Cami\u00f3n de plataforma\/Chasis (A\u00f1o 10.2003 &#8211; &#8230;, 94 &#8211; 133 , Gas\u00f3leo)<br \/>\nKIA K2500 Cami\u00f3n de plataforma\/Chasis (SD) (A\u00f1o 01.2003 &#8211; &#8230;, 94 &#8211; 131 , Gas\u00f3leo)<br \/>\nKIA K2700 Cami\u00f3n de plataforma\/Chasis (A\u00f1o 01.2006 &#8211; &#8230;, 80 &#8211; 83 , Gas\u00f3leo)<br \/>\nKIA K2700 Cami\u00f3n de plataforma\/Chasis (K62W) (A\u00f1o 03.1997 &#8211; 09.1999, 83 , Gas\u00f3leo)<br \/>\nKIA K2700 Cami\u00f3n de plataforma\/Chasis (SD) (A\u00f1o 10.1999 &#8211; 10.2003, 80 &#8211; 106 , Gas\u00f3leo)<br \/>\nKIA K2900 Cami\u00f3n de plataforma\/Chasis (A\u00f1o 01.2008 &#8211; &#8230;, 125 , Gas\u00f3leo)<br \/>\nKIA Pregio Bus (A\u00f1o 08.1995 &#8211; 09.2004, 94 , Gas\u00f3leo)<br \/>\nKIA Pregio Furg\u00f3n (TB) (A\u00f1o 10.1997 &#8211; &#8230;, 82 &#8211; 94 , Gas\u00f3leo)<\/p>\n<p>LA PIEZA ES NUEVA Y ORIGINAL.<\/p>\n","protected":false},"excerpt":{"rendered":"<p>Articulaci\u00f3n de la columna de direcci\u00f3n de: KIA Besta Furg\u00f3n (A\u00f1o 02.1997 &#8211; 12.2003, 86 , Gas\u00f3leo) KIA Bongo III Cami\u00f3n de plataforma\/Chasis (A\u00f1o 10.2003 &#8211; &#8230;, 94 &#8211; 133 , Gas\u00f3leo) KIA K2500 Cami\u00f3n de plataforma\/Chasis (SD) (A\u00f1o 01.2003 &#8211; &#8230;, 94 &#8211; 131 , Gas\u00f3leo) KIA K2700 Cami\u00f3n de plataforma\/Chasis (A\u00f1o 01.2006 &#8211; [&hellip;]<\/p>\n","protected":false},"featured_media":15664,"template":"","meta":{"_seopress_robots_primary_cat":"","_seopress_titles_title":"","_seopress_titles_desc":"","_seopress_robots_index":""},"product_cat":[221,269,265,255,312,22,259],"product_tag":[],"class_list":{"0":"post-15663","1":"product","2":"type-product","3":"status-publish","4":"has-post-thumbnail","6":"product_cat-recambios-kia-besta","7":"product_cat-recambios-kia-bongo","8":"product_cat-recambios-kia-k2500","9":"product_cat-recambios-kia-k2700","10":"product_cat-recambios-kia-k2900","11":"product_cat-recambios-kia","12":"product_cat-recambios-kia-pregio","14":"first","15":"outofstock","16":"taxable","17":"shipping-taxable","18":"purchasable","19":"product-type-simple"},"_links":{"self":[{"href":"https:\/\/galicianparts.com\/shop\/wp-json\/wp\/v2\/product\/15663"}],"collection":[{"href":"https:\/\/galicianparts.com\/shop\/wp-json\/wp\/v2\/product"}],"about":[{"href":"https:\/\/galicianparts.com\/shop\/wp-json\/wp\/v2\/types\/product"}],"wp:featuredmedia":[{"embeddable":true,"href":"https:\/\/galicianparts.com\/shop\/wp-json\/wp\/v2\/media\/15664"}],"wp:attachment":[{"href":"https:\/\/galicianparts.com\/shop\/wp-json\/wp\/v2\/media?parent=15663"}],"wp:term":[{"taxonomy":"product_cat","embeddable":true,"href":"https:\/\/galicianparts.com\/shop\/wp-json\/wp\/v2\/product_cat?post=15663"},{"taxonomy":"product_tag","embeddable":true,"href":"https:\/\/galicianparts.com\/shop\/wp-json\/wp\/v2\/product_tag?post=15663"}],"curies":[{"name":"wp","href":"https:\/\/api.w.org\/{rel}","templated":true}]}}