{"id":15669,"date":"2021-03-05T14:28:05","date_gmt":"2021-03-05T12:28:05","guid":{"rendered":"https:\/\/galicianparts.com\/shop\/producto\/2441027000-tensor-de-correa-dentada-hyundai-kia-nuevo-original\/"},"modified":"2021-03-05T14:29:47","modified_gmt":"2021-03-05T12:29:47","slug":"2441027000-tensor-de-correa-dentada-hyundai-kia-nuevo-original","status":"publish","type":"product","link":"https:\/\/galicianparts.com\/shop\/producto\/2441027000-tensor-de-correa-dentada-hyundai-kia-nuevo-original\/","title":{"rendered":"2441027000 Tensor de correa dentada Hyundai \/ KIA NUEVO ORIGINAL"},"content":{"rendered":"<p>Polea tensora de la correa de distribuci\u00f3n de 58mm diametro y 32mm ancho   de:<br \/>\nHYUNDAI Accent II Berlina (LC) (A\u00f1o 01.2002 &#8211; 11.2005, 82 , Gas\u00f3leo)<br \/>\nHYUNDAI Elantra III Hatchback (XD) (A\u00f1o 04.2001 &#8211; 07.2006, 113 , Gas\u00f3leo)<br \/>\nHYUNDAI Elantra III Berlina (XD) (A\u00f1o 04.2001 &#8211; 07.2006, 113 , Gas\u00f3leo)<br \/>\nHYUNDAI Getz (TB) (A\u00f1o 03.2003 &#8211; 09.2005, 82 &#8211; 102 , Gas\u00f3leo)<br \/>\nHYUNDAI Grandeur (TG) (A\u00f1o 06.2006 &#8211; 12.2011, 150 &#8211; 155 , Gas\u00f3leo)<br \/>\nHYUNDAI i30 I Hatchback (FD) (A\u00f1o 10.2007 &#8211; 11.2011, 136 &#8211; 140 , Gas\u00f3leo)<br \/>\nHYUNDAI i30 I Familiar (FD) (A\u00f1o 02.2008 &#8211; 06.2012, 136 &#8211; 140 , Gas\u00f3leo)<br \/>\nHYUNDAI Matrix (FC) (A\u00f1o 10.2001 &#8211; 08.2010, 82 &#8211; 102 , Gas\u00f3leo)<br \/>\nHYUNDAI Santa Fe I (SM) (A\u00f1o 04.2001 &#8211; 03.2006, 113 &#8211; 145 , Gas\u00f3leo)<br \/>\nHYUNDAI Santa Fe II (CM) (A\u00f1o 03.2006 &#8211; 12.2012, 139 &#8211; 200 , Gas\u00f3leo)<br \/>\nHYUNDAI Sonata V (NF) (A\u00f1o 02.2006 &#8211; 12.2010, 136 &#8211; 150 , Gas\u00f3leo)<br \/>\nHYUNDAI Trajet (FO) (A\u00f1o 04.2001 &#8211; 07.2008, 113 &#8211; 125 , Gas\u00f3leo)<br \/>\nHYUNDAI Tucson (JM) (A\u00f1o 08.2004 &#8211; 03.2010, 113 &#8211; 150 , Gas\u00f3leo)<br \/>\nKIA Carens II (FJ) (A\u00f1o 07.2002 &#8211; &#8230;, 113 &#8211; 140 , Gas\u00f3leo)<br \/>\nKIA Carens III (UN) (A\u00f1o 09.2006 &#8211; &#8230;, 115 &#8211; 140 , Gas\u00f3leo)<br \/>\nKIA cee\u2018d I Hatchback (ED) (A\u00f1o 06.2007 &#8211; 12.2012, 136 &#8211; 140 , Gas\u00f3leo)<br \/>\nKIA cee\u2018d I Familiar (ED) (A\u00f1o 07.2007 &#8211; 12.2012, 136 &#8211; 140 , Gas\u00f3leo)<br \/>\nKIA Cerato Hatchback (LD) (A\u00f1o 04.2004 &#8211; &#8230;, 112 , Gas\u00f3leo)<br \/>\nKIA Cerato Berlina (LD) (A\u00f1o 04.2004 &#8211; 05.2006, 112 , Gas\u00f3leo)<br \/>\nKIA Magentis II (MG) (A\u00f1o 11.2005 &#8211; 12.2008, 136 &#8211; 150 , Gas\u00f3leo)<br \/>\nKIA Pro cee\u2018d I Hatchback (ED) (A\u00f1o 02.2008 &#8211; 09.2012, 140 , Gas\u00f3leo)<br \/>\nKIA Sportage II (JE, KM) (A\u00f1o 09.2004 &#8211; &#8230;, 113 &#8211; 150 , Gas\u00f3leo)<\/p>\n<p>LA PIEZA ES NUEVA Y ORIGINAL.<\/p>\n","protected":false},"excerpt":{"rendered":"<p>Polea tensora de la correa de distribuci\u00f3n de 58mm diametro y 32mm ancho de: HYUNDAI Accent II Berlina (LC) (A\u00f1o 01.2002 &#8211; 11.2005, 82 , Gas\u00f3leo) HYUNDAI Elantra III Hatchback (XD) (A\u00f1o 04.2001 &#8211; 07.2006, 113 , Gas\u00f3leo) HYUNDAI Elantra III Berlina (XD) (A\u00f1o 04.2001 &#8211; 07.2006, 113 , Gas\u00f3leo) HYUNDAI Getz (TB) (A\u00f1o 03.2003 [&hellip;]<\/p>\n","protected":false},"featured_media":15670,"template":"","meta":{"_seopress_robots_primary_cat":"","_seopress_titles_title":"","_seopress_titles_desc":"","_seopress_robots_index":""},"product_cat":[282,212,213,257,285,288,289,271,295,22,215,301,216,303,305,217,307,272],"product_tag":[],"class_list":{"0":"post-15669","1":"product","2":"type-product","3":"status-publish","4":"has-post-thumbnail","6":"product_cat-recambios-hyundai-accent","7":"product_cat-recambios-kia-carens","8":"product_cat-recambios-kia-ceed","9":"product_cat-recambios-kia-cerato","10":"product_cat-recambios-hyundai-elantra","11":"product_cat-recambios-hyundai-getz","12":"product_cat-recambios-hyundai-grandeur","13":"product_cat-recambios-hyundai","14":"product_cat-recambios-hyundai-i30","15":"product_cat-recambios-kia","16":"product_cat-recambios-kia-magentis","17":"product_cat-recambios-hyundai-matrix","18":"product_cat-recambios-kia-pro-ceed","19":"product_cat-recambios-hyundai-santa-fe","20":"product_cat-recambios-hyundai-sonata","21":"product_cat-recambios-kia-sportage","22":"product_cat-recambios-hyundai-trajet","23":"product_cat-recambios-hyundai-tucson","25":"first","26":"instock","27":"taxable","28":"shipping-taxable","29":"purchasable","30":"product-type-simple"},"_links":{"self":[{"href":"https:\/\/galicianparts.com\/shop\/wp-json\/wp\/v2\/product\/15669"}],"collection":[{"href":"https:\/\/galicianparts.com\/shop\/wp-json\/wp\/v2\/product"}],"about":[{"href":"https:\/\/galicianparts.com\/shop\/wp-json\/wp\/v2\/types\/product"}],"wp:featuredmedia":[{"embeddable":true,"href":"https:\/\/galicianparts.com\/shop\/wp-json\/wp\/v2\/media\/15670"}],"wp:attachment":[{"href":"https:\/\/galicianparts.com\/shop\/wp-json\/wp\/v2\/media?parent=15669"}],"wp:term":[{"taxonomy":"product_cat","embeddable":true,"href":"https:\/\/galicianparts.com\/shop\/wp-json\/wp\/v2\/product_cat?post=15669"},{"taxonomy":"product_tag","embeddable":true,"href":"https:\/\/galicianparts.com\/shop\/wp-json\/wp\/v2\/product_tag?post=15669"}],"curies":[{"name":"wp","href":"https:\/\/api.w.org\/{rel}","templated":true}]}}