{"id":15766,"date":"2021-03-08T12:44:06","date_gmt":"2021-03-08T10:44:06","guid":{"rendered":"https:\/\/galicianparts.com\/shop\/producto\/0k60a43400b-bomba-de-freno-kia-bongo-k2500-k2700-nuevo-iriginal\/"},"modified":"2022-12-27T13:48:42","modified_gmt":"2022-12-27T11:48:42","slug":"0k60a43400b-bomba-de-freno-kia-bongo-k2500-k2700-nuevo-iriginal","status":"publish","type":"product","link":"https:\/\/galicianparts.com\/shop\/producto\/0k60a43400b-bomba-de-freno-kia-bongo-k2500-k2700-nuevo-iriginal\/","title":{"rendered":"0K60A43400B Bomba de freno KIA Bongo \/ K2500 \/ K2700 NUEVO IRIGINAL"},"content":{"rendered":"<p>Cilindro maestro de:<br \/>\nKIA Bongo Cami\u00f3n de plataforma\/Chasis (A\u00f1o 09.1990 &#8211; 09.1999, 83 &#8211; 87 , Gas\u00f3leo)<br \/>\n 2.4 TD, A\u00f1o 09.1990 &#8211; 02.1997, 2417 , 87<br \/>\n 2.7 D, A\u00f1o 03.1997 &#8211; 09.1999, 2665 , 83<br \/>\nKIA K2500 Cami\u00f3n de plataforma\/Chasis (SD) (A\u00f1o 01.2003 &#8211; &#8230;, 94 , Gas\u00f3leo)<br \/>\n 2.5 D, A\u00f1o 01.2003 &#8211; &#8230;, 2476 , 94<br \/>\nKIA K2700 Cami\u00f3n de plataforma\/Chasis (K62W) (A\u00f1o 03.1997 &#8211; 09.1999, 83 , Gas\u00f3leo)<br \/>\n 2.7 D, A\u00f1o 03.1997 &#8211; 09.1999, 2665 , 83<br \/>\nKIA K2700 Cami\u00f3n de plataforma\/Chasis (SD) (A\u00f1o 10.1999 &#8211; &#8230;, 80 , Gas\u00f3leo)<br \/>\n 2.7 D, A\u00f1o 10.1999 &#8211; &#8230;, 2665 , 80<\/p>\n<p>LA PIEZA ES NUEVA Y ORIGINAL.<\/p>\n","protected":false},"excerpt":{"rendered":"<p>Cilindro maestro de: KIA Bongo Cami\u00f3n de plataforma\/Chasis (A\u00f1o 09.1990 &#8211; 09.1999, 83 &#8211; 87 , Gas\u00f3leo) 2.4 TD, A\u00f1o 09.1990 &#8211; 02.1997, 2417 , 87 2.7 D, A\u00f1o 03.1997 &#8211; 09.1999, 2665 , 83 KIA K2500 Cami\u00f3n de plataforma\/Chasis (SD) (A\u00f1o 01.2003 &#8211; &#8230;, 94 , Gas\u00f3leo) 2.5 D, A\u00f1o 01.2003 &#8211; &#8230;, 2476 [&hellip;]<\/p>\n","protected":false},"featured_media":15767,"template":"","meta":{"_seopress_robots_primary_cat":"","_seopress_titles_title":"","_seopress_titles_desc":"","_seopress_robots_index":""},"product_cat":[269,265,255,22],"product_tag":[],"class_list":{"0":"post-15766","1":"product","2":"type-product","3":"status-publish","4":"has-post-thumbnail","6":"product_cat-recambios-kia-bongo","7":"product_cat-recambios-kia-k2500","8":"product_cat-recambios-kia-k2700","9":"product_cat-recambios-kia","11":"first","12":"outofstock","13":"taxable","14":"shipping-taxable","15":"purchasable","16":"product-type-simple"},"_links":{"self":[{"href":"https:\/\/galicianparts.com\/shop\/wp-json\/wp\/v2\/product\/15766"}],"collection":[{"href":"https:\/\/galicianparts.com\/shop\/wp-json\/wp\/v2\/product"}],"about":[{"href":"https:\/\/galicianparts.com\/shop\/wp-json\/wp\/v2\/types\/product"}],"wp:featuredmedia":[{"embeddable":true,"href":"https:\/\/galicianparts.com\/shop\/wp-json\/wp\/v2\/media\/15767"}],"wp:attachment":[{"href":"https:\/\/galicianparts.com\/shop\/wp-json\/wp\/v2\/media?parent=15766"}],"wp:term":[{"taxonomy":"product_cat","embeddable":true,"href":"https:\/\/galicianparts.com\/shop\/wp-json\/wp\/v2\/product_cat?post=15766"},{"taxonomy":"product_tag","embeddable":true,"href":"https:\/\/galicianparts.com\/shop\/wp-json\/wp\/v2\/product_tag?post=15766"}],"curies":[{"name":"wp","href":"https:\/\/api.w.org\/{rel}","templated":true}]}}