{"id":15812,"date":"2021-03-08T14:51:33","date_gmt":"2021-03-08T12:51:33","guid":{"rendered":"https:\/\/galicianparts.com\/shop\/producto\/2632027000-filtro-de-aceite-kia-hyundai-original\/"},"modified":"2021-03-12T12:29:09","modified_gmt":"2021-03-12T10:29:09","slug":"2632027000-filtro-de-aceite-kia-hyundai-original","status":"publish","type":"product","link":"https:\/\/galicianparts.com\/shop\/producto\/2632027000-filtro-de-aceite-kia-hyundai-original\/","title":{"rendered":"2632027000 Filtro de Aceite KIA Hyundai ORIGINAL"},"content":{"rendered":"<p>Filtro de aceite de:<br \/>\nHYUNDAI Elantra III Hatchback (XD) (A\u00f1o 04.2001 &#8211; 07.2006, 113 , Gas\u00f3leo)<br \/>\nHYUNDAI Elantra III Berlina (XD) (A\u00f1o 04.2001 &#8211; 07.2006, 113 , Gas\u00f3leo)<br \/>\nHYUNDAI Santa Fe I (SM) (A\u00f1o 04.2001 &#8211; 03.2006, 113 &#8211; 145 , Gas\u00f3leo)<br \/>\nHYUNDAI Trajet (FO) (A\u00f1o 04.2001 &#8211; 07.2008, 113 &#8211; 125 , Gas\u00f3leo)<br \/>\nHYUNDAI Tucson (JM) (A\u00f1o 08.2004 &#8211; 03.2010, 113 &#8211; 140 , Gas\u00f3leo)<br \/>\nKIA Carens II (FJ) (A\u00f1o 07.2002 &#8211; &#8230;, 113 &#8211; 140 , Gas\u00f3leo)<br \/>\nKIA Cerato Hatchback (LD) (A\u00f1o 04.2004 &#8211; &#8230;, 112 , Gas\u00f3leo)<br \/>\nKIA Cerato Berlina (LD) (A\u00f1o 04.2004 &#8211; 05.2006, 112 , Gas\u00f3leo)<br \/>\nKIA Sportage II (JE, KM) (A\u00f1o 09.2004 &#8211; &#8230;, 113 , Gas\u00f3leo)<br \/>\n LA PIEZA ES NUEVA Y ORIGINAL.<\/p>\n","protected":false},"excerpt":{"rendered":"<p>Filtro de aceite de: HYUNDAI Elantra III Hatchback (XD) (A\u00f1o 04.2001 &#8211; 07.2006, 113 , Gas\u00f3leo) HYUNDAI Elantra III Berlina (XD) (A\u00f1o 04.2001 &#8211; 07.2006, 113 , Gas\u00f3leo) HYUNDAI Santa Fe I (SM) (A\u00f1o 04.2001 &#8211; 03.2006, 113 &#8211; 145 , Gas\u00f3leo) HYUNDAI Trajet (FO) (A\u00f1o 04.2001 &#8211; 07.2008, 113 &#8211; 125 , Gas\u00f3leo) HYUNDAI [&hellip;]<\/p>\n","protected":false},"featured_media":15813,"template":"","meta":{"_seopress_robots_primary_cat":"","_seopress_titles_title":"","_seopress_titles_desc":"","_seopress_robots_index":""},"product_cat":[212,257,285,271,22,303,217,307,272],"product_tag":[],"class_list":{"0":"post-15812","1":"product","2":"type-product","3":"status-publish","4":"has-post-thumbnail","6":"product_cat-recambios-kia-carens","7":"product_cat-recambios-kia-cerato","8":"product_cat-recambios-hyundai-elantra","9":"product_cat-recambios-hyundai","10":"product_cat-recambios-kia","11":"product_cat-recambios-hyundai-santa-fe","12":"product_cat-recambios-kia-sportage","13":"product_cat-recambios-hyundai-trajet","14":"product_cat-recambios-hyundai-tucson","16":"first","17":"instock","18":"taxable","19":"shipping-taxable","20":"purchasable","21":"product-type-simple"},"_links":{"self":[{"href":"https:\/\/galicianparts.com\/shop\/wp-json\/wp\/v2\/product\/15812"}],"collection":[{"href":"https:\/\/galicianparts.com\/shop\/wp-json\/wp\/v2\/product"}],"about":[{"href":"https:\/\/galicianparts.com\/shop\/wp-json\/wp\/v2\/types\/product"}],"wp:featuredmedia":[{"embeddable":true,"href":"https:\/\/galicianparts.com\/shop\/wp-json\/wp\/v2\/media\/15813"}],"wp:attachment":[{"href":"https:\/\/galicianparts.com\/shop\/wp-json\/wp\/v2\/media?parent=15812"}],"wp:term":[{"taxonomy":"product_cat","embeddable":true,"href":"https:\/\/galicianparts.com\/shop\/wp-json\/wp\/v2\/product_cat?post=15812"},{"taxonomy":"product_tag","embeddable":true,"href":"https:\/\/galicianparts.com\/shop\/wp-json\/wp\/v2\/product_tag?post=15812"}],"curies":[{"name":"wp","href":"https:\/\/api.w.org\/{rel}","templated":true}]}}