{"id":15818,"date":"2021-03-08T15:09:50","date_gmt":"2021-03-08T13:09:50","guid":{"rendered":"https:\/\/galicianparts.com\/shop\/producto\/0k72a32240a-rotula-direccion-kia-pregio-2-5cc-2-7cc-nuevo-original\/"},"modified":"2021-03-10T12:52:08","modified_gmt":"2021-03-10T10:52:08","slug":"0k72a32240a-rotula-direccion-kia-pregio-2-5cc-2-7cc-nuevo-original","status":"publish","type":"product","link":"https:\/\/galicianparts.com\/shop\/producto\/0k72a32240a-rotula-direccion-kia-pregio-2-5cc-2-7cc-nuevo-original\/","title":{"rendered":"0K72A32240A Rotula direcci\u00f3n KIA Pregio 2.5cc \/ 2.7cc NUEVO ORIGINAL"},"content":{"rendered":"<p>Rotula de la barra de direcci\u00f3n de:<br \/>\nKIA Pregio Bus (A\u00f1o 08.1995 &#8211; 09.2004, 94 , Gas\u00f3leo)<br \/>\n2.5 D, A\u00f1o 08.1995 &#8211; 09.2004, 2477 , 94<br \/>\nKIA Pregio Furg\u00f3n (TB) (A\u00f1o 10.1997 &#8211; &#8230;, 82 &#8211; 94 , Gas\u00f3leo)<br \/>\n2.5 TCi D, A\u00f1o 09.2002 &#8211; &#8230;, 2476 , 94<br \/>\n2.7 D, A\u00f1o 10.1997 &#8211; &#8230;, 2665 , 82<\/p>\n<p>LA PIEZA ES NUEVA Y ORIGINAL.<\/p>\n","protected":false},"excerpt":{"rendered":"<p>Rotula de la barra de direcci\u00f3n de: KIA Pregio Bus (A\u00f1o 08.1995 &#8211; 09.2004, 94 , Gas\u00f3leo) 2.5 D, A\u00f1o 08.1995 &#8211; 09.2004, 2477 , 94 KIA Pregio Furg\u00f3n (TB) (A\u00f1o 10.1997 &#8211; &#8230;, 82 &#8211; 94 , Gas\u00f3leo) 2.5 TCi D, A\u00f1o 09.2002 &#8211; &#8230;, 2476 , 94 2.7 D, A\u00f1o 10.1997 &#8211; &#8230;, [&hellip;]<\/p>\n","protected":false},"featured_media":15819,"template":"","meta":{"_seopress_robots_primary_cat":"","_seopress_titles_title":"","_seopress_titles_desc":"","_seopress_robots_index":""},"product_cat":[22,259],"product_tag":[],"class_list":{"0":"post-15818","1":"product","2":"type-product","3":"status-publish","4":"has-post-thumbnail","6":"product_cat-recambios-kia","7":"product_cat-recambios-kia-pregio","9":"first","10":"instock","11":"taxable","12":"shipping-taxable","13":"purchasable","14":"product-type-simple"},"_links":{"self":[{"href":"https:\/\/galicianparts.com\/shop\/wp-json\/wp\/v2\/product\/15818"}],"collection":[{"href":"https:\/\/galicianparts.com\/shop\/wp-json\/wp\/v2\/product"}],"about":[{"href":"https:\/\/galicianparts.com\/shop\/wp-json\/wp\/v2\/types\/product"}],"wp:featuredmedia":[{"embeddable":true,"href":"https:\/\/galicianparts.com\/shop\/wp-json\/wp\/v2\/media\/15819"}],"wp:attachment":[{"href":"https:\/\/galicianparts.com\/shop\/wp-json\/wp\/v2\/media?parent=15818"}],"wp:term":[{"taxonomy":"product_cat","embeddable":true,"href":"https:\/\/galicianparts.com\/shop\/wp-json\/wp\/v2\/product_cat?post=15818"},{"taxonomy":"product_tag","embeddable":true,"href":"https:\/\/galicianparts.com\/shop\/wp-json\/wp\/v2\/product_tag?post=15818"}],"curies":[{"name":"wp","href":"https:\/\/api.w.org\/{rel}","templated":true}]}}