{"id":15841,"date":"2021-03-08T20:44:23","date_gmt":"2021-03-08T18:44:23","guid":{"rendered":"https:\/\/galicianparts.com\/shop\/producto\/0k55111316-pinon-ciguenal-kia-carnival-sedona-2-9-tdi-1999-2005-nuevo-original\/"},"modified":"2021-03-08T20:50:30","modified_gmt":"2021-03-08T18:50:30","slug":"0k55111316-pinon-ciguenal-kia-carnival-sedona-2-9-tdi-1999-2005-nuevo-original","status":"publish","type":"product","link":"https:\/\/galicianparts.com\/shop\/producto\/0k55111316-pinon-ciguenal-kia-carnival-sedona-2-9-tdi-1999-2005-nuevo-original\/","title":{"rendered":"0K55111316 Pi\u00f1\u00f3n cig\u00fce\u00f1al Kia Carnival \/ Sedona 2.9 TDI (1999-2005) NUEVO ORIGINAL"},"content":{"rendered":"<p>Engranaje del cig\u00fce\u00f1al para la cadena de distribuci\u00f3n de:<br \/>\nKias Carnival \/ Sedona 2900cc TDI (1999-2005)<\/p>\n<p>LA PIEZA ES NUEVA Y ORIGINAL.<\/p>\n","protected":false},"excerpt":{"rendered":"<p>Engranaje del cig\u00fce\u00f1al para la cadena de distribuci\u00f3n de: Kias Carnival \/ Sedona 2900cc TDI (1999-2005) LA PIEZA ES NUEVA Y ORIGINAL.<\/p>\n","protected":false},"featured_media":15842,"template":"","meta":{"_seopress_robots_primary_cat":"","_seopress_titles_title":"","_seopress_titles_desc":"","_seopress_robots_index":""},"product_cat":[254,22,319],"product_tag":[],"class_list":{"0":"post-15841","1":"product","2":"type-product","3":"status-publish","4":"has-post-thumbnail","6":"product_cat-recambios-kia-carnival","7":"product_cat-recambios-kia","8":"product_cat-recambios-kia-sedona","10":"first","11":"instock","12":"taxable","13":"shipping-taxable","14":"purchasable","15":"product-type-simple"},"_links":{"self":[{"href":"https:\/\/galicianparts.com\/shop\/wp-json\/wp\/v2\/product\/15841"}],"collection":[{"href":"https:\/\/galicianparts.com\/shop\/wp-json\/wp\/v2\/product"}],"about":[{"href":"https:\/\/galicianparts.com\/shop\/wp-json\/wp\/v2\/types\/product"}],"wp:featuredmedia":[{"embeddable":true,"href":"https:\/\/galicianparts.com\/shop\/wp-json\/wp\/v2\/media\/15842"}],"wp:attachment":[{"href":"https:\/\/galicianparts.com\/shop\/wp-json\/wp\/v2\/media?parent=15841"}],"wp:term":[{"taxonomy":"product_cat","embeddable":true,"href":"https:\/\/galicianparts.com\/shop\/wp-json\/wp\/v2\/product_cat?post=15841"},{"taxonomy":"product_tag","embeddable":true,"href":"https:\/\/galicianparts.com\/shop\/wp-json\/wp\/v2\/product_tag?post=15841"}],"curies":[{"name":"wp","href":"https:\/\/api.w.org\/{rel}","templated":true}]}}