{"id":15922,"date":"2021-03-09T12:19:48","date_gmt":"2021-03-09T10:19:48","guid":{"rendered":"https:\/\/galicianparts.com\/shop\/producto\/0k72b26710a-cilindro-tambor-freno-trasero-izq-kia-bongo-k2500-k2700-pregio-nuevo-original\/"},"modified":"2024-10-25T00:48:33","modified_gmt":"2024-10-24T22:48:33","slug":"0k72b26710a-cilindro-tambor-freno-trasero-izq-kia-bongo-k2500-k2700-pregio-nuevo-original","status":"publish","type":"product","link":"https:\/\/galicianparts.com\/shop\/producto\/0k72b26710a-cilindro-tambor-freno-trasero-izq-kia-bongo-k2500-k2700-pregio-nuevo-original\/","title":{"rendered":"0K72B26710A Cilindro tambor freno trasero  IZQ. Kia Bongo \/ K2500 \/ K2700 \/ Pregio NUEVO ORIGINAL"},"content":{"rendered":"<p>Bomb\u00edn, cilindro del tambor de freno trasero izquierdo de:<br \/>\nKIA Bongo Cami\u00f3n de plataforma\/Chasis (A\u00f1o 09.1990 &#8211; 02.1997, 87 , Gas\u00f3leo)<br \/>\nKIA K2500 Cami\u00f3n de plataforma\/Chasis (SD) (A\u00f1o 01.2003 &#8211; &#8230;, 94 , Gas\u00f3leo)<br \/>\nKIA K2700 Cami\u00f3n de plataforma\/Chasis (SD) (A\u00f1o 10.1999 &#8211; &#8230;, 80 , Gas\u00f3leo)<br \/>\nKIA Pregio Bus (A\u00f1o 08.1995 &#8211; 09.2004, 94 , Gas\u00f3leo)<br \/>\nKIA Pregio Furg\u00f3n (TB) (A\u00f1o 10.1997 &#8211; &#8230;, 82 &#8211; 94 , Gas\u00f3leo)<\/p>\n<p>LA PIEZA ES NUEVA Y ORIGINAL.<\/p>\n","protected":false},"excerpt":{"rendered":"<p>Bomb\u00edn, cilindro del tambor de freno trasero izquierdo de: KIA Bongo Cami\u00f3n de plataforma\/Chasis (A\u00f1o 09.1990 &#8211; 02.1997, 87 , Gas\u00f3leo) KIA K2500 Cami\u00f3n de plataforma\/Chasis (SD) (A\u00f1o 01.2003 &#8211; &#8230;, 94 , Gas\u00f3leo) KIA K2700 Cami\u00f3n de plataforma\/Chasis (SD) (A\u00f1o 10.1999 &#8211; &#8230;, 80 , Gas\u00f3leo) KIA Pregio Bus (A\u00f1o 08.1995 &#8211; 09.2004, 94 [&hellip;]<\/p>\n","protected":false},"featured_media":15929,"template":"","meta":{"_seopress_robots_primary_cat":"","_seopress_titles_title":"","_seopress_titles_desc":"","_seopress_robots_index":""},"product_cat":[269,265,255,22,259],"product_tag":[],"class_list":{"0":"post-15922","1":"product","2":"type-product","3":"status-publish","4":"has-post-thumbnail","6":"product_cat-recambios-kia-bongo","7":"product_cat-recambios-kia-k2500","8":"product_cat-recambios-kia-k2700","9":"product_cat-recambios-kia","10":"product_cat-recambios-kia-pregio","12":"first","13":"outofstock","14":"taxable","15":"shipping-taxable","16":"purchasable","17":"product-type-simple"},"_links":{"self":[{"href":"https:\/\/galicianparts.com\/shop\/wp-json\/wp\/v2\/product\/15922"}],"collection":[{"href":"https:\/\/galicianparts.com\/shop\/wp-json\/wp\/v2\/product"}],"about":[{"href":"https:\/\/galicianparts.com\/shop\/wp-json\/wp\/v2\/types\/product"}],"wp:featuredmedia":[{"embeddable":true,"href":"https:\/\/galicianparts.com\/shop\/wp-json\/wp\/v2\/media\/15929"}],"wp:attachment":[{"href":"https:\/\/galicianparts.com\/shop\/wp-json\/wp\/v2\/media?parent=15922"}],"wp:term":[{"taxonomy":"product_cat","embeddable":true,"href":"https:\/\/galicianparts.com\/shop\/wp-json\/wp\/v2\/product_cat?post=15922"},{"taxonomy":"product_tag","embeddable":true,"href":"https:\/\/galicianparts.com\/shop\/wp-json\/wp\/v2\/product_tag?post=15922"}],"curies":[{"name":"wp","href":"https:\/\/api.w.org\/{rel}","templated":true}]}}