{"id":16097,"date":"2021-03-10T12:45:17","date_gmt":"2021-03-10T10:45:17","guid":{"rendered":"https:\/\/galicianparts.com\/shop\/producto\/414124z000-butee-embrague-kia-nuevo-original\/"},"modified":"2021-03-10T12:49:51","modified_gmt":"2021-03-10T10:49:51","slug":"414124z000-butee-embrague-kia-nuevo-original","status":"publish","type":"product","link":"https:\/\/galicianparts.com\/shop\/producto\/414124z000-butee-embrague-kia-nuevo-original\/","title":{"rendered":"414124Z000 Butee embrague KIA NUEVO ORIGINAL"},"content":{"rendered":"<p>Butee, rodamiento de presi\u00f3n de embrague de:<br \/>\nKIA Besta Furg\u00f3n (A\u00f1o 02.1996 &#8211; 12.2003, 65 , Gas\u00f3leo)<br \/>\nKIA Carens I (FC) (A\u00f1o 11.2000 &#8211; 07.2002, 110 , Gasolina)<br \/>\nKIA Carens II (FJ) (A\u00f1o 07.2002 &#8211; &#8230;, 126 , Gasolina)<br \/>\nKIA Carnival I (UP) (A\u00f1o 08.1999 &#8211; 10.2001, 126 , Gas\u00f3leo)<br \/>\nKIA Carnival I (GQ) (A\u00f1o 10.2001 &#8211; 06.2006, 144 , Gas\u00f3leo)<br \/>\nKIA Clarus Berlina (K9A) (A\u00f1o 07.1996 &#8211; 11.2001, 116 &#8211; 133 , Gasolina)<br \/>\nKIA Clarus Familiar (GC) (A\u00f1o 05.1998 &#8211; &#8230;, 116 &#8211; 133 , Gasolina)<br \/>\nKIA Pregio Furg\u00f3n (TB) (A\u00f1o 10.1997 &#8211; &#8230;, 82 , Gas\u00f3leo)<br \/>\nKIA Shuma I Hatchback (FB) (A\u00f1o 10.1997 &#8211; 03.2001, 110 , Gasolina)<br \/>\nKIA Shuma II Hatchback (FB) (A\u00f1o 04.2003 &#8211; 08.2004, 114 , Gasolina)<br \/>\nKIA Sorento I (JC) (A\u00f1o 08.2002 &#8211; &#8230;, 139 , Gasolina)<br \/>\nKIA Sportage I (K00, JA) (A\u00f1o 04.1994 &#8211; 08.2003, 83 &#8211; 128 , Gas\u00f3leo,Gasolina)<\/p>\n<p> LA PIEZA ES NUEVA Y ORIGINAL.<\/p>\n","protected":false},"excerpt":{"rendered":"<p>Butee, rodamiento de presi\u00f3n de embrague de: KIA Besta Furg\u00f3n (A\u00f1o 02.1996 &#8211; 12.2003, 65 , Gas\u00f3leo) KIA Carens I (FC) (A\u00f1o 11.2000 &#8211; 07.2002, 110 , Gasolina) KIA Carens II (FJ) (A\u00f1o 07.2002 &#8211; &#8230;, 126 , Gasolina) KIA Carnival I (UP) (A\u00f1o 08.1999 &#8211; 10.2001, 126 , Gas\u00f3leo) KIA Carnival I (GQ) (A\u00f1o [&hellip;]<\/p>\n","protected":false},"featured_media":16098,"template":"","meta":{"_seopress_robots_primary_cat":"","_seopress_titles_title":"","_seopress_titles_desc":"","_seopress_robots_index":""},"product_cat":[221,212,254,267,22,259,258,278,217],"product_tag":[],"class_list":{"0":"post-16097","1":"product","2":"type-product","3":"status-publish","4":"has-post-thumbnail","6":"product_cat-recambios-kia-besta","7":"product_cat-recambios-kia-carens","8":"product_cat-recambios-kia-carnival","9":"product_cat-recambios-kia-clarus","10":"product_cat-recambios-kia","11":"product_cat-recambios-kia-pregio","12":"product_cat-recambios-kia-shuma","13":"product_cat-recambios-kia-sorento","14":"product_cat-recambios-kia-sportage","16":"first","17":"instock","18":"taxable","19":"shipping-taxable","20":"purchasable","21":"product-type-simple"},"_links":{"self":[{"href":"https:\/\/galicianparts.com\/shop\/wp-json\/wp\/v2\/product\/16097"}],"collection":[{"href":"https:\/\/galicianparts.com\/shop\/wp-json\/wp\/v2\/product"}],"about":[{"href":"https:\/\/galicianparts.com\/shop\/wp-json\/wp\/v2\/types\/product"}],"wp:featuredmedia":[{"embeddable":true,"href":"https:\/\/galicianparts.com\/shop\/wp-json\/wp\/v2\/media\/16098"}],"wp:attachment":[{"href":"https:\/\/galicianparts.com\/shop\/wp-json\/wp\/v2\/media?parent=16097"}],"wp:term":[{"taxonomy":"product_cat","embeddable":true,"href":"https:\/\/galicianparts.com\/shop\/wp-json\/wp\/v2\/product_cat?post=16097"},{"taxonomy":"product_tag","embeddable":true,"href":"https:\/\/galicianparts.com\/shop\/wp-json\/wp\/v2\/product_tag?post=16097"}],"curies":[{"name":"wp","href":"https:\/\/api.w.org\/{rel}","templated":true}]}}