{"id":16102,"date":"2021-03-10T12:55:16","date_gmt":"2021-03-10T10:55:16","guid":{"rendered":"https:\/\/galicianparts.com\/shop\/producto\/313003e200-filtro-gasoil-fiat-punto-ducato-kia-sorento-citroen-peugeot-original\/"},"modified":"2021-03-10T12:58:25","modified_gmt":"2021-03-10T10:58:25","slug":"313003e200-filtro-gasoil-fiat-punto-ducato-kia-sorento-citroen-peugeot-original","status":"publish","type":"product","link":"https:\/\/galicianparts.com\/shop\/producto\/313003e200-filtro-gasoil-fiat-punto-ducato-kia-sorento-citroen-peugeot-original\/","title":{"rendered":"313003E200 Filtro gasoil Fiat Punto \/ Ducato \/ Kia Sorento \/ Citroen \/ Peugeot ORIGINAL"},"content":{"rendered":"<p>Filtro de combustible de:<br \/>\nCITRO\u00cbN Jumper I Bus (244) 2.8 HDi, A\u00f1o 04.2002 &#8211; &#8230;, 2798 , 128<br \/>\n2.8 HDi 4WD A\u00f1o 04.2002 &#8211; &#8230;, 2798 , 128<br \/>\nCITRO\u00cbN Jumper I Cami\u00f3n de plataforma\/Chasis (244) 2.8 HDi, A\u00f1o 04.2002 &#8211; &#8230;, 2798 , 128<br \/>\n2.8 HDi 4&#215;4, A\u00f1o 02.2002 &#8211; 06.2006, 2798 , 128<br \/>\nCITRO\u00cbN Jumper I Furg\u00f3n (230) 2.8 D, A\u00f1o 01.1999 &#8211; 02.2002, 2798 , 87<br \/>\nCITRO\u00cbN Jumper I Furg\u00f3n (244)<br \/>\n2.8 HDi, A\u00f1o 04.2002 &#8211; &#8230;, 2798 , 128<br \/>\n2.8 HDi 4&#215;4, A\u00f1o 04.2002 &#8211; &#8230;, 2798 , 128<br \/>\nFIAT Ducato II Bus (244) 2.8 JTD, A\u00f1o 04.2004 &#8211; 07.2006, 2800 , 145<br \/>\nFIAT Multipla (186)<br \/>\n1.9 JTD, A\u00f1o 04.2002 &#8211; 06.2010, 1910 , 120<br \/>\n1.9 JTD 110, A\u00f1o 03.2001 &#8211; 07.2002, 1910 , 110<br \/>\n1.9 JTD 115, A\u00f1o 07.2002 &#8211; 06.2010, 1910 , 115<br \/>\nFIAT Punto II Hatchback (188) 1.9 JTD, A\u00f1o 10.2001 &#8211; 03.2012, 1910 , 86<br \/>\nFIAT Punto II Van (188) 1.9 JTD, A\u00f1o 02.2000 &#8211; 10.2009, 1910 , 86<br \/>\nKIA Sorento I (JC) 2.5 CRDi, A\u00f1o 08.2002 &#8211; &#8230;, 2497 , 140<br \/>\nPEUGEOT Boxer Bus (230) 2.8 D, A\u00f1o 01.1999 &#8211; 02.2002, 2798 , 87<br \/>\nPEUGEOT Boxer Cami\u00f3n de plataforma\/Chasis (230) 2.8 D, A\u00f1o 01.1999 &#8211; 02.2002, 2798 , 87<br \/>\nPEUGEOT Boxer Furg\u00f3n (230) 2.8 D, A\u00f1o 01.1999 &#8211; 02.2002, 2798 , 87<\/p>\n<p>LA PIEZA ES NUEVA Y ORIGINAL.<\/p>\n","protected":false},"excerpt":{"rendered":"<p>Filtro de combustible de: CITRO\u00cbN Jumper I Bus (244) 2.8 HDi, A\u00f1o 04.2002 &#8211; &#8230;, 2798 , 128 2.8 HDi 4WD A\u00f1o 04.2002 &#8211; &#8230;, 2798 , 128 CITRO\u00cbN Jumper I Cami\u00f3n de plataforma\/Chasis (244) 2.8 HDi, A\u00f1o 04.2002 &#8211; &#8230;, 2798 , 128 2.8 HDi 4&#215;4, A\u00f1o 02.2002 &#8211; 06.2006, 2798 , 128 CITRO\u00cbN [&hellip;]<\/p>\n","protected":false},"featured_media":16103,"template":"","meta":{"_seopress_robots_primary_cat":"","_seopress_titles_title":"","_seopress_titles_desc":"","_seopress_robots_index":""},"product_cat":[155,23,88,20,137,22,96,24,101,278],"product_tag":[],"class_list":{"0":"post-16102","1":"product","2":"type-product","3":"status-publish","4":"has-post-thumbnail","6":"product_cat-recambios-peugeot-boxer","7":"product_cat-recambios-citroen","8":"product_cat-recambios-fiat-ducato","9":"product_cat-recambios-fiat","10":"product_cat-recambios-citroen-jumper","11":"product_cat-recambios-kia","12":"product_cat-recambios-fiat-multipla","13":"product_cat-recambios-peugeot","14":"product_cat-recambios-fiat-punto","15":"product_cat-recambios-kia-sorento","17":"first","18":"instock","19":"taxable","20":"shipping-taxable","21":"purchasable","22":"product-type-simple"},"_links":{"self":[{"href":"https:\/\/galicianparts.com\/shop\/wp-json\/wp\/v2\/product\/16102"}],"collection":[{"href":"https:\/\/galicianparts.com\/shop\/wp-json\/wp\/v2\/product"}],"about":[{"href":"https:\/\/galicianparts.com\/shop\/wp-json\/wp\/v2\/types\/product"}],"wp:featuredmedia":[{"embeddable":true,"href":"https:\/\/galicianparts.com\/shop\/wp-json\/wp\/v2\/media\/16103"}],"wp:attachment":[{"href":"https:\/\/galicianparts.com\/shop\/wp-json\/wp\/v2\/media?parent=16102"}],"wp:term":[{"taxonomy":"product_cat","embeddable":true,"href":"https:\/\/galicianparts.com\/shop\/wp-json\/wp\/v2\/product_cat?post=16102"},{"taxonomy":"product_tag","embeddable":true,"href":"https:\/\/galicianparts.com\/shop\/wp-json\/wp\/v2\/product_tag?post=16102"}],"curies":[{"name":"wp","href":"https:\/\/api.w.org\/{rel}","templated":true}]}}