{"id":16215,"date":"2021-03-11T12:59:13","date_gmt":"2021-03-11T10:59:13","guid":{"rendered":"https:\/\/galicianparts.com\/shop\/producto\/0k2ja3328za-kit-pastillas-freno-kia-cerato-soul-nuevo-original\/"},"modified":"2022-10-11T11:54:43","modified_gmt":"2022-10-11T09:54:43","slug":"0k2ja3328za-kit-pastillas-freno-kia-cerato-soul-nuevo-original","status":"publish","type":"product","link":"https:\/\/galicianparts.com\/shop\/producto\/0k2ja3328za-kit-pastillas-freno-kia-cerato-soul-nuevo-original\/","title":{"rendered":"0K2JA3328ZA Kit pastillas freno KIA Cerato \/ Soul NUEVO ORIGINAL"},"content":{"rendered":"<p>Juego, set de pastillas de freno con avisador ac\u00fastico de desgaste y chapa anti chirridos de:<br \/>\nKIA Cerato Koup (TD) (A\u00f1o 01.2009 &#8211; &#8230;, 156 , Gasolina)<br \/>\n2.0, A\u00f1o 01.2009 &#8211; &#8230;, 1998 , 156<br \/>\nKIA Cerato Berlina (LD) (A\u00f1o 05.2006 &#8211; 12.2009, 122 , Gasolina)<br \/>\n1.6, A\u00f1o 05.2006 &#8211; 12.2009, 1591 , 122<br \/>\nKIA Soul II (PS) (A\u00f1o 02.2014 &#8211; &#8230;, 126 &#8211; 136 , Gas\u00f3leo,Gasolina)<br \/>\n1.6 CRDi 128, A\u00f1o 02.2014 &#8211; &#8230;, 1582 , 126<br \/>\n1.6 CRDi 136, A\u00f1o 04.2015 &#8211; &#8230;, 1582 , 136<br \/>\n1.6 CVVT, A\u00f1o 07.2016 &#8211; &#8230;, 1591 , 129<br \/>\n1.6 GDI, A\u00f1o 02.2014 &#8211; &#8230;, 1591 , 132<\/p>\n<p>LA PIEZA ES NUEVA Y ORIGINAL.<\/p>\n","protected":false},"excerpt":{"rendered":"<p>Juego, set de pastillas de freno con avisador ac\u00fastico de desgaste y chapa anti chirridos de: KIA Cerato Koup (TD) (A\u00f1o 01.2009 &#8211; &#8230;, 156 , Gasolina) 2.0, A\u00f1o 01.2009 &#8211; &#8230;, 1998 , 156 KIA Cerato Berlina (LD) (A\u00f1o 05.2006 &#8211; 12.2009, 122 , Gasolina) 1.6, A\u00f1o 05.2006 &#8211; 12.2009, 1591 , 122 KIA [&hellip;]<\/p>\n","protected":false},"featured_media":16216,"template":"","meta":{"_seopress_robots_primary_cat":"","_seopress_titles_title":"","_seopress_titles_desc":"","_seopress_robots_index":""},"product_cat":[214,22,270],"product_tag":[],"class_list":{"0":"post-16215","1":"product","2":"type-product","3":"status-publish","4":"has-post-thumbnail","6":"product_cat-recambios-kia-cerato","7":"product_cat-recambios-kia","8":"product_cat-recambios-kia-soul","10":"first","11":"outofstock","12":"taxable","13":"shipping-taxable","14":"purchasable","15":"product-type-simple"},"_links":{"self":[{"href":"https:\/\/galicianparts.com\/shop\/wp-json\/wp\/v2\/product\/16215"}],"collection":[{"href":"https:\/\/galicianparts.com\/shop\/wp-json\/wp\/v2\/product"}],"about":[{"href":"https:\/\/galicianparts.com\/shop\/wp-json\/wp\/v2\/types\/product"}],"wp:featuredmedia":[{"embeddable":true,"href":"https:\/\/galicianparts.com\/shop\/wp-json\/wp\/v2\/media\/16216"}],"wp:attachment":[{"href":"https:\/\/galicianparts.com\/shop\/wp-json\/wp\/v2\/media?parent=16215"}],"wp:term":[{"taxonomy":"product_cat","embeddable":true,"href":"https:\/\/galicianparts.com\/shop\/wp-json\/wp\/v2\/product_cat?post=16215"},{"taxonomy":"product_tag","embeddable":true,"href":"https:\/\/galicianparts.com\/shop\/wp-json\/wp\/v2\/product_tag?post=16215"}],"curies":[{"name":"wp","href":"https:\/\/api.w.org\/{rel}","templated":true}]}}