{"id":16221,"date":"2021-03-11T13:26:31","date_gmt":"2021-03-11T11:26:31","guid":{"rendered":"https:\/\/galicianparts.com\/shop\/producto\/251244x000-junta-bomba-agua-kia-carnival-2-9-crdi-td-1999-2007-nuevo-original\/"},"modified":"2022-11-14T10:54:26","modified_gmt":"2022-11-14T08:54:26","slug":"251244x000-junta-bomba-agua-kia-carnival-2-9-crdi-td-1999-2007-nuevo-original","status":"publish","type":"product","link":"https:\/\/galicianparts.com\/shop\/producto\/251244x000-junta-bomba-agua-kia-carnival-2-9-crdi-td-1999-2007-nuevo-original\/","title":{"rendered":"251244X000 Junta bomba agua Kia Carnival 2.9 CRDi \/ TD  (1999-2007) NUEVO ORIGINAL"},"content":{"rendered":"<p>Junta de la bomba de agua de:<br \/>\nKIA Carnival I (GQ) (A\u00f1o 01.1999 &#8211; 09.2007, 126 &#8211; 144 , Gas\u00f3leo)<br \/>\n2.9 CRDi, A\u00f1o 10.2001 &#8211; 06.2006, 2902 , 144<br \/>\n2.9 TD, A\u00f1o 01.1999 &#8211; 09.2007, 2903 , 126<br \/>\n LA PIEZA ES NUEVA Y ORIGINAL.<\/p>\n","protected":false},"excerpt":{"rendered":"<p>Junta de la bomba de agua de: KIA Carnival I (GQ) (A\u00f1o 01.1999 &#8211; 09.2007, 126 &#8211; 144 , Gas\u00f3leo) 2.9 CRDi, A\u00f1o 10.2001 &#8211; 06.2006, 2902 , 144 2.9 TD, A\u00f1o 01.1999 &#8211; 09.2007, 2903 , 126 LA PIEZA ES NUEVA Y ORIGINAL.<\/p>\n","protected":false},"featured_media":16223,"template":"","meta":{"_seopress_robots_primary_cat":"","_seopress_titles_title":"","_seopress_titles_desc":"","_seopress_robots_index":""},"product_cat":[254,22],"product_tag":[],"class_list":{"0":"post-16221","1":"product","2":"type-product","3":"status-publish","4":"has-post-thumbnail","6":"product_cat-recambios-kia-carnival","7":"product_cat-recambios-kia","9":"first","10":"outofstock","11":"taxable","12":"shipping-taxable","13":"purchasable","14":"product-type-simple"},"_links":{"self":[{"href":"https:\/\/galicianparts.com\/shop\/wp-json\/wp\/v2\/product\/16221"}],"collection":[{"href":"https:\/\/galicianparts.com\/shop\/wp-json\/wp\/v2\/product"}],"about":[{"href":"https:\/\/galicianparts.com\/shop\/wp-json\/wp\/v2\/types\/product"}],"wp:featuredmedia":[{"embeddable":true,"href":"https:\/\/galicianparts.com\/shop\/wp-json\/wp\/v2\/media\/16223"}],"wp:attachment":[{"href":"https:\/\/galicianparts.com\/shop\/wp-json\/wp\/v2\/media?parent=16221"}],"wp:term":[{"taxonomy":"product_cat","embeddable":true,"href":"https:\/\/galicianparts.com\/shop\/wp-json\/wp\/v2\/product_cat?post=16221"},{"taxonomy":"product_tag","embeddable":true,"href":"https:\/\/galicianparts.com\/shop\/wp-json\/wp\/v2\/product_tag?post=16221"}],"curies":[{"name":"wp","href":"https:\/\/api.w.org\/{rel}","templated":true}]}}