{"id":16232,"date":"2021-03-11T13:36:35","date_gmt":"2021-03-11T11:36:35","guid":{"rendered":"https:\/\/galicianparts.com\/shop\/producto\/924703e050xx-catadioptrico-trasero-izquierdo-de-kia-sorento-2002-nuevo-original\/"},"modified":"2021-03-22T12:20:45","modified_gmt":"2021-03-22T10:20:45","slug":"924703e050xx-catadioptrico-trasero-izquierdo-de-kia-sorento-2002-nuevo-original","status":"publish","type":"product","link":"https:\/\/galicianparts.com\/shop\/producto\/924703e050xx-catadioptrico-trasero-izquierdo-de-kia-sorento-2002-nuevo-original\/","title":{"rendered":"924703E050XX Catadi\u00f3ptrico trasero izquierdo de KIA Sorento (2002-&#8230;) NUEVO ORIGINAL"},"content":{"rendered":"<p>Reflectante, catadi\u00f3ptrico trasero izquierdo de:<br \/>\nKIA Sorento I (JC) (A\u00f1o 08.2002 &#8211; &#8230;, 139 &#8211; 194 , Gas\u00f3leo,Gasolina)<br \/>\n2.4, A\u00f1o 08.2002 &#8211; &#8230;, 2351 , 139<br \/>\n2.5 CRDi, A\u00f1o 08.2002 &#8211; &#8230;, 2497 , 140<br \/>\n3.5 V6, A\u00f1o 08.2002 &#8211; &#8230;, 3497 , 194<\/p>\n<p> LA PIEZA ES NUEVA Y ORIGINAL.<\/p>\n","protected":false},"excerpt":{"rendered":"<p>Reflectante, catadi\u00f3ptrico trasero izquierdo de: KIA Sorento I (JC) (A\u00f1o 08.2002 &#8211; &#8230;, 139 &#8211; 194 , Gas\u00f3leo,Gasolina) 2.4, A\u00f1o 08.2002 &#8211; &#8230;, 2351 , 139 2.5 CRDi, A\u00f1o 08.2002 &#8211; &#8230;, 2497 , 140 3.5 V6, A\u00f1o 08.2002 &#8211; &#8230;, 3497 , 194 LA PIEZA ES NUEVA Y ORIGINAL.<\/p>\n","protected":false},"featured_media":16233,"template":"","meta":{"_seopress_robots_primary_cat":"","_seopress_titles_title":"","_seopress_titles_desc":"","_seopress_robots_index":""},"product_cat":[22,278],"product_tag":[],"class_list":{"0":"post-16232","1":"product","2":"type-product","3":"status-publish","4":"has-post-thumbnail","6":"product_cat-recambios-kia","7":"product_cat-recambios-kia-sorento","9":"first","10":"outofstock","11":"taxable","12":"shipping-taxable","13":"purchasable","14":"product-type-simple"},"_links":{"self":[{"href":"https:\/\/galicianparts.com\/shop\/wp-json\/wp\/v2\/product\/16232"}],"collection":[{"href":"https:\/\/galicianparts.com\/shop\/wp-json\/wp\/v2\/product"}],"about":[{"href":"https:\/\/galicianparts.com\/shop\/wp-json\/wp\/v2\/types\/product"}],"wp:featuredmedia":[{"embeddable":true,"href":"https:\/\/galicianparts.com\/shop\/wp-json\/wp\/v2\/media\/16233"}],"wp:attachment":[{"href":"https:\/\/galicianparts.com\/shop\/wp-json\/wp\/v2\/media?parent=16232"}],"wp:term":[{"taxonomy":"product_cat","embeddable":true,"href":"https:\/\/galicianparts.com\/shop\/wp-json\/wp\/v2\/product_cat?post=16232"},{"taxonomy":"product_tag","embeddable":true,"href":"https:\/\/galicianparts.com\/shop\/wp-json\/wp\/v2\/product_tag?post=16232"}],"curies":[{"name":"wp","href":"https:\/\/api.w.org\/{rel}","templated":true}]}}