{"id":16243,"date":"2021-03-11T13:53:16","date_gmt":"2021-03-11T11:53:16","guid":{"rendered":"https:\/\/galicianparts.com\/shop\/producto\/0s08334840-silentblock-brazo-suspension-delantero-kia-besta-bongo-k2500-k2700-nuevo-original\/"},"modified":"2021-03-11T13:54:15","modified_gmt":"2021-03-11T11:54:15","slug":"0s08334840-silentblock-brazo-suspension-delantero-kia-besta-bongo-k2500-k2700-nuevo-original","status":"publish","type":"product","link":"https:\/\/galicianparts.com\/shop\/producto\/0s08334840-silentblock-brazo-suspension-delantero-kia-besta-bongo-k2500-k2700-nuevo-original\/","title":{"rendered":"0S08334840 Silentblock brazo suspensi\u00f3n delantero KIA Besta \/ Bongo \/ K2500 \/ K2700 NUEVO ORIGINAL"},"content":{"rendered":"<p>Silentblock, trapecio del brazo oscilante de la suspensi\u00f3n de:<br \/>\nKIA Besta Furg\u00f3n (A\u00f1o 02.1996 &#8211; 12.2003, 65 , Gas\u00f3leo)<br \/>\nKIA Bongo III Cami\u00f3n de plataforma\/Chasis (A\u00f1o 10.2003 &#8211; &#8230;, 94 &#8211; 122 , Gas\u00f3leo)<br \/>\nKIA K2500 Cami\u00f3n de plataforma\/Chasis (SD) (A\u00f1o 01.2003 &#8211; &#8230;, 94 &#8211; 131 , Gas\u00f3leo)<br \/>\nKIA K2700 Cami\u00f3n de plataforma\/Chasis (A\u00f1o 01.2006 &#8211; &#8230;, 83 , Gas\u00f3leo)<br \/>\nKIA K2700 Cami\u00f3n de plataforma\/Chasis (SD) (A\u00f1o 10.1999 &#8211; &#8230;, 80 , Gas\u00f3leo)<\/p>\n<p>LA PIEZA ES NUEVA Y ORIGINAL.<\/p>\n","protected":false},"excerpt":{"rendered":"<p>Silentblock, trapecio del brazo oscilante de la suspensi\u00f3n de: KIA Besta Furg\u00f3n (A\u00f1o 02.1996 &#8211; 12.2003, 65 , Gas\u00f3leo) KIA Bongo III Cami\u00f3n de plataforma\/Chasis (A\u00f1o 10.2003 &#8211; &#8230;, 94 &#8211; 122 , Gas\u00f3leo) KIA K2500 Cami\u00f3n de plataforma\/Chasis (SD) (A\u00f1o 01.2003 &#8211; &#8230;, 94 &#8211; 131 , Gas\u00f3leo) KIA K2700 Cami\u00f3n de plataforma\/Chasis (A\u00f1o [&hellip;]<\/p>\n","protected":false},"featured_media":16244,"template":"","meta":{"_seopress_robots_primary_cat":"","_seopress_titles_title":"","_seopress_titles_desc":"","_seopress_robots_index":""},"product_cat":[221,269,265,255,22],"product_tag":[],"class_list":{"0":"post-16243","1":"product","2":"type-product","3":"status-publish","4":"has-post-thumbnail","6":"product_cat-recambios-kia-besta","7":"product_cat-recambios-kia-bongo","8":"product_cat-recambios-kia-k2500","9":"product_cat-recambios-kia-k2700","10":"product_cat-recambios-kia","12":"first","13":"instock","14":"taxable","15":"shipping-taxable","16":"purchasable","17":"product-type-simple"},"_links":{"self":[{"href":"https:\/\/galicianparts.com\/shop\/wp-json\/wp\/v2\/product\/16243"}],"collection":[{"href":"https:\/\/galicianparts.com\/shop\/wp-json\/wp\/v2\/product"}],"about":[{"href":"https:\/\/galicianparts.com\/shop\/wp-json\/wp\/v2\/types\/product"}],"wp:featuredmedia":[{"embeddable":true,"href":"https:\/\/galicianparts.com\/shop\/wp-json\/wp\/v2\/media\/16244"}],"wp:attachment":[{"href":"https:\/\/galicianparts.com\/shop\/wp-json\/wp\/v2\/media?parent=16243"}],"wp:term":[{"taxonomy":"product_cat","embeddable":true,"href":"https:\/\/galicianparts.com\/shop\/wp-json\/wp\/v2\/product_cat?post=16243"},{"taxonomy":"product_tag","embeddable":true,"href":"https:\/\/galicianparts.com\/shop\/wp-json\/wp\/v2\/product_tag?post=16243"}],"curies":[{"name":"wp","href":"https:\/\/api.w.org\/{rel}","templated":true}]}}