{"id":16364,"date":"2021-03-12T11:55:03","date_gmt":"2021-03-12T09:55:03","guid":{"rendered":"https:\/\/galicianparts.com\/shop\/producto\/0k2n16152x-filtro-habitaculo-kia-shuma-1997-2004-cerato-2004-2009-nuevo-original\/"},"modified":"2021-03-12T11:55:03","modified_gmt":"2021-03-12T09:55:03","slug":"0k2n16152x-filtro-habitaculo-kia-shuma-1997-2004-cerato-2004-2009-nuevo-original","status":"publish","type":"product","link":"https:\/\/galicianparts.com\/shop\/producto\/0k2n16152x-filtro-habitaculo-kia-shuma-1997-2004-cerato-2004-2009-nuevo-original\/","title":{"rendered":"0K2N16152X Filtro habit\u00e1culo KIA Shuma (1997-2004) Cerato (2004-2009) NUEVO ORIGINAL"},"content":{"rendered":"<p>Filtro de polen, particulas de:<br \/>\nKIA Cerato Berlina (LD) (A\u00f1o 04.2004 &#8211; 12.2009, 102 , Gasolina)<br \/>\n1.6, A\u00f1o 04.2004 &#8211; 12.2009, 1594 , 102<br \/>\nKIA Shuma I Hatchback (FB) (A\u00f1o 10.1997 &#8211; 12.2001, 88 &#8211; 110 , Gasolina)<br \/>\n1.5 i 16V, A\u00f1o 10.1997 &#8211; 03.2001, 1498 , 88<br \/>\n1.6, A\u00f1o 01.2001 &#8211; 12.2001, 1594 , 101<br \/>\n1.8 i 16V, A\u00f1o 10.1997 &#8211; 03.2001, 1793 , 110<br \/>\nKIA Shuma II Hatchback (FB) (A\u00f1o 05.2001 &#8211; 08.2004, 101 &#8211; 114 , Gasolina)<br \/>\n1.6, A\u00f1o 05.2001 &#8211; 08.2004, 1594 , 101<br \/>\n1.8, A\u00f1o 05.2001 &#8211; 06.2004, 1793 , 110<br \/>\n1.8, A\u00f1o 04.2003 &#8211; 08.2004, 1793 , 114<br \/>\nKIA Shuma II Berlina (FB) (A\u00f1o 05.2001 &#8211; 05.2004, 101 , Gasolina)<br \/>\n1.6, A\u00f1o 05.2001 &#8211; 05.2004, 1594 , 101<\/p>\n<p> LA PIEZA ES NUEVA Y ORIGINAL.<\/p>\n","protected":false},"excerpt":{"rendered":"<p>Filtro de polen, particulas de: KIA Cerato Berlina (LD) (A\u00f1o 04.2004 &#8211; 12.2009, 102 , Gasolina) 1.6, A\u00f1o 04.2004 &#8211; 12.2009, 1594 , 102 KIA Shuma I Hatchback (FB) (A\u00f1o 10.1997 &#8211; 12.2001, 88 &#8211; 110 , Gasolina) 1.5 i 16V, A\u00f1o 10.1997 &#8211; 03.2001, 1498 , 88 1.6, A\u00f1o 01.2001 &#8211; 12.2001, 1594 , [&hellip;]<\/p>\n","protected":false},"featured_media":0,"template":"","meta":{"_seopress_robots_primary_cat":"","_seopress_titles_title":"","_seopress_titles_desc":"","_seopress_robots_index":""},"product_cat":[214,22,258],"product_tag":[],"class_list":{"0":"post-16364","1":"product","2":"type-product","3":"status-publish","5":"product_cat-recambios-kia-cerato","6":"product_cat-recambios-kia","7":"product_cat-recambios-kia-shuma","9":"first","10":"instock","11":"taxable","12":"shipping-taxable","13":"purchasable","14":"product-type-simple"},"_links":{"self":[{"href":"https:\/\/galicianparts.com\/shop\/wp-json\/wp\/v2\/product\/16364"}],"collection":[{"href":"https:\/\/galicianparts.com\/shop\/wp-json\/wp\/v2\/product"}],"about":[{"href":"https:\/\/galicianparts.com\/shop\/wp-json\/wp\/v2\/types\/product"}],"wp:attachment":[{"href":"https:\/\/galicianparts.com\/shop\/wp-json\/wp\/v2\/media?parent=16364"}],"wp:term":[{"taxonomy":"product_cat","embeddable":true,"href":"https:\/\/galicianparts.com\/shop\/wp-json\/wp\/v2\/product_cat?post=16364"},{"taxonomy":"product_tag","embeddable":true,"href":"https:\/\/galicianparts.com\/shop\/wp-json\/wp\/v2\/product_tag?post=16364"}],"curies":[{"name":"wp","href":"https:\/\/api.w.org\/{rel}","templated":true}]}}