{"id":16365,"date":"2021-03-12T12:11:58","date_gmt":"2021-03-12T10:11:58","guid":{"rendered":"https:\/\/galicianparts.com\/shop\/producto\/0k2fa6152x-filtro-habitaculo-kia-carens-2000-original\/"},"modified":"2021-04-05T17:59:44","modified_gmt":"2021-04-05T15:59:44","slug":"0k2fa6152x-filtro-habitaculo-kia-carens-2000-original","status":"publish","type":"product","link":"https:\/\/galicianparts.com\/shop\/producto\/0k2fa6152x-filtro-habitaculo-kia-carens-2000-original\/","title":{"rendered":"0K2FA6152X Filtro habit\u00e1culo KIA Carens (2000-&#8230;) ORIGINAL"},"content":{"rendered":"<p>Filtro de polen, part\u00edculas de:<br \/>\nKIA Carens I (FC) (A\u00f1o 11.2000 &#8211; 07.2002, 110 , Gasolina)<br \/>\n1.8 i, A\u00f1o 11.2000 &#8211; 07.2002, 1793 , 110<br \/>\nKIA Carens II (FJ) (A\u00f1o 07.2002 &#8211; &#8230;, 105 &#8211; 139 , Gas\u00f3leo,Gasolina)<br \/>\n1.6, A\u00f1o 07.2002 &#8211; &#8230;, 1594 , 105<br \/>\n1.8, A\u00f1o 07.2002 &#8211; &#8230;, 1793 , 126<br \/>\n2.0 CRDi, A\u00f1o 07.2002 &#8211; &#8230;, 1991 , 113<br \/>\n2.0 CVVT, A\u00f1o 08.2004 &#8211; &#8230;, 1975 , 139<br \/>\n LA PIEZA ES NUEVA Y ORIGINAL.<\/p>\n","protected":false},"excerpt":{"rendered":"<p>Filtro de polen, part\u00edculas de: KIA Carens I (FC) (A\u00f1o 11.2000 &#8211; 07.2002, 110 , Gasolina) 1.8 i, A\u00f1o 11.2000 &#8211; 07.2002, 1793 , 110 KIA Carens II (FJ) (A\u00f1o 07.2002 &#8211; &#8230;, 105 &#8211; 139 , Gas\u00f3leo,Gasolina) 1.6, A\u00f1o 07.2002 &#8211; &#8230;, 1594 , 105 1.8, A\u00f1o 07.2002 &#8211; &#8230;, 1793 , 126 2.0 [&hellip;]<\/p>\n","protected":false},"featured_media":16366,"template":"","meta":{"_seopress_robots_primary_cat":"","_seopress_titles_title":"","_seopress_titles_desc":"","_seopress_robots_index":""},"product_cat":[212,22],"product_tag":[],"class_list":{"0":"post-16365","1":"product","2":"type-product","3":"status-publish","4":"has-post-thumbnail","6":"product_cat-recambios-kia-carens","7":"product_cat-recambios-kia","9":"first","10":"outofstock","11":"taxable","12":"shipping-taxable","13":"purchasable","14":"product-type-simple"},"_links":{"self":[{"href":"https:\/\/galicianparts.com\/shop\/wp-json\/wp\/v2\/product\/16365"}],"collection":[{"href":"https:\/\/galicianparts.com\/shop\/wp-json\/wp\/v2\/product"}],"about":[{"href":"https:\/\/galicianparts.com\/shop\/wp-json\/wp\/v2\/types\/product"}],"wp:featuredmedia":[{"embeddable":true,"href":"https:\/\/galicianparts.com\/shop\/wp-json\/wp\/v2\/media\/16366"}],"wp:attachment":[{"href":"https:\/\/galicianparts.com\/shop\/wp-json\/wp\/v2\/media?parent=16365"}],"wp:term":[{"taxonomy":"product_cat","embeddable":true,"href":"https:\/\/galicianparts.com\/shop\/wp-json\/wp\/v2\/product_cat?post=16365"},{"taxonomy":"product_tag","embeddable":true,"href":"https:\/\/galicianparts.com\/shop\/wp-json\/wp\/v2\/product_tag?post=16365"}],"curies":[{"name":"wp","href":"https:\/\/api.w.org\/{rel}","templated":true}]}}