{"id":16381,"date":"2021-03-12T12:41:33","date_gmt":"2021-03-12T10:41:33","guid":{"rendered":"https:\/\/galicianparts.com\/shop\/producto\/971332f000-filtro-habitaculo-kia-carnival-cerato-sorento-original\/"},"modified":"2022-04-20T16:39:19","modified_gmt":"2022-04-20T14:39:19","slug":"971332f000-filtro-habitaculo-kia-carnival-cerato-sorento-original","status":"publish","type":"product","link":"https:\/\/galicianparts.com\/shop\/producto\/971332f000-filtro-habitaculo-kia-carnival-cerato-sorento-original\/","title":{"rendered":"971332F000 Filtro habit\u00e1culo KIA Carnival \/ Cerato \/ Sorento ORIGINAL"},"content":{"rendered":"<p>Filtro particulas, polen de:<br \/>\nKIA Carnival \/ Grand Carnival II (VQ) (A\u00f1o 06.2006 &#8211; 06.2015, 150 &#8211; 197 , Gas\u00f3leo,Gasolina)<br \/>\nKIA Cerato Hatchback (LD) (A\u00f1o 04.2004 &#8211; 05.2007, 73 &#8211; 143 , Gas\u00f3leo,Gasolina)<br \/>\nKIA Cerato Berlina (LD) (A\u00f1o 04.2004 &#8211; 12.2009, 73 &#8211; 143 , Gas\u00f3leo,Gasolina)<br \/>\nKIA Sorento II (XM) (A\u00f1o 11.2009 &#8211; &#8230;, 150 &#8211; 278 , Gas\u00f3leo,Gasolina)<\/p>\n<p>LA PIEZA ES NUEVA Y ORIGINAL.<\/p>\n","protected":false},"excerpt":{"rendered":"<p>Filtro particulas, polen de: KIA Carnival \/ Grand Carnival II (VQ) (A\u00f1o 06.2006 &#8211; 06.2015, 150 &#8211; 197 , Gas\u00f3leo,Gasolina) KIA Cerato Hatchback (LD) (A\u00f1o 04.2004 &#8211; 05.2007, 73 &#8211; 143 , Gas\u00f3leo,Gasolina) KIA Cerato Berlina (LD) (A\u00f1o 04.2004 &#8211; 12.2009, 73 &#8211; 143 , Gas\u00f3leo,Gasolina) KIA Sorento II (XM) (A\u00f1o 11.2009 &#8211; &#8230;, 150 [&hellip;]<\/p>\n","protected":false},"featured_media":16382,"template":"","meta":{"_seopress_robots_primary_cat":"","_seopress_titles_title":"","_seopress_titles_desc":"","_seopress_robots_index":""},"product_cat":[254,214,22,278],"product_tag":[],"class_list":{"0":"post-16381","1":"product","2":"type-product","3":"status-publish","4":"has-post-thumbnail","6":"product_cat-recambios-kia-carnival","7":"product_cat-recambios-kia-cerato","8":"product_cat-recambios-kia","9":"product_cat-recambios-kia-sorento","11":"first","12":"outofstock","13":"taxable","14":"shipping-taxable","15":"purchasable","16":"product-type-simple"},"_links":{"self":[{"href":"https:\/\/galicianparts.com\/shop\/wp-json\/wp\/v2\/product\/16381"}],"collection":[{"href":"https:\/\/galicianparts.com\/shop\/wp-json\/wp\/v2\/product"}],"about":[{"href":"https:\/\/galicianparts.com\/shop\/wp-json\/wp\/v2\/types\/product"}],"wp:featuredmedia":[{"embeddable":true,"href":"https:\/\/galicianparts.com\/shop\/wp-json\/wp\/v2\/media\/16382"}],"wp:attachment":[{"href":"https:\/\/galicianparts.com\/shop\/wp-json\/wp\/v2\/media?parent=16381"}],"wp:term":[{"taxonomy":"product_cat","embeddable":true,"href":"https:\/\/galicianparts.com\/shop\/wp-json\/wp\/v2\/product_cat?post=16381"},{"taxonomy":"product_tag","embeddable":true,"href":"https:\/\/galicianparts.com\/shop\/wp-json\/wp\/v2\/product_tag?post=16381"}],"curies":[{"name":"wp","href":"https:\/\/api.w.org\/{rel}","templated":true}]}}