{"id":16472,"date":"2021-03-12T19:34:34","date_gmt":"2021-03-12T17:34:34","guid":{"rendered":"https:\/\/galicianparts.com\/shop\/producto\/0k71e23603-filtro-de-aire-kia-pregio-k2700-original\/"},"modified":"2021-03-12T19:37:34","modified_gmt":"2021-03-12T17:37:34","slug":"0k71e23603-filtro-de-aire-kia-pregio-k2700-original","status":"publish","type":"product","link":"https:\/\/galicianparts.com\/shop\/producto\/0k71e23603-filtro-de-aire-kia-pregio-k2700-original\/","title":{"rendered":"0K71E23603 Filtro de aire Kia Pregio \/ K2700 ORIGINAL"},"content":{"rendered":"<p>Filtro de aire, tiene la junta despegada como se ve en la foto de:<br \/>\nKIA K2700 Cami\u00f3n de plataforma\/Chasis (A\u00f1o 01.2006 &#8211; &#8230;, 83 CV, Gas\u00f3leo)<br \/>\n2.7 D, A\u00f1o 01.2006 &#8211; &#8230;, 2665 ccm, 83 CV<br \/>\nKIA K2700 Cami\u00f3n de plataforma\/Chasis (SD) (A\u00f1o 10.1999 &#8211; &#8230;, 80 CV, Gas\u00f3leo)<br \/>\n2.7 D, A\u00f1o 10.1999 &#8211; &#8230;, 2665 ccm, 80 CV<br \/>\nKIA Pregio Furg\u00f3n (TB) (A\u00f1o 10.1997 &#8211; &#8230;, 82 CV, Gas\u00f3leo)<br \/>\n2.7 D, A\u00f1o 10.1997 &#8211; &#8230;, 2665 ccm, 82 CV<\/p>\n<p>LA PIEZA ES ORIGINAL.<\/p>\n","protected":false},"excerpt":{"rendered":"<p>Filtro de aire, tiene la junta despegada como se ve en la foto de: KIA K2700 Cami\u00f3n de plataforma\/Chasis (A\u00f1o 01.2006 &#8211; &#8230;, 83 CV, Gas\u00f3leo) 2.7 D, A\u00f1o 01.2006 &#8211; &#8230;, 2665 ccm, 83 CV KIA K2700 Cami\u00f3n de plataforma\/Chasis (SD) (A\u00f1o 10.1999 &#8211; &#8230;, 80 CV, Gas\u00f3leo) 2.7 D, A\u00f1o 10.1999 &#8211; &#8230;, [&hellip;]<\/p>\n","protected":false},"featured_media":16473,"template":"","meta":{"_seopress_robots_primary_cat":"","_seopress_titles_title":"","_seopress_titles_desc":"","_seopress_robots_index":""},"product_cat":[255,22,259],"product_tag":[],"class_list":{"0":"post-16472","1":"product","2":"type-product","3":"status-publish","4":"has-post-thumbnail","6":"product_cat-recambios-kia-k2700","7":"product_cat-recambios-kia","8":"product_cat-recambios-kia-pregio","10":"first","11":"instock","12":"taxable","13":"shipping-taxable","14":"purchasable","15":"product-type-simple"},"_links":{"self":[{"href":"https:\/\/galicianparts.com\/shop\/wp-json\/wp\/v2\/product\/16472"}],"collection":[{"href":"https:\/\/galicianparts.com\/shop\/wp-json\/wp\/v2\/product"}],"about":[{"href":"https:\/\/galicianparts.com\/shop\/wp-json\/wp\/v2\/types\/product"}],"wp:featuredmedia":[{"embeddable":true,"href":"https:\/\/galicianparts.com\/shop\/wp-json\/wp\/v2\/media\/16473"}],"wp:attachment":[{"href":"https:\/\/galicianparts.com\/shop\/wp-json\/wp\/v2\/media?parent=16472"}],"wp:term":[{"taxonomy":"product_cat","embeddable":true,"href":"https:\/\/galicianparts.com\/shop\/wp-json\/wp\/v2\/product_cat?post=16472"},{"taxonomy":"product_tag","embeddable":true,"href":"https:\/\/galicianparts.com\/shop\/wp-json\/wp\/v2\/product_tag?post=16472"}],"curies":[{"name":"wp","href":"https:\/\/api.w.org\/{rel}","templated":true}]}}