{"id":16525,"date":"2021-03-15T12:30:19","date_gmt":"2021-03-15T10:30:19","guid":{"rendered":"https:\/\/galicianparts.com\/shop\/producto\/7568604-eje-pinon-marcha-atras-fiat-duna-fiorino-elba-uno-nuevo-original\/"},"modified":"2021-03-15T12:42:31","modified_gmt":"2021-03-15T10:42:31","slug":"7568604-eje-pinon-marcha-atras-fiat-duna-fiorino-elba-uno-nuevo-original","status":"publish","type":"product","link":"https:\/\/galicianparts.com\/shop\/producto\/7568604-eje-pinon-marcha-atras-fiat-duna-fiorino-elba-uno-nuevo-original\/","title":{"rendered":"7568604 Eje pi\u00f1\u00f3n marcha atr\u00e1s Fiat Duna \/ Fiorino \/ Elba \/ Uno NUEVO ORIGINAL"},"content":{"rendered":"<p>Bul\u00f3n, eje del pi\u00f1\u00f3n de la marcha atr\u00e1s de:<br \/>\nFIAT &#8211; 2B DUNA BENZINA\/DIESEL (1986-1990)<br \/>\nFIAT &#8211; XP ELBA 1300CC &#8211; 1500CC &#8211; 1697CC Diesel CSL (1991-1996)<br \/>\nFIAT &#8211; XR MILLE 1000CC (1994-1995)<br \/>\nFIAT &#8211; ML UNO CS (1988-1990)<br \/>\nFIAT PROFESSIONAL &#8211; 2M FIORINO (1991-1993)<br \/>\nFIAT PROFESSIONAL &#8211; 2N FIORINO 1301CC &#8211; 1375CC &#8211; 1697CC Diesel RL (1993-2000)<\/p>\n<p> LA PIEZA ES NUEVA Y ORIGINAL.<\/p>\n","protected":false},"excerpt":{"rendered":"<p>Bul\u00f3n, eje del pi\u00f1\u00f3n de la marcha atr\u00e1s de: FIAT &#8211; 2B DUNA BENZINA\/DIESEL (1986-1990) FIAT &#8211; XP ELBA 1300CC &#8211; 1500CC &#8211; 1697CC Diesel CSL (1991-1996) FIAT &#8211; XR MILLE 1000CC (1994-1995) FIAT &#8211; ML UNO CS (1988-1990) FIAT PROFESSIONAL &#8211; 2M FIORINO (1991-1993) FIAT PROFESSIONAL &#8211; 2N FIORINO 1301CC &#8211; 1375CC &#8211; 1697CC [&hellip;]<\/p>\n","protected":false},"featured_media":16526,"template":"","meta":{"_seopress_robots_primary_cat":"","_seopress_titles_title":"","_seopress_titles_desc":"","_seopress_robots_index":""},"product_cat":[89,90,20,91,114],"product_tag":[],"class_list":{"0":"post-16525","1":"product","2":"type-product","3":"status-publish","4":"has-post-thumbnail","6":"product_cat-recambios-fiat-duna","7":"product_cat-recambios-fiat-elba","8":"product_cat-recambios-fiat","9":"product_cat-recambios-fiat-fiorino","10":"product_cat-recambios-fiat-uno","12":"first","13":"instock","14":"taxable","15":"shipping-taxable","16":"purchasable","17":"product-type-simple"},"_links":{"self":[{"href":"https:\/\/galicianparts.com\/shop\/wp-json\/wp\/v2\/product\/16525"}],"collection":[{"href":"https:\/\/galicianparts.com\/shop\/wp-json\/wp\/v2\/product"}],"about":[{"href":"https:\/\/galicianparts.com\/shop\/wp-json\/wp\/v2\/types\/product"}],"wp:featuredmedia":[{"embeddable":true,"href":"https:\/\/galicianparts.com\/shop\/wp-json\/wp\/v2\/media\/16526"}],"wp:attachment":[{"href":"https:\/\/galicianparts.com\/shop\/wp-json\/wp\/v2\/media?parent=16525"}],"wp:term":[{"taxonomy":"product_cat","embeddable":true,"href":"https:\/\/galicianparts.com\/shop\/wp-json\/wp\/v2\/product_cat?post=16525"},{"taxonomy":"product_tag","embeddable":true,"href":"https:\/\/galicianparts.com\/shop\/wp-json\/wp\/v2\/product_tag?post=16525"}],"curies":[{"name":"wp","href":"https:\/\/api.w.org\/{rel}","templated":true}]}}