{"id":16555,"date":"2021-03-15T14:22:04","date_gmt":"2021-03-15T12:22:04","guid":{"rendered":"https:\/\/galicianparts.com\/shop\/producto\/0k63b33251a-disco-freno-kia-k2700-2-7d-1999-nuevo-original\/"},"modified":"2024-10-28T19:16:12","modified_gmt":"2024-10-28T17:16:12","slug":"0k63b33251a-disco-freno-kia-k2700-2-7d-1999-nuevo-original","status":"publish","type":"product","link":"https:\/\/galicianparts.com\/shop\/producto\/0k63b33251a-disco-freno-kia-k2700-2-7d-1999-nuevo-original\/","title":{"rendered":"0K63B33251A Disco freno delantero KIA K2700 2.7D (1999-&#8230;) NUEVO ORIGINAL"},"content":{"rendered":"<p>Disco de freno delantero ventilado de:<br \/>\nDi\u00e1metro exterior: 261mm<br \/>\nDi\u00e1metro interior: 93mm<br \/>\nEspesor: 24mm<\/p>\n<p>KIA K2700 Cami\u00f3n de plataforma\/Chasis (SD) (A\u00f1o 10.1999 &#8211; &#8230;, 80 , Gas\u00f3leo)<br \/>\n2.7 D, A\u00f1o 10.1999 &#8211; &#8230;, 2665 , 80<\/p>\n<p>LA PIEZA ES NUEVA Y ORIGINAL.<\/p>\n","protected":false},"excerpt":{"rendered":"<p>Disco de freno delantero ventilado de: Di\u00e1metro exterior: 261mm Di\u00e1metro interior: 93mm Espesor: 24mm KIA K2700 Cami\u00f3n de plataforma\/Chasis (SD) (A\u00f1o 10.1999 &#8211; &#8230;, 80 , Gas\u00f3leo) 2.7 D, A\u00f1o 10.1999 &#8211; &#8230;, 2665 , 80 LA PIEZA ES NUEVA Y ORIGINAL.<\/p>\n","protected":false},"featured_media":16556,"template":"","meta":{"_seopress_robots_primary_cat":"","_seopress_titles_title":"","_seopress_titles_desc":"","_seopress_robots_index":""},"product_cat":[255,22],"product_tag":[],"class_list":{"0":"post-16555","1":"product","2":"type-product","3":"status-publish","4":"has-post-thumbnail","6":"product_cat-recambios-kia-k2700","7":"product_cat-recambios-kia","9":"first","10":"outofstock","11":"taxable","12":"shipping-taxable","13":"purchasable","14":"product-type-simple"},"_links":{"self":[{"href":"https:\/\/galicianparts.com\/shop\/wp-json\/wp\/v2\/product\/16555"}],"collection":[{"href":"https:\/\/galicianparts.com\/shop\/wp-json\/wp\/v2\/product"}],"about":[{"href":"https:\/\/galicianparts.com\/shop\/wp-json\/wp\/v2\/types\/product"}],"wp:featuredmedia":[{"embeddable":true,"href":"https:\/\/galicianparts.com\/shop\/wp-json\/wp\/v2\/media\/16556"}],"wp:attachment":[{"href":"https:\/\/galicianparts.com\/shop\/wp-json\/wp\/v2\/media?parent=16555"}],"wp:term":[{"taxonomy":"product_cat","embeddable":true,"href":"https:\/\/galicianparts.com\/shop\/wp-json\/wp\/v2\/product_cat?post=16555"},{"taxonomy":"product_tag","embeddable":true,"href":"https:\/\/galicianparts.com\/shop\/wp-json\/wp\/v2\/product_tag?post=16555"}],"curies":[{"name":"wp","href":"https:\/\/api.w.org\/{rel}","templated":true}]}}