{"id":16570,"date":"2021-03-15T15:00:44","date_gmt":"2021-03-15T13:00:44","guid":{"rendered":"https:\/\/galicianparts.com\/shop\/producto\/251264a000-junta-bomba-agua-hyunday-h1-h100-h350-porter-kia-bongo-k2500-sorento-original\/"},"modified":"2021-03-15T15:02:05","modified_gmt":"2021-03-15T13:02:05","slug":"251264a000-junta-bomba-agua-hyunday-h1-h100-h350-porter-kia-bongo-k2500-sorento-original","status":"publish","type":"product","link":"https:\/\/galicianparts.com\/shop\/producto\/251264a000-junta-bomba-agua-hyunday-h1-h100-h350-porter-kia-bongo-k2500-sorento-original\/","title":{"rendered":"251264A000 Junta bomba agua Hyunday H1 \/ H100 \/ H350 \/ Porter KIA Bongo \/ K2500 \/ Sorento ORIGINAL"},"content":{"rendered":"<p>Junta de la bomba de agua de:<br \/>\nHYUNDAI H-1 \/ Starex MPV (A1) (A\u00f1o 12.2002 &#8211; 12.2007, 110 &#8211; 163 , Gas\u00f3leo)<br \/>\nHYUNDAI H-1 Cami\u00f3n de plataforma\/Chasis (A\u00f1o 12.2002 &#8211; 10.2005, 140 , Gas\u00f3leo)<br \/>\nHYUNDAI H-1 Cargo (TQ) (A\u00f1o 02.2008 &#8211; &#8230;, 110 &#8211; 170 , Gas\u00f3leo)<br \/>\nHYUNDAI H-1 Furg\u00f3n (A1) (A\u00f1o 07.2001 &#8211; 12.2007, 110 &#8211; 140 , Gas\u00f3leo)<br \/>\nHYUNDAI H-1 Travel (TQ) (A\u00f1o 02.2008 &#8211; &#8230;, 110 &#8211; 175 , Gas\u00f3leo)<br \/>\nHYUNDAI H350 Bus (A\u00f1o 04.2015 &#8211; &#8230;, 150 &#8211; 170 , Gas\u00f3leo)<br \/>\nHYUNDAI H350 Cami\u00f3n de plataforma\/Chasis (A\u00f1o 04.2015 &#8211; &#8230;, 150 &#8211; 170 , Gas\u00f3leo)<br \/>\nHYUNDAI H350 Furg\u00f3n (A\u00f1o 04.2015 &#8211; &#8230;, 150 &#8211; 170 , Gas\u00f3leo)<br \/>\nHYUNDAI H100 Cami\u00f3n de plataforma\/Chasis (CRDi) (A\u00f1o 01.2004 &#8211; &#8230;, 130 , Gas\u00f3leo)<br \/>\nHYUNDAI Porter Cami\u00f3n de plataforma\/Chasis (A\u00f1o 01.2012 &#8211; &#8230;, 135 , Gas\u00f3leo)<br \/>\nKIA Bongo III Cami\u00f3n de plataforma\/Chasis (A\u00f1o 01.2012 &#8211; &#8230;, 133 , Gas\u00f3leo)<br \/>\nKIA K2500 Cami\u00f3n de plataforma\/Chasis (SD) (A\u00f1o 01.2010 &#8211; &#8230;, 131 , Gas\u00f3leo)<br \/>\nKIA Sorento I (JC) (A\u00f1o 08.2002 &#8211; 12.2011, 140 &#8211; 178 , Gas\u00f3leo)<\/p>\n<p> LA PIEZA ES NUEVA Y ORIGINAL.<\/p>\n","protected":false},"excerpt":{"rendered":"<p>Junta de la bomba de agua de: HYUNDAI H-1 \/ Starex MPV (A1) (A\u00f1o 12.2002 &#8211; 12.2007, 110 &#8211; 163 , Gas\u00f3leo) HYUNDAI H-1 Cami\u00f3n de plataforma\/Chasis (A\u00f1o 12.2002 &#8211; 10.2005, 140 , Gas\u00f3leo) HYUNDAI H-1 Cargo (TQ) (A\u00f1o 02.2008 &#8211; &#8230;, 110 &#8211; 170 , Gas\u00f3leo) HYUNDAI H-1 Furg\u00f3n (A1) (A\u00f1o 07.2001 &#8211; 12.2007, [&hellip;]<\/p>\n","protected":false},"featured_media":16571,"template":"","meta":{"_seopress_robots_primary_cat":"","_seopress_titles_title":"","_seopress_titles_desc":"","_seopress_robots_index":""},"product_cat":[269,290,291,314,271,265,22,315,278],"product_tag":[],"class_list":{"0":"post-16570","1":"product","2":"type-product","3":"status-publish","4":"has-post-thumbnail","6":"product_cat-recambios-kia-bongo","7":"product_cat-recambios-hyundai-h1","8":"product_cat-recambios-hyundai-h100","9":"product_cat-recambios-hyundai-h350","10":"product_cat-recambios-hyundai","11":"product_cat-recambios-kia-k2500","12":"product_cat-recambios-kia","13":"product_cat-recambios-hyundai-porter","14":"product_cat-recambios-kia-sorento","16":"first","17":"instock","18":"taxable","19":"shipping-taxable","20":"purchasable","21":"product-type-simple"},"_links":{"self":[{"href":"https:\/\/galicianparts.com\/shop\/wp-json\/wp\/v2\/product\/16570"}],"collection":[{"href":"https:\/\/galicianparts.com\/shop\/wp-json\/wp\/v2\/product"}],"about":[{"href":"https:\/\/galicianparts.com\/shop\/wp-json\/wp\/v2\/types\/product"}],"wp:featuredmedia":[{"embeddable":true,"href":"https:\/\/galicianparts.com\/shop\/wp-json\/wp\/v2\/media\/16571"}],"wp:attachment":[{"href":"https:\/\/galicianparts.com\/shop\/wp-json\/wp\/v2\/media?parent=16570"}],"wp:term":[{"taxonomy":"product_cat","embeddable":true,"href":"https:\/\/galicianparts.com\/shop\/wp-json\/wp\/v2\/product_cat?post=16570"},{"taxonomy":"product_tag","embeddable":true,"href":"https:\/\/galicianparts.com\/shop\/wp-json\/wp\/v2\/product_tag?post=16570"}],"curies":[{"name":"wp","href":"https:\/\/api.w.org\/{rel}","templated":true}]}}