{"id":16637,"date":"2021-03-16T11:00:37","date_gmt":"2021-03-16T09:00:37","guid":{"rendered":"https:\/\/galicianparts.com\/shop\/producto\/12485180-conexion-electrica-8-vias-alfa-romeo-fiat-lancia-nuevo-original\/"},"modified":"2021-03-16T11:03:27","modified_gmt":"2021-03-16T09:03:27","slug":"12485180-conexion-electrica-8-vias-alfa-romeo-fiat-lancia-nuevo-original","status":"publish","type":"product","link":"https:\/\/galicianparts.com\/shop\/producto\/12485180-conexion-electrica-8-vias-alfa-romeo-fiat-lancia-nuevo-original\/","title":{"rendered":"12485180 Conexi\u00f3n el\u00e9ctrica 8 v\u00edas Alfa Romeo \/ Fiat \/ Lancia NUEVO ORIGINAL"},"content":{"rendered":"<p>Ficha, conexi\u00f3n el\u00e9ctrica de 8 pins de:<br \/>\nFIAT &#8211; 1V BRAVA BZ\/DS (1995-1998)<br \/>\nFIAT &#8211; 1M BRAVA G.98 BZ\/DS (1998-2001)<br \/>\nFIAT &#8211; 1U BRAVO BZ\/DS (1995-1998)<br \/>\nFIAT &#8211; 1L BRAVO G.98 BZ\/DS (1998-2001)<br \/>\nFIAT &#8211; PT MAREA BENZINA (1996-1999)<br \/>\nFIAT &#8211; 1Q MAREA BZ GAMMA&#8217;99 (1999-2002)<br \/>\nFIAT &#8211; PU MAREA DIESEL (1996-1999)<br \/>\nFIAT &#8211; 1R MAREA DS GAMMA&#8217;99 (1999-2002)<br \/>\nFIAT &#8211; NV PUNTO 55-60-75-90 (1993-1997)<br \/>\nFIAT &#8211; 1N PUNTO BZ (1999-2003)<br \/>\nFIAT &#8211; 1A PUNTO BZ. GAMMA &#8217;97 (1997-1999)<br \/>\nFIAT &#8211; PF PUNTO CABRIO (1994-1997)<br \/>\nFIAT &#8211; 1C PUNTO CABRIO GAMMA&#8217;97 (1997-2000)<br \/>\nFIAT &#8211; 1P PUNTO DS (1999-2003)<br \/>\nFIAT &#8211; 1E SEICENTO (1998-2010)<br \/>\nALFA ROMEO &#8211; T7 156 BENZINA (1997-2002)<br \/>\nALFA ROMEO &#8211; X1 156 M.Y.2002 BZ\/DS (2001-2005)<br \/>\nALFA ROMEO &#8211; T8 156 TD.ID. (1997-2002)<br \/>\nLANCIA &#8211; SX LYBRA BZ (1999-2005)<br \/>\nLANCIA &#8211; SY LYBRA DS (1999-2005)<br \/>\nLANCIA &#8211; SU Y (1995-2000)<br \/>\nLANCIA &#8211; TA Y FL.2000 (2000-2003)<\/p>\n<p> LA PIEZA ES NUEVA Y ORIGINAL.<\/p>\n","protected":false},"excerpt":{"rendered":"<p>Ficha, conexi\u00f3n el\u00e9ctrica de 8 pins de: FIAT &#8211; 1V BRAVA BZ\/DS (1995-1998) FIAT &#8211; 1M BRAVA G.98 BZ\/DS (1998-2001) FIAT &#8211; 1U BRAVO BZ\/DS (1995-1998) FIAT &#8211; 1L BRAVO G.98 BZ\/DS (1998-2001) FIAT &#8211; PT MAREA BENZINA (1996-1999) FIAT &#8211; 1Q MAREA BZ GAMMA&#8217;99 (1999-2002) FIAT &#8211; PU MAREA DIESEL (1996-1999) FIAT &#8211; 1R [&hellip;]<\/p>\n","protected":false},"featured_media":16638,"template":"","meta":{"_seopress_robots_primary_cat":"","_seopress_titles_title":"","_seopress_titles_desc":"","_seopress_robots_index":""},"product_cat":[49,16,81,82,20,21,120,95,101,106,127],"product_tag":[],"class_list":{"0":"post-16637","1":"product","2":"type-product","3":"status-publish","4":"has-post-thumbnail","6":"product_cat-recambios-alfa-romeo-156","7":"product_cat-recambios-alfa-romeo","8":"product_cat-recambios-fiat-brava","9":"product_cat-recambios-fiat-bravo","10":"product_cat-recambios-fiat","11":"product_cat-recambios-lancia","12":"product_cat-recambios-lancia-lybra","13":"product_cat-recambios-fiat-marea","14":"product_cat-recambios-fiat-punto","15":"product_cat-recambios-fiat-seicento","16":"product_cat-recambios-lancia-ypsilon","18":"first","19":"instock","20":"taxable","21":"shipping-taxable","22":"purchasable","23":"product-type-simple"},"_links":{"self":[{"href":"https:\/\/galicianparts.com\/shop\/wp-json\/wp\/v2\/product\/16637"}],"collection":[{"href":"https:\/\/galicianparts.com\/shop\/wp-json\/wp\/v2\/product"}],"about":[{"href":"https:\/\/galicianparts.com\/shop\/wp-json\/wp\/v2\/types\/product"}],"wp:featuredmedia":[{"embeddable":true,"href":"https:\/\/galicianparts.com\/shop\/wp-json\/wp\/v2\/media\/16638"}],"wp:attachment":[{"href":"https:\/\/galicianparts.com\/shop\/wp-json\/wp\/v2\/media?parent=16637"}],"wp:term":[{"taxonomy":"product_cat","embeddable":true,"href":"https:\/\/galicianparts.com\/shop\/wp-json\/wp\/v2\/product_cat?post=16637"},{"taxonomy":"product_tag","embeddable":true,"href":"https:\/\/galicianparts.com\/shop\/wp-json\/wp\/v2\/product_tag?post=16637"}],"curies":[{"name":"wp","href":"https:\/\/api.w.org\/{rel}","templated":true}]}}