{"id":16673,"date":"2021-03-16T12:43:56","date_gmt":"2021-03-16T10:43:56","guid":{"rendered":"https:\/\/galicianparts.com\/shop\/producto\/46449942-cable-borne-negativo-bateria-fiat-cinquecento-704cc-1992-1998-nuevo-original\/"},"modified":"2021-03-16T12:48:00","modified_gmt":"2021-03-16T10:48:00","slug":"46449942-cable-borne-negativo-bateria-fiat-cinquecento-704cc-1992-1998-nuevo-original","status":"publish","type":"product","link":"https:\/\/galicianparts.com\/shop\/producto\/46449942-cable-borne-negativo-bateria-fiat-cinquecento-704cc-1992-1998-nuevo-original\/","title":{"rendered":"46449942 Cable borne negativo bater\u00eda Fiat Cinquecento 704cc (1992-1998) NUEVO ORIGINAL"},"content":{"rendered":"<p>Cable el\u00e9ctrico, del borne negativo de la bater\u00eda de Fiat Cinquecento 704cc carburaci\u00f3n (1992-1998)<\/p>\n<p>LA PIEZA ES NUEVA Y ORIGINAL.<\/p>\n","protected":false},"excerpt":{"rendered":"<p>Cable el\u00e9ctrico, del borne negativo de la bater\u00eda de Fiat Cinquecento 704cc carburaci\u00f3n (1992-1998) LA PIEZA ES NUEVA Y ORIGINAL.<\/p>\n","protected":false},"featured_media":16674,"template":"","meta":{"_seopress_robots_primary_cat":"","_seopress_titles_title":"","_seopress_titles_desc":"","_seopress_robots_index":""},"product_cat":[84,20],"product_tag":[],"class_list":{"0":"post-16673","1":"product","2":"type-product","3":"status-publish","4":"has-post-thumbnail","6":"product_cat-recambios-fiat-cinquecento","7":"product_cat-recambios-fiat","9":"first","10":"instock","11":"taxable","12":"shipping-taxable","13":"purchasable","14":"product-type-simple"},"_links":{"self":[{"href":"https:\/\/galicianparts.com\/shop\/wp-json\/wp\/v2\/product\/16673"}],"collection":[{"href":"https:\/\/galicianparts.com\/shop\/wp-json\/wp\/v2\/product"}],"about":[{"href":"https:\/\/galicianparts.com\/shop\/wp-json\/wp\/v2\/types\/product"}],"wp:featuredmedia":[{"embeddable":true,"href":"https:\/\/galicianparts.com\/shop\/wp-json\/wp\/v2\/media\/16674"}],"wp:attachment":[{"href":"https:\/\/galicianparts.com\/shop\/wp-json\/wp\/v2\/media?parent=16673"}],"wp:term":[{"taxonomy":"product_cat","embeddable":true,"href":"https:\/\/galicianparts.com\/shop\/wp-json\/wp\/v2\/product_cat?post=16673"},{"taxonomy":"product_tag","embeddable":true,"href":"https:\/\/galicianparts.com\/shop\/wp-json\/wp\/v2\/product_tag?post=16673"}],"curies":[{"name":"wp","href":"https:\/\/api.w.org\/{rel}","templated":true}]}}