{"id":16780,"date":"2021-03-16T19:59:22","date_gmt":"2021-03-16T17:59:22","guid":{"rendered":"https:\/\/galicianparts.com\/shop\/producto\/99600339-corona-diferencial-57-dientes-fiat-lancia-original\/"},"modified":"2021-03-16T20:01:43","modified_gmt":"2021-03-16T18:01:43","slug":"99600339-corona-diferencial-57-dientes-fiat-lancia-original","status":"publish","type":"product","link":"https:\/\/galicianparts.com\/shop\/producto\/99600339-corona-diferencial-57-dientes-fiat-lancia-original\/","title":{"rendered":"99600339 Corona diferencial 57 dientes Fiat \/ Lancia ORIGINAL"},"content":{"rendered":"<p>Corona dentada del diferencial de Fiat \/ Lancia cl\u00e1sico de medidas:<br \/>\nDientes: 57<br \/>\nDi\u00e1metro exterior: 177mm<br \/>\nDi\u00e1metro interior: 103mm<\/p>\n<p>LA PIEZA ES NUEVA Y ORIGINAL.<\/p>\n","protected":false},"excerpt":{"rendered":"<p>Corona dentada del diferencial de Fiat \/ Lancia cl\u00e1sico de medidas: Dientes: 57 Di\u00e1metro exterior: 177mm Di\u00e1metro interior: 103mm LA PIEZA ES NUEVA Y ORIGINAL.<\/p>\n","protected":false},"featured_media":16781,"template":"","meta":{"_seopress_robots_primary_cat":"","_seopress_titles_title":"","_seopress_titles_desc":"","_seopress_robots_index":""},"product_cat":[16,20,21],"product_tag":[],"class_list":{"0":"post-16780","1":"product","2":"type-product","3":"status-publish","4":"has-post-thumbnail","6":"product_cat-recambios-alfa-romeo","7":"product_cat-recambios-fiat","8":"product_cat-recambios-lancia","10":"first","11":"instock","12":"taxable","13":"shipping-taxable","14":"purchasable","15":"product-type-simple"},"_links":{"self":[{"href":"https:\/\/galicianparts.com\/shop\/wp-json\/wp\/v2\/product\/16780"}],"collection":[{"href":"https:\/\/galicianparts.com\/shop\/wp-json\/wp\/v2\/product"}],"about":[{"href":"https:\/\/galicianparts.com\/shop\/wp-json\/wp\/v2\/types\/product"}],"wp:featuredmedia":[{"embeddable":true,"href":"https:\/\/galicianparts.com\/shop\/wp-json\/wp\/v2\/media\/16781"}],"wp:attachment":[{"href":"https:\/\/galicianparts.com\/shop\/wp-json\/wp\/v2\/media?parent=16780"}],"wp:term":[{"taxonomy":"product_cat","embeddable":true,"href":"https:\/\/galicianparts.com\/shop\/wp-json\/wp\/v2\/product_cat?post=16780"},{"taxonomy":"product_tag","embeddable":true,"href":"https:\/\/galicianparts.com\/shop\/wp-json\/wp\/v2\/product_tag?post=16780"}],"curies":[{"name":"wp","href":"https:\/\/api.w.org\/{rel}","templated":true}]}}