{"id":17014,"date":"2021-03-22T11:57:59","date_gmt":"2021-03-22T09:57:59","guid":{"rendered":"https:\/\/galicianparts.com\/shop\/producto\/182995380-espejo-retrovisor-conduccion-der-fiat-tempra-1989-1996-nuevo-original\/"},"modified":"2021-03-22T14:43:17","modified_gmt":"2021-03-22T12:43:17","slug":"182995380-espejo-retrovisor-conduccion-der-fiat-tempra-1989-1996-nuevo-original","status":"publish","type":"product","link":"https:\/\/galicianparts.com\/shop\/producto\/182995380-espejo-retrovisor-conduccion-der-fiat-tempra-1989-1996-nuevo-original\/","title":{"rendered":"182995380 Espejo retrovisor conducci\u00f3n DER. Fiat Tempra (1989-1996) NUEVO ORIGINAL"},"content":{"rendered":"<p>Espejo retrovisor el\u00e9ctrico color negro del lado derecho para modelos de conducci\u00f3n a la derecha de:<br \/>\nFIAT &#8211; MV TEMPRA 1370-1580 (1989-1993)<br \/>\nFIAT &#8211; MW TEMPRA 1750-2000 (1989-1993)<br \/>\nFIAT &#8211; MX TEMPRA DIESEL-TURBO D.(1989-1993)<br \/>\nFIAT &#8211; NY TEMPRA MAQ.93 1370-1580 (&#8217;93-&#8217;96)<br \/>\nFIAT &#8211; NZ TEMPRA MAQ.93 1750-2000 (&#8217;93-&#8217;96)<br \/>\nFIAT &#8211; NJ TEMPRA MQ.93 D-TD (1993-1996)<\/p>\n<p> LA PIEZA ES NUEVA Y ORIGINAL.<\/p>\n","protected":false},"excerpt":{"rendered":"<p>Espejo retrovisor el\u00e9ctrico color negro del lado derecho para modelos de conducci\u00f3n a la derecha de: FIAT &#8211; MV TEMPRA 1370-1580 (1989-1993) FIAT &#8211; MW TEMPRA 1750-2000 (1989-1993) FIAT &#8211; MX TEMPRA DIESEL-TURBO D.(1989-1993) FIAT &#8211; NY TEMPRA MAQ.93 1370-1580 (&#8217;93-&#8217;96) FIAT &#8211; NZ TEMPRA MAQ.93 1750-2000 (&#8217;93-&#8217;96) FIAT &#8211; NJ TEMPRA MQ.93 D-TD (1993-1996) [&hellip;]<\/p>\n","protected":false},"featured_media":17015,"template":"","meta":{"_seopress_robots_primary_cat":"","_seopress_titles_title":"","_seopress_titles_desc":"","_seopress_robots_index":""},"product_cat":[20,111],"product_tag":[],"class_list":{"0":"post-17014","1":"product","2":"type-product","3":"status-publish","4":"has-post-thumbnail","6":"product_cat-recambios-fiat","7":"product_cat-recambios-fiat-tempra","9":"first","10":"instock","11":"taxable","12":"shipping-taxable","13":"purchasable","14":"product-type-simple"},"_links":{"self":[{"href":"https:\/\/galicianparts.com\/shop\/wp-json\/wp\/v2\/product\/17014"}],"collection":[{"href":"https:\/\/galicianparts.com\/shop\/wp-json\/wp\/v2\/product"}],"about":[{"href":"https:\/\/galicianparts.com\/shop\/wp-json\/wp\/v2\/types\/product"}],"wp:featuredmedia":[{"embeddable":true,"href":"https:\/\/galicianparts.com\/shop\/wp-json\/wp\/v2\/media\/17015"}],"wp:attachment":[{"href":"https:\/\/galicianparts.com\/shop\/wp-json\/wp\/v2\/media?parent=17014"}],"wp:term":[{"taxonomy":"product_cat","embeddable":true,"href":"https:\/\/galicianparts.com\/shop\/wp-json\/wp\/v2\/product_cat?post=17014"},{"taxonomy":"product_tag","embeddable":true,"href":"https:\/\/galicianparts.com\/shop\/wp-json\/wp\/v2\/product_tag?post=17014"}],"curies":[{"name":"wp","href":"https:\/\/api.w.org\/{rel}","templated":true}]}}