{"id":17041,"date":"2021-03-22T13:42:08","date_gmt":"2021-03-22T11:42:08","guid":{"rendered":"https:\/\/galicianparts.com\/shop\/producto\/5983318-amortiguador-cremallera-direccion-lancia-delta-1-6cc-1986-1992-nuevo-original\/"},"modified":"2022-03-29T13:05:00","modified_gmt":"2022-03-29T11:05:00","slug":"5983318-amortiguador-cremallera-direccion-lancia-delta-1-6cc-1986-1992-nuevo-original","status":"publish","type":"product","link":"https:\/\/galicianparts.com\/shop\/producto\/5983318-amortiguador-cremallera-direccion-lancia-delta-1-6cc-1986-1992-nuevo-original\/","title":{"rendered":"5983318 Amortiguador cremallera direcci\u00f3n Lancia Delta 1.6 (1986-1992) NUEVO ORIGINAL"},"content":{"rendered":"<p>Amortiguador anti vibraci\u00f3n de la cremallera de direcci\u00f3n de:<br \/>\nLANCIA &#8211; TB DELTA R.86 1600CC MPI BZ (1986-1992)<\/p>\n<p>LA PIEZA ES NUEVA Y ORIGINAL.<\/p>\n","protected":false},"excerpt":{"rendered":"<p>Amortiguador anti vibraci\u00f3n de la cremallera de direcci\u00f3n de: LANCIA &#8211; TB DELTA R.86 1600CC MPI BZ (1986-1992) LA PIEZA ES NUEVA Y ORIGINAL.<\/p>\n","protected":false},"featured_media":17042,"template":"","meta":{"_seopress_robots_primary_cat":"","_seopress_titles_title":"","_seopress_titles_desc":"","_seopress_robots_index":""},"product_cat":[118,21],"product_tag":[],"class_list":{"0":"post-17041","1":"product","2":"type-product","3":"status-publish","4":"has-post-thumbnail","6":"product_cat-recambios-lancia-delta","7":"product_cat-recambios-lancia","9":"first","10":"outofstock","11":"taxable","12":"shipping-taxable","13":"purchasable","14":"product-type-simple"},"_links":{"self":[{"href":"https:\/\/galicianparts.com\/shop\/wp-json\/wp\/v2\/product\/17041"}],"collection":[{"href":"https:\/\/galicianparts.com\/shop\/wp-json\/wp\/v2\/product"}],"about":[{"href":"https:\/\/galicianparts.com\/shop\/wp-json\/wp\/v2\/types\/product"}],"wp:featuredmedia":[{"embeddable":true,"href":"https:\/\/galicianparts.com\/shop\/wp-json\/wp\/v2\/media\/17042"}],"wp:attachment":[{"href":"https:\/\/galicianparts.com\/shop\/wp-json\/wp\/v2\/media?parent=17041"}],"wp:term":[{"taxonomy":"product_cat","embeddable":true,"href":"https:\/\/galicianparts.com\/shop\/wp-json\/wp\/v2\/product_cat?post=17041"},{"taxonomy":"product_tag","embeddable":true,"href":"https:\/\/galicianparts.com\/shop\/wp-json\/wp\/v2\/product_tag?post=17041"}],"curies":[{"name":"wp","href":"https:\/\/api.w.org\/{rel}","templated":true}]}}