{"id":17095,"date":"2021-03-22T20:48:45","date_gmt":"2021-03-22T18:48:45","guid":{"rendered":"https:\/\/galicianparts.com\/shop\/producto\/0s08334136a-silent-block-brazo-oscilante-kia-besta-bongo-carnival-k2500-original\/"},"modified":"2024-12-23T15:22:53","modified_gmt":"2024-12-23T13:22:53","slug":"0s08334136a-silent-block-brazo-oscilante-kia-besta-bongo-carnival-k2500-original","status":"publish","type":"product","link":"https:\/\/galicianparts.com\/shop\/producto\/0s08334136a-silent-block-brazo-oscilante-kia-besta-bongo-carnival-k2500-original\/","title":{"rendered":"0S08334136A Silent block brazo oscilante Kia Besta \/ Bongo \/ Carnival \/ K2500 ORIGINAL"},"content":{"rendered":"<p>Silent block del trapecio de suspensi\u00f3n delantero de:<br \/>\nKIA Besta 2700cc (1995-2000)<br \/>\nKIA Bongo III Cami\u00f3n de plataforma\/Chasis (A\u00f1o 10.2003 &#8211; &#8230;, 122 , Gas\u00f3leo)<br \/>\n2.9 TDiC 4WD, A\u00f1o 10.2003 &#8211; &#8230;, 2902 , 122<br \/>\nKIA Carnival I (UP) (A\u00f1o 08.1999 &#8211; 10.2001, 126 &#8211; 165 , Gas\u00f3leo,Gasolina)<br \/>\n2.5 V6, A\u00f1o 08.1999 &#8211; 10.2001, 2497 , 165<br \/>\n2.9 TD, A\u00f1o 08.1999 &#8211; 10.2001, 2903 , 126<br \/>\nKIA Carnival I (GQ) (A\u00f1o 01.1999 &#8211; 09.2007, 126 &#8211; 150 , Gas\u00f3leo,Gasolina)<br \/>\n2.5 V6, A\u00f1o 10.2001 &#8211; 06.2006, 2497 , 150<br \/>\n2.9 CRDi, A\u00f1o 10.2001 &#8211; 06.2006, 2902 , 144<br \/>\n2.9 TD, A\u00f1o 01.1999 &#8211; 09.2007, 2903 , 126<br \/>\nKIA K2500 Cami\u00f3n de plataforma\/Chasis (SD) (A\u00f1o 01.2003 &#8211; &#8230;, 94 , Gas\u00f3leo)<br \/>\n2.5 D, A\u00f1o 01.2003 &#8211; &#8230;, 2476 , 94<\/p>\n<p>LA PIEZA ES NUEVA Y ORIGINAL.<\/p>\n","protected":false},"excerpt":{"rendered":"<p>Silent block del trapecio de suspensi\u00f3n delantero de: KIA Besta 2700cc (1995-2000) KIA Bongo III Cami\u00f3n de plataforma\/Chasis (A\u00f1o 10.2003 &#8211; &#8230;, 122 , Gas\u00f3leo) 2.9 TDiC 4WD, A\u00f1o 10.2003 &#8211; &#8230;, 2902 , 122 KIA Carnival I (UP) (A\u00f1o 08.1999 &#8211; 10.2001, 126 &#8211; 165 , Gas\u00f3leo,Gasolina) 2.5 V6, A\u00f1o 08.1999 &#8211; 10.2001, 2497 [&hellip;]<\/p>\n","protected":false},"featured_media":17096,"template":"","meta":{"_seopress_robots_primary_cat":"","_seopress_titles_title":"","_seopress_titles_desc":"","_seopress_robots_index":""},"product_cat":[221,269,254,265,22],"product_tag":[],"class_list":{"0":"post-17095","1":"product","2":"type-product","3":"status-publish","4":"has-post-thumbnail","6":"product_cat-recambios-kia-besta","7":"product_cat-recambios-kia-bongo","8":"product_cat-recambios-kia-carnival","9":"product_cat-recambios-kia-k2500","10":"product_cat-recambios-kia","12":"first","13":"outofstock","14":"taxable","15":"shipping-taxable","16":"purchasable","17":"product-type-simple"},"_links":{"self":[{"href":"https:\/\/galicianparts.com\/shop\/wp-json\/wp\/v2\/product\/17095"}],"collection":[{"href":"https:\/\/galicianparts.com\/shop\/wp-json\/wp\/v2\/product"}],"about":[{"href":"https:\/\/galicianparts.com\/shop\/wp-json\/wp\/v2\/types\/product"}],"wp:featuredmedia":[{"embeddable":true,"href":"https:\/\/galicianparts.com\/shop\/wp-json\/wp\/v2\/media\/17096"}],"wp:attachment":[{"href":"https:\/\/galicianparts.com\/shop\/wp-json\/wp\/v2\/media?parent=17095"}],"wp:term":[{"taxonomy":"product_cat","embeddable":true,"href":"https:\/\/galicianparts.com\/shop\/wp-json\/wp\/v2\/product_cat?post=17095"},{"taxonomy":"product_tag","embeddable":true,"href":"https:\/\/galicianparts.com\/shop\/wp-json\/wp\/v2\/product_tag?post=17095"}],"curies":[{"name":"wp","href":"https:\/\/api.w.org\/{rel}","templated":true}]}}